{"id":612,"date":"2021-08-18T19:14:30","date_gmt":"2021-08-19T00:14:30","guid":{"rendered":"https:\/\/tododebamboo.com\/mx\/?post_type=product&#038;p=612"},"modified":"2025-06-07T10:17:51","modified_gmt":"2025-06-07T15:17:51","slug":"jikugo-silla-suave-con-respaldo-desmontable-de-bambu-silla","status":"publish","type":"product","link":"https:\/\/tododebamboo.com\/mx\/producto\/jikugo-silla-suave-con-respaldo-desmontable-de-bambu-silla\/","title":{"rendered":"Jikugo Silla Suave Con Respaldo Desmontable De Bamb\u00fa Silla"},"content":{"rendered":"","protected":false},"excerpt":{"rendered":"<h1 class=\"a-size-base-plus a-text-bold\">Acerca de este art\u00edculo<\/h1>\n<ul class=\"a-unordered-list a-vertical a-spacing-mini\">\n<li>Por favor pregunte antes de ofertar para confirmar disponibilidad:<br \/>\nDETALLES:<br \/>\nSalud y protecci\u00f3n del medio ambiente: esta peque\u00f1a silla suave utiliza bamb\u00fa natural de Wuyishan Nan, barniz de salud de alta calidad, materiales de alta calidad, soporte de peso fuerte, buena dureza, resistencia, comodidad y durabilidad.Ideal para el hogar: la silla de bamb\u00fa es perfecta para sentarse en casa, cada silla mide 14.9 pulgadas de ancho x 12.95 pulgadas de profundidad x 19.68 pulgadas de altoUn taburete multiuso: esta silla de bamb\u00fa puede convertirse en una decoraci\u00f3n del hogar, se pueden utilizar m\u00faltiples escenas, almohadillas para los pies, taburete para cambiar zapatos, tambi\u00e9n se puede sacar, uso de campamento al aire libreEstructura de espiga y espiga: esta silla suave de bamb\u00fa est\u00e1 hecha de estructura avanzada de espiga y espiga, que mejora la durabilidad del producto mientras preserva la integridad del producto<\/p>\n<p>Almohadilla para pies cuidadosa: la parte inferior de la silla de bamb\u00fa tiene una almohadilla antideslizante silenciosa, antideslizante estable y protege el suelo para evitar la fricci\u00f3n, antideslizante eficaz.<\/p>\n<p>Garant\u00eda del vendedor: 1 meses<\/li>\n<\/ul>\n","protected":false},"featured_media":1105,"comment_status":"open","ping_status":"closed","template":"","meta":[],"product_cat":[53],"product_tag":[55,56,54],"class_list":{"0":"post-612","1":"product","2":"type-product","3":"status-publish","4":"has-post-thumbnail","6":"product_cat-sillas-de-bambu","7":"product_tag-productos-de-bambu","8":"product_tag-productos-de-bambu-en-mexico","9":"product_tag-sillas-de-bambu","11":"first","12":"instock","13":"shipping-taxable","14":"product-type-external"},"yoast_head":"<!-- This site is optimized with the Yoast SEO plugin v25.6 - https:\/\/yoast.com\/wordpress\/plugins\/seo\/ -->\n<title>Jikugo Silla Suave Con Respaldo Desmontable De Bamb\u00fa Silla - Todo de Bamboo<\/title>\n<meta name=\"description\" content=\"Descubre la comodidad y el estilo de nuestra silla de bamb\u00fa con respaldo desmontable, perfecta para espacios vers\u00e1tiles y sostenibles.\" \/>\n<meta name=\"robots\" content=\"noindex, follow\" \/>\n<meta property=\"og:locale\" content=\"es_ES\" \/>\n<meta property=\"og:type\" content=\"article\" \/>\n<meta property=\"og:title\" content=\"Jikugo Silla Suave Con Respaldo Desmontable De Bamb\u00fa Silla - Todo de Bamboo\" \/>\n<meta property=\"og:description\" content=\"Descubre la comodidad y el estilo de nuestra silla de bamb\u00fa con respaldo desmontable, perfecta para espacios vers\u00e1tiles y sostenibles.\" \/>\n<meta property=\"og:url\" content=\"https:\/\/tododebamboo.com\/mx\/producto\/jikugo-silla-suave-con-respaldo-desmontable-de-bambu-silla\/\" \/>\n<meta property=\"og:site_name\" content=\"Todo de Bamboo\" \/>\n<meta property=\"article:modified_time\" content=\"2025-06-07T15:17:51+00:00\" \/>\n<meta property=\"og:image\" content=\"https:\/\/tododebamboo.com\/mx\/wp-content\/uploads\/2021\/08\/Captura-de-pantalla-2024-08-12-a-las-13.22.38.png\" \/>\n\t<meta property=\"og:image:width\" content=\"872\" \/>\n\t<meta property=\"og:image:height\" content=\"866\" \/>\n\t<meta property=\"og:image:type\" content=\"image\/png\" \/>\n<meta name=\"twitter:card\" content=\"summary_large_image\" \/>\n<meta name=\"twitter:label1\" content=\"Tiempo de lectura\" \/>\n\t<meta name=\"twitter:data1\" content=\"1 minuto\" \/>\n<script type=\"application\/ld+json\" class=\"yoast-schema-graph\">{\"@context\":\"https:\/\/schema.org\",\"@graph\":[{\"@type\":\"WebPage\",\"@id\":\"https:\/\/tododebamboo.com\/mx\/producto\/jikugo-silla-suave-con-respaldo-desmontable-de-bambu-silla\/\",\"url\":\"https:\/\/tododebamboo.com\/mx\/producto\/jikugo-silla-suave-con-respaldo-desmontable-de-bambu-silla\/\",\"name\":\"Jikugo Silla Suave Con Respaldo Desmontable De Bamb\u00fa Silla - Todo de Bamboo\",\"isPartOf\":{\"@id\":\"https:\/\/tododebamboo.com\/mx\/#website\"},\"primaryImageOfPage\":{\"@id\":\"https:\/\/tododebamboo.com\/mx\/producto\/jikugo-silla-suave-con-respaldo-desmontable-de-bambu-silla\/#primaryimage\"},\"image\":{\"@id\":\"https:\/\/tododebamboo.com\/mx\/producto\/jikugo-silla-suave-con-respaldo-desmontable-de-bambu-silla\/#primaryimage\"},\"thumbnailUrl\":\"https:\/\/tododebamboo.com\/mx\/wp-content\/uploads\/2021\/08\/Captura-de-pantalla-2024-08-12-a-las-13.22.38.png\",\"datePublished\":\"2021-08-19T00:14:30+00:00\",\"dateModified\":\"2025-06-07T15:17:51+00:00\",\"description\":\"Descubre la comodidad y el estilo de nuestra silla de bamb\u00fa con respaldo desmontable, perfecta para espacios vers\u00e1tiles y sostenibles.\",\"breadcrumb\":{\"@id\":\"https:\/\/tododebamboo.com\/mx\/producto\/jikugo-silla-suave-con-respaldo-desmontable-de-bambu-silla\/#breadcrumb\"},\"inLanguage\":\"es\",\"potentialAction\":[{\"@type\":\"ReadAction\",\"target\":[\"https:\/\/tododebamboo.com\/mx\/producto\/jikugo-silla-suave-con-respaldo-desmontable-de-bambu-silla\/\"]}]},{\"@type\":\"ImageObject\",\"inLanguage\":\"es\",\"@id\":\"https:\/\/tododebamboo.com\/mx\/producto\/jikugo-silla-suave-con-respaldo-desmontable-de-bambu-silla\/#primaryimage\",\"url\":\"https:\/\/tododebamboo.com\/mx\/wp-content\/uploads\/2021\/08\/Captura-de-pantalla-2024-08-12-a-las-13.22.38.png\",\"contentUrl\":\"https:\/\/tododebamboo.com\/mx\/wp-content\/uploads\/2021\/08\/Captura-de-pantalla-2024-08-12-a-las-13.22.38.png\",\"width\":872,\"height\":866,\"caption\":\"silla de bamb\u00fa\"},{\"@type\":\"BreadcrumbList\",\"@id\":\"https:\/\/tododebamboo.com\/mx\/producto\/jikugo-silla-suave-con-respaldo-desmontable-de-bambu-silla\/#breadcrumb\",\"itemListElement\":[{\"@type\":\"ListItem\",\"position\":1,\"name\":\"Portada\",\"item\":\"https:\/\/tododebamboo.com\/mx\/\"},{\"@type\":\"ListItem\",\"position\":2,\"name\":\"Tienda\",\"item\":\"https:\/\/tododebamboo.com\/mx\/tienda\/\"},{\"@type\":\"ListItem\",\"position\":3,\"name\":\"Jikugo Silla Suave Con Respaldo Desmontable De Bamb\u00fa Silla\"}]},{\"@type\":\"WebSite\",\"@id\":\"https:\/\/tododebamboo.com\/mx\/#website\",\"url\":\"https:\/\/tododebamboo.com\/mx\/\",\"name\":\"Todo de Bamboo\",\"description\":\"Tienda de Art\u00edculos de Bamboo\",\"publisher\":{\"@id\":\"https:\/\/tododebamboo.com\/mx\/#organization\"},\"potentialAction\":[{\"@type\":\"SearchAction\",\"target\":{\"@type\":\"EntryPoint\",\"urlTemplate\":\"https:\/\/tododebamboo.com\/mx\/?s={search_term_string}\"},\"query-input\":{\"@type\":\"PropertyValueSpecification\",\"valueRequired\":true,\"valueName\":\"search_term_string\"}}],\"inLanguage\":\"es\"},{\"@type\":\"Organization\",\"@id\":\"https:\/\/tododebamboo.com\/mx\/#organization\",\"name\":\"Todo de Bamboo\",\"url\":\"https:\/\/tododebamboo.com\/mx\/\",\"logo\":{\"@type\":\"ImageObject\",\"inLanguage\":\"es\",\"@id\":\"https:\/\/tododebamboo.com\/mx\/#\/schema\/logo\/image\/\",\"url\":\"https:\/\/tododebamboo.com\/mx\/wp-content\/uploads\/2021\/06\/logo-final.png\",\"contentUrl\":\"https:\/\/tododebamboo.com\/mx\/wp-content\/uploads\/2021\/06\/logo-final.png\",\"width\":3745,\"height\":2352,\"caption\":\"Todo de Bamboo\"},\"image\":{\"@id\":\"https:\/\/tododebamboo.com\/mx\/#\/schema\/logo\/image\/\"}}]}<\/script>\n<!-- \/ Yoast SEO plugin. -->","yoast_head_json":{"title":"Jikugo Silla Suave Con Respaldo Desmontable De Bamb\u00fa Silla - Todo de Bamboo","description":"Descubre la comodidad y el estilo de nuestra silla de bamb\u00fa con respaldo desmontable, perfecta para espacios vers\u00e1tiles y sostenibles.","robots":{"index":"noindex","follow":"follow"},"og_locale":"es_ES","og_type":"article","og_title":"Jikugo Silla Suave Con Respaldo Desmontable De Bamb\u00fa Silla - Todo de Bamboo","og_description":"Descubre la comodidad y el estilo de nuestra silla de bamb\u00fa con respaldo desmontable, perfecta para espacios vers\u00e1tiles y sostenibles.","og_url":"https:\/\/tododebamboo.com\/mx\/producto\/jikugo-silla-suave-con-respaldo-desmontable-de-bambu-silla\/","og_site_name":"Todo de Bamboo","article_modified_time":"2025-06-07T15:17:51+00:00","og_image":[{"width":872,"height":866,"url":"https:\/\/tododebamboo.com\/mx\/wp-content\/uploads\/2021\/08\/Captura-de-pantalla-2024-08-12-a-las-13.22.38.png","type":"image\/png"}],"twitter_card":"summary_large_image","twitter_misc":{"Tiempo de lectura":"1 minuto"},"schema":{"@context":"https:\/\/schema.org","@graph":[{"@type":"WebPage","@id":"https:\/\/tododebamboo.com\/mx\/producto\/jikugo-silla-suave-con-respaldo-desmontable-de-bambu-silla\/","url":"https:\/\/tododebamboo.com\/mx\/producto\/jikugo-silla-suave-con-respaldo-desmontable-de-bambu-silla\/","name":"Jikugo Silla Suave Con Respaldo Desmontable De Bamb\u00fa Silla - Todo de Bamboo","isPartOf":{"@id":"https:\/\/tododebamboo.com\/mx\/#website"},"primaryImageOfPage":{"@id":"https:\/\/tododebamboo.com\/mx\/producto\/jikugo-silla-suave-con-respaldo-desmontable-de-bambu-silla\/#primaryimage"},"image":{"@id":"https:\/\/tododebamboo.com\/mx\/producto\/jikugo-silla-suave-con-respaldo-desmontable-de-bambu-silla\/#primaryimage"},"thumbnailUrl":"https:\/\/tododebamboo.com\/mx\/wp-content\/uploads\/2021\/08\/Captura-de-pantalla-2024-08-12-a-las-13.22.38.png","datePublished":"2021-08-19T00:14:30+00:00","dateModified":"2025-06-07T15:17:51+00:00","description":"Descubre la comodidad y el estilo de nuestra silla de bamb\u00fa con respaldo desmontable, perfecta para espacios vers\u00e1tiles y sostenibles.","breadcrumb":{"@id":"https:\/\/tododebamboo.com\/mx\/producto\/jikugo-silla-suave-con-respaldo-desmontable-de-bambu-silla\/#breadcrumb"},"inLanguage":"es","potentialAction":[{"@type":"ReadAction","target":["https:\/\/tododebamboo.com\/mx\/producto\/jikugo-silla-suave-con-respaldo-desmontable-de-bambu-silla\/"]}]},{"@type":"ImageObject","inLanguage":"es","@id":"https:\/\/tododebamboo.com\/mx\/producto\/jikugo-silla-suave-con-respaldo-desmontable-de-bambu-silla\/#primaryimage","url":"https:\/\/tododebamboo.com\/mx\/wp-content\/uploads\/2021\/08\/Captura-de-pantalla-2024-08-12-a-las-13.22.38.png","contentUrl":"https:\/\/tododebamboo.com\/mx\/wp-content\/uploads\/2021\/08\/Captura-de-pantalla-2024-08-12-a-las-13.22.38.png","width":872,"height":866,"caption":"silla de bamb\u00fa"},{"@type":"BreadcrumbList","@id":"https:\/\/tododebamboo.com\/mx\/producto\/jikugo-silla-suave-con-respaldo-desmontable-de-bambu-silla\/#breadcrumb","itemListElement":[{"@type":"ListItem","position":1,"name":"Portada","item":"https:\/\/tododebamboo.com\/mx\/"},{"@type":"ListItem","position":2,"name":"Tienda","item":"https:\/\/tododebamboo.com\/mx\/tienda\/"},{"@type":"ListItem","position":3,"name":"Jikugo Silla Suave Con Respaldo Desmontable De Bamb\u00fa Silla"}]},{"@type":"WebSite","@id":"https:\/\/tododebamboo.com\/mx\/#website","url":"https:\/\/tododebamboo.com\/mx\/","name":"Todo de Bamboo","description":"Tienda de Art\u00edculos de Bamboo","publisher":{"@id":"https:\/\/tododebamboo.com\/mx\/#organization"},"potentialAction":[{"@type":"SearchAction","target":{"@type":"EntryPoint","urlTemplate":"https:\/\/tododebamboo.com\/mx\/?s={search_term_string}"},"query-input":{"@type":"PropertyValueSpecification","valueRequired":true,"valueName":"search_term_string"}}],"inLanguage":"es"},{"@type":"Organization","@id":"https:\/\/tododebamboo.com\/mx\/#organization","name":"Todo de Bamboo","url":"https:\/\/tododebamboo.com\/mx\/","logo":{"@type":"ImageObject","inLanguage":"es","@id":"https:\/\/tododebamboo.com\/mx\/#\/schema\/logo\/image\/","url":"https:\/\/tododebamboo.com\/mx\/wp-content\/uploads\/2021\/06\/logo-final.png","contentUrl":"https:\/\/tododebamboo.com\/mx\/wp-content\/uploads\/2021\/06\/logo-final.png","width":3745,"height":2352,"caption":"Todo de Bamboo"},"image":{"@id":"https:\/\/tododebamboo.com\/mx\/#\/schema\/logo\/image\/"}}]}},"_links":{"self":[{"href":"https:\/\/tododebamboo.com\/mx\/wp-json\/wp\/v2\/product\/612"}],"collection":[{"href":"https:\/\/tododebamboo.com\/mx\/wp-json\/wp\/v2\/product"}],"about":[{"href":"https:\/\/tododebamboo.com\/mx\/wp-json\/wp\/v2\/types\/product"}],"replies":[{"embeddable":true,"href":"https:\/\/tododebamboo.com\/mx\/wp-json\/wp\/v2\/comments?post=612"}],"wp:featuredmedia":[{"embeddable":true,"href":"https:\/\/tododebamboo.com\/mx\/wp-json\/wp\/v2\/media\/1105"}],"wp:attachment":[{"href":"https:\/\/tododebamboo.com\/mx\/wp-json\/wp\/v2\/media?parent=612"}],"wp:term":[{"taxonomy":"product_cat","embeddable":true,"href":"https:\/\/tododebamboo.com\/mx\/wp-json\/wp\/v2\/product_cat?post=612"},{"taxonomy":"product_tag","embeddable":true,"href":"https:\/\/tododebamboo.com\/mx\/wp-json\/wp\/v2\/product_tag?post=612"}],"curies":[{"name":"wp","href":"https:\/\/api.w.org\/{rel}","templated":true}]}}