{"id":602,"date":"2021-08-18T19:02:40","date_gmt":"2021-08-19T00:02:40","guid":{"rendered":"https:\/\/tododebamboo.com\/mx\/?post_type=product&#038;p=602"},"modified":"2024-08-13T12:50:23","modified_gmt":"2024-08-13T17:50:23","slug":"sillas-de-director-de-jardin-plegables-2-pza-de-bambu-azul","status":"publish","type":"product","link":"https:\/\/tododebamboo.com\/mx\/producto\/sillas-de-director-de-jardin-plegables-2-pza-de-bambu-azul\/","title":{"rendered":"Sillas De Director De Jardin Plegables 2 Pza De Bamb\u00fa Azul"},"content":{"rendered":"","protected":false},"excerpt":{"rendered":"<h1 class=\"a-size-base-plus a-text-bold\">Acerca de este art\u00edculo<\/h1>\n<div class=\"ui-pdp-container__row\">\n<div class=\"ui-pdp-container__col col-1 ui-pdp-with--separator ui-pdp-with--separator--40\">\n<section class=\"ui-vpp-highlighted-specs pl-45 pr-45\">\n<div class=\"ui-pdp-container__row ui-pdp-container__row--technical-specifications\">\n<div class=\"ui-pdp-collapsable ui-vpp-highlighted-specs__striped-collapsed__action\">\n<div class=\"ui-pdp-collapsable__container\">\n<div class=\"ui-vpp-highlighted-specs__striped-specs\">\n<div class=\"ui-vpp-striped-specs\">\n<div class=\"ui-vpp-striped-specs__table\">\n<h3 class=\"ui-vpp-striped-specs__header\">Caracter\u00edsticas principales<\/h3>\n<table class=\"andes-table\">\n<tbody class=\"andes-table__body\">\n<tr class=\"andes-table__row ui-vpp-striped-specs__row\">\n<th class=\"andes-table__header andes-table__header--left ui-vpp-striped-specs__row__column ui-vpp-striped-specs__row__column--id\" scope=\"row\">\n<div class=\"andes-table__header__container\">Marca<\/div>\n<\/th>\n<td id=\":R55tashc4um:\" class=\"andes-table__column andes-table__column--left andes-table__column--vertical-align-center ui-vpp-striped-specs__row__column\"><span id=\":R55tashc4um:-value\" class=\"andes-table__column--value\">vidaXL<\/span><\/td>\n<\/tr>\n<tr class=\"andes-table__row ui-vpp-striped-specs__row\">\n<th class=\"andes-table__header andes-table__header--left ui-vpp-striped-specs__row__column ui-vpp-striped-specs__row__column--id\" scope=\"row\">\n<div class=\"andes-table__header__container\">Modelo<\/div>\n<\/th>\n<td id=\":R56tashc4um:\" class=\"andes-table__column andes-table__column--left andes-table__column--vertical-align-center ui-vpp-striped-specs__row__column\"><span id=\":R56tashc4um:-value\" class=\"andes-table__column--value\">313030<\/span><\/td>\n<\/tr>\n<tr class=\"andes-table__row ui-vpp-striped-specs__row\">\n<th class=\"andes-table__header andes-table__header--left ui-vpp-striped-specs__row__column ui-vpp-striped-specs__row__column--id\" scope=\"row\">\n<div class=\"andes-table__header__container\">Color<\/div>\n<\/th>\n<td id=\":R57tashc4um:\" class=\"andes-table__column andes-table__column--left andes-table__column--vertical-align-center ui-vpp-striped-specs__row__column\"><span id=\":R57tashc4um:-value\" class=\"andes-table__column--value\">Azul<\/span><\/td>\n<\/tr>\n<\/tbody>\n<\/table>\n<\/div>\n<\/div>\n<div class=\"ui-vpp-striped-specs\">\n<div class=\"ui-vpp-striped-specs__table\">\n<h3 class=\"ui-vpp-striped-specs__header\">Otros<\/h3>\n<table class=\"andes-table\">\n<tbody class=\"andes-table__body\">\n<tr class=\"andes-table__row ui-vpp-striped-specs__row\">\n<th class=\"andes-table__header andes-table__header--left ui-vpp-striped-specs__row__column ui-vpp-striped-specs__row__column--id\" scope=\"row\">\n<div class=\"andes-table__header__container\">Es plegable<\/div>\n<\/th>\n<td id=\":R2jtishc4um:\" class=\"andes-table__column andes-table__column--left andes-table__column--vertical-align-center ui-vpp-striped-specs__row__column\"><span id=\":R2jtishc4um:-value\" class=\"andes-table__column--value\">S\u00ed<\/span><\/td>\n<\/tr>\n<\/tbody>\n<\/table>\n<\/div>\n<\/div>\n<\/div>\n<\/div>\n<\/div>\n<\/div>\n<\/section>\n<\/div>\n<\/div>\n<div class=\"ui-pdp-container__row\">\n<div class=\"ui-pdp-container__col col-1 ui-pdp-with--separator ui-pdp-with--separator--40\"><\/div>\n<\/div>\n<div class=\"ui-pdp-container__row\">\n<div class=\"ui-pdp-container__col col-1\">\n<div class=\"ui-pdp-collapsable ui-pdp-description-collapse\">\n<div class=\"ui-pdp-collapsable__container\">\n<div class=\"ui-pdp-description pl-45 pr-45 ui-pdp-collapsable--is-collapsed\">\n<h2 class=\"ui-pdp-description__title\">Descripci\u00f3n<\/h2>\n<p class=\"ui-pdp-description__content\">Descubre el confort y la elegancia con nuestras Sillas De Director De Jard\u00edn Plegables de 2 piezas, fabricadas con bamb\u00fa de alta calidad y tela resistente en un vibrante color azul. Estas sillas, de la reconocida marca vidaXL, son perfectas para cualquier espacio al aire libre, ya sea en tu jard\u00edn, terraza o balc\u00f3n. Su dise\u00f1o plegable permite un f\u00e1cil almacenamiento y transporte, mientras que los apoyabrazos integrados proporcionan un extra de comodidad. El modelo 313030 garantiza durabilidad y estilo, siendo una opci\u00f3n ideal para quienes buscan funcionalidad y est\u00e9tica en un solo producto. Disfruta de momentos de relajaci\u00f3n con estas sillas nuevas y vers\u00e1tiles.<\/p>\n<\/div>\n<\/div>\n<\/div>\n<\/div>\n<\/div>\n","protected":false},"featured_media":1118,"comment_status":"open","ping_status":"closed","template":"","meta":[],"product_cat":[53],"product_tag":[55,56,54],"class_list":{"0":"post-602","1":"product","2":"type-product","3":"status-publish","4":"has-post-thumbnail","6":"product_cat-sillas-de-bambu","7":"product_tag-productos-de-bambu","8":"product_tag-productos-de-bambu-en-mexico","9":"product_tag-sillas-de-bambu","11":"first","12":"instock","13":"shipping-taxable","14":"product-type-external"},"yoast_head":"<!-- This site is optimized with the Yoast SEO plugin v25.6 - https:\/\/yoast.com\/wordpress\/plugins\/seo\/ -->\n<title>Sillas De Director De Jardin Plegables 2 Pza De Bamb\u00fa Azul - Todo de Bamboo<\/title>\n<meta name=\"description\" content=\"A\u00f1ade un toque de frescura con nuestras sillas de director de bamb\u00fa color azul, perfectas para un estilo natural y vibrante.\" \/>\n<meta name=\"robots\" content=\"noindex, follow\" \/>\n<meta property=\"og:locale\" content=\"es_ES\" \/>\n<meta property=\"og:type\" content=\"article\" \/>\n<meta property=\"og:title\" content=\"Sillas De Director De Jardin Plegables 2 Pza De Bamb\u00fa Azul - Todo de Bamboo\" \/>\n<meta property=\"og:description\" content=\"A\u00f1ade un toque de frescura con nuestras sillas de director de bamb\u00fa color azul, perfectas para un estilo natural y vibrante.\" \/>\n<meta property=\"og:url\" content=\"https:\/\/tododebamboo.com\/mx\/producto\/sillas-de-director-de-jardin-plegables-2-pza-de-bambu-azul\/\" \/>\n<meta property=\"og:site_name\" content=\"Todo de Bamboo\" \/>\n<meta property=\"article:modified_time\" content=\"2024-08-13T17:50:23+00:00\" \/>\n<meta property=\"og:image\" content=\"https:\/\/tododebamboo.com\/mx\/wp-content\/uploads\/2021\/08\/Captura-de-pantalla-2024-08-12-a-las-13.41.29.png\" \/>\n\t<meta property=\"og:image:width\" content=\"842\" \/>\n\t<meta property=\"og:image:height\" content=\"876\" \/>\n\t<meta property=\"og:image:type\" content=\"image\/png\" \/>\n<meta name=\"twitter:card\" content=\"summary_large_image\" \/>\n<meta name=\"twitter:label1\" content=\"Tiempo de lectura\" \/>\n\t<meta name=\"twitter:data1\" content=\"1 minuto\" \/>\n<script type=\"application\/ld+json\" class=\"yoast-schema-graph\">{\"@context\":\"https:\/\/schema.org\",\"@graph\":[{\"@type\":\"WebPage\",\"@id\":\"https:\/\/tododebamboo.com\/mx\/producto\/sillas-de-director-de-jardin-plegables-2-pza-de-bambu-azul\/\",\"url\":\"https:\/\/tododebamboo.com\/mx\/producto\/sillas-de-director-de-jardin-plegables-2-pza-de-bambu-azul\/\",\"name\":\"Sillas De Director De Jardin Plegables 2 Pza De Bamb\u00fa Azul - Todo de Bamboo\",\"isPartOf\":{\"@id\":\"https:\/\/tododebamboo.com\/mx\/#website\"},\"primaryImageOfPage\":{\"@id\":\"https:\/\/tododebamboo.com\/mx\/producto\/sillas-de-director-de-jardin-plegables-2-pza-de-bambu-azul\/#primaryimage\"},\"image\":{\"@id\":\"https:\/\/tododebamboo.com\/mx\/producto\/sillas-de-director-de-jardin-plegables-2-pza-de-bambu-azul\/#primaryimage\"},\"thumbnailUrl\":\"https:\/\/tododebamboo.com\/mx\/wp-content\/uploads\/2021\/08\/Captura-de-pantalla-2024-08-12-a-las-13.41.29.png\",\"datePublished\":\"2021-08-19T00:02:40+00:00\",\"dateModified\":\"2024-08-13T17:50:23+00:00\",\"description\":\"A\u00f1ade un toque de frescura con nuestras sillas de director de bamb\u00fa color azul, perfectas para un estilo natural y vibrante.\",\"breadcrumb\":{\"@id\":\"https:\/\/tododebamboo.com\/mx\/producto\/sillas-de-director-de-jardin-plegables-2-pza-de-bambu-azul\/#breadcrumb\"},\"inLanguage\":\"es\",\"potentialAction\":[{\"@type\":\"ReadAction\",\"target\":[\"https:\/\/tododebamboo.com\/mx\/producto\/sillas-de-director-de-jardin-plegables-2-pza-de-bambu-azul\/\"]}]},{\"@type\":\"ImageObject\",\"inLanguage\":\"es\",\"@id\":\"https:\/\/tododebamboo.com\/mx\/producto\/sillas-de-director-de-jardin-plegables-2-pza-de-bambu-azul\/#primaryimage\",\"url\":\"https:\/\/tododebamboo.com\/mx\/wp-content\/uploads\/2021\/08\/Captura-de-pantalla-2024-08-12-a-las-13.41.29.png\",\"contentUrl\":\"https:\/\/tododebamboo.com\/mx\/wp-content\/uploads\/2021\/08\/Captura-de-pantalla-2024-08-12-a-las-13.41.29.png\",\"width\":842,\"height\":876,\"caption\":\"sillas de bamb\u00fa\"},{\"@type\":\"BreadcrumbList\",\"@id\":\"https:\/\/tododebamboo.com\/mx\/producto\/sillas-de-director-de-jardin-plegables-2-pza-de-bambu-azul\/#breadcrumb\",\"itemListElement\":[{\"@type\":\"ListItem\",\"position\":1,\"name\":\"Portada\",\"item\":\"https:\/\/tododebamboo.com\/mx\/\"},{\"@type\":\"ListItem\",\"position\":2,\"name\":\"Tienda\",\"item\":\"https:\/\/tododebamboo.com\/mx\/tienda\/\"},{\"@type\":\"ListItem\",\"position\":3,\"name\":\"Sillas De Director De Jardin Plegables 2 Pza De Bamb\u00fa Azul\"}]},{\"@type\":\"WebSite\",\"@id\":\"https:\/\/tododebamboo.com\/mx\/#website\",\"url\":\"https:\/\/tododebamboo.com\/mx\/\",\"name\":\"Todo de Bamboo\",\"description\":\"Tienda de Art\u00edculos de Bamboo\",\"publisher\":{\"@id\":\"https:\/\/tododebamboo.com\/mx\/#organization\"},\"potentialAction\":[{\"@type\":\"SearchAction\",\"target\":{\"@type\":\"EntryPoint\",\"urlTemplate\":\"https:\/\/tododebamboo.com\/mx\/?s={search_term_string}\"},\"query-input\":{\"@type\":\"PropertyValueSpecification\",\"valueRequired\":true,\"valueName\":\"search_term_string\"}}],\"inLanguage\":\"es\"},{\"@type\":\"Organization\",\"@id\":\"https:\/\/tododebamboo.com\/mx\/#organization\",\"name\":\"Todo de Bamboo\",\"url\":\"https:\/\/tododebamboo.com\/mx\/\",\"logo\":{\"@type\":\"ImageObject\",\"inLanguage\":\"es\",\"@id\":\"https:\/\/tododebamboo.com\/mx\/#\/schema\/logo\/image\/\",\"url\":\"https:\/\/tododebamboo.com\/mx\/wp-content\/uploads\/2021\/06\/logo-final.png\",\"contentUrl\":\"https:\/\/tododebamboo.com\/mx\/wp-content\/uploads\/2021\/06\/logo-final.png\",\"width\":3745,\"height\":2352,\"caption\":\"Todo de Bamboo\"},\"image\":{\"@id\":\"https:\/\/tododebamboo.com\/mx\/#\/schema\/logo\/image\/\"}}]}<\/script>\n<!-- \/ Yoast SEO plugin. -->","yoast_head_json":{"title":"Sillas De Director De Jardin Plegables 2 Pza De Bamb\u00fa Azul - Todo de Bamboo","description":"A\u00f1ade un toque de frescura con nuestras sillas de director de bamb\u00fa color azul, perfectas para un estilo natural y vibrante.","robots":{"index":"noindex","follow":"follow"},"og_locale":"es_ES","og_type":"article","og_title":"Sillas De Director De Jardin Plegables 2 Pza De Bamb\u00fa Azul - Todo de Bamboo","og_description":"A\u00f1ade un toque de frescura con nuestras sillas de director de bamb\u00fa color azul, perfectas para un estilo natural y vibrante.","og_url":"https:\/\/tododebamboo.com\/mx\/producto\/sillas-de-director-de-jardin-plegables-2-pza-de-bambu-azul\/","og_site_name":"Todo de Bamboo","article_modified_time":"2024-08-13T17:50:23+00:00","og_image":[{"width":842,"height":876,"url":"https:\/\/tododebamboo.com\/mx\/wp-content\/uploads\/2021\/08\/Captura-de-pantalla-2024-08-12-a-las-13.41.29.png","type":"image\/png"}],"twitter_card":"summary_large_image","twitter_misc":{"Tiempo de lectura":"1 minuto"},"schema":{"@context":"https:\/\/schema.org","@graph":[{"@type":"WebPage","@id":"https:\/\/tododebamboo.com\/mx\/producto\/sillas-de-director-de-jardin-plegables-2-pza-de-bambu-azul\/","url":"https:\/\/tododebamboo.com\/mx\/producto\/sillas-de-director-de-jardin-plegables-2-pza-de-bambu-azul\/","name":"Sillas De Director De Jardin Plegables 2 Pza De Bamb\u00fa Azul - Todo de Bamboo","isPartOf":{"@id":"https:\/\/tododebamboo.com\/mx\/#website"},"primaryImageOfPage":{"@id":"https:\/\/tododebamboo.com\/mx\/producto\/sillas-de-director-de-jardin-plegables-2-pza-de-bambu-azul\/#primaryimage"},"image":{"@id":"https:\/\/tododebamboo.com\/mx\/producto\/sillas-de-director-de-jardin-plegables-2-pza-de-bambu-azul\/#primaryimage"},"thumbnailUrl":"https:\/\/tododebamboo.com\/mx\/wp-content\/uploads\/2021\/08\/Captura-de-pantalla-2024-08-12-a-las-13.41.29.png","datePublished":"2021-08-19T00:02:40+00:00","dateModified":"2024-08-13T17:50:23+00:00","description":"A\u00f1ade un toque de frescura con nuestras sillas de director de bamb\u00fa color azul, perfectas para un estilo natural y vibrante.","breadcrumb":{"@id":"https:\/\/tododebamboo.com\/mx\/producto\/sillas-de-director-de-jardin-plegables-2-pza-de-bambu-azul\/#breadcrumb"},"inLanguage":"es","potentialAction":[{"@type":"ReadAction","target":["https:\/\/tododebamboo.com\/mx\/producto\/sillas-de-director-de-jardin-plegables-2-pza-de-bambu-azul\/"]}]},{"@type":"ImageObject","inLanguage":"es","@id":"https:\/\/tododebamboo.com\/mx\/producto\/sillas-de-director-de-jardin-plegables-2-pza-de-bambu-azul\/#primaryimage","url":"https:\/\/tododebamboo.com\/mx\/wp-content\/uploads\/2021\/08\/Captura-de-pantalla-2024-08-12-a-las-13.41.29.png","contentUrl":"https:\/\/tododebamboo.com\/mx\/wp-content\/uploads\/2021\/08\/Captura-de-pantalla-2024-08-12-a-las-13.41.29.png","width":842,"height":876,"caption":"sillas de bamb\u00fa"},{"@type":"BreadcrumbList","@id":"https:\/\/tododebamboo.com\/mx\/producto\/sillas-de-director-de-jardin-plegables-2-pza-de-bambu-azul\/#breadcrumb","itemListElement":[{"@type":"ListItem","position":1,"name":"Portada","item":"https:\/\/tododebamboo.com\/mx\/"},{"@type":"ListItem","position":2,"name":"Tienda","item":"https:\/\/tododebamboo.com\/mx\/tienda\/"},{"@type":"ListItem","position":3,"name":"Sillas De Director De Jardin Plegables 2 Pza De Bamb\u00fa Azul"}]},{"@type":"WebSite","@id":"https:\/\/tododebamboo.com\/mx\/#website","url":"https:\/\/tododebamboo.com\/mx\/","name":"Todo de Bamboo","description":"Tienda de Art\u00edculos de Bamboo","publisher":{"@id":"https:\/\/tododebamboo.com\/mx\/#organization"},"potentialAction":[{"@type":"SearchAction","target":{"@type":"EntryPoint","urlTemplate":"https:\/\/tododebamboo.com\/mx\/?s={search_term_string}"},"query-input":{"@type":"PropertyValueSpecification","valueRequired":true,"valueName":"search_term_string"}}],"inLanguage":"es"},{"@type":"Organization","@id":"https:\/\/tododebamboo.com\/mx\/#organization","name":"Todo de Bamboo","url":"https:\/\/tododebamboo.com\/mx\/","logo":{"@type":"ImageObject","inLanguage":"es","@id":"https:\/\/tododebamboo.com\/mx\/#\/schema\/logo\/image\/","url":"https:\/\/tododebamboo.com\/mx\/wp-content\/uploads\/2021\/06\/logo-final.png","contentUrl":"https:\/\/tododebamboo.com\/mx\/wp-content\/uploads\/2021\/06\/logo-final.png","width":3745,"height":2352,"caption":"Todo de Bamboo"},"image":{"@id":"https:\/\/tododebamboo.com\/mx\/#\/schema\/logo\/image\/"}}]}},"_links":{"self":[{"href":"https:\/\/tododebamboo.com\/mx\/wp-json\/wp\/v2\/product\/602"}],"collection":[{"href":"https:\/\/tododebamboo.com\/mx\/wp-json\/wp\/v2\/product"}],"about":[{"href":"https:\/\/tododebamboo.com\/mx\/wp-json\/wp\/v2\/types\/product"}],"replies":[{"embeddable":true,"href":"https:\/\/tododebamboo.com\/mx\/wp-json\/wp\/v2\/comments?post=602"}],"wp:featuredmedia":[{"embeddable":true,"href":"https:\/\/tododebamboo.com\/mx\/wp-json\/wp\/v2\/media\/1118"}],"wp:attachment":[{"href":"https:\/\/tododebamboo.com\/mx\/wp-json\/wp\/v2\/media?parent=602"}],"wp:term":[{"taxonomy":"product_cat","embeddable":true,"href":"https:\/\/tododebamboo.com\/mx\/wp-json\/wp\/v2\/product_cat?post=602"},{"taxonomy":"product_tag","embeddable":true,"href":"https:\/\/tododebamboo.com\/mx\/wp-json\/wp\/v2\/product_tag?post=602"}],"curies":[{"name":"wp","href":"https:\/\/api.w.org\/{rel}","templated":true}]}}