{"id":598,"date":"2021-08-18T18:54:41","date_gmt":"2021-08-18T23:54:41","guid":{"rendered":"https:\/\/tododebamboo.com\/mx\/?post_type=product&#038;p=598"},"modified":"2025-09-15T03:06:24","modified_gmt":"2025-09-15T08:06:24","slug":"silla-plegable-moderna-y-minimalista-de-bambu","status":"publish","type":"product","link":"https:\/\/tododebamboo.com\/mx\/producto\/silla-plegable-moderna-y-minimalista-de-bambu\/","title":{"rendered":"Silla Plegable Moderna Y Minimalista De Bamb\u00fa"},"content":{"rendered":"","protected":false},"excerpt":{"rendered":"<h1 class=\"a-size-base-plus a-text-bold\">Acerca de este art\u00edculo<\/h1>\n<div id=\"highlighted_specs_attrs\" class=\"ui-pdp-container__row ui-pdp-container__row--highlighted-specs-attrs\">\n<section id=\"highlighted_specs_attrs\" class=\"ui-vpp-highlighted-specs pl-45 pr-45\">\n<div class=\"ui-pdp-container__row ui-pdp-container__row--technical-specifications\">\n<div class=\"ui-pdp-collapsable ui-vpp-highlighted-specs__striped-collapsed__action\">\n<div class=\"ui-pdp-collapsable__container\">\n<div class=\"ui-vpp-highlighted-specs__striped-specs\">\n<div class=\"ui-vpp-striped-specs\">\n<div class=\"ui-vpp-striped-specs__table\">\n<h3 class=\"ui-vpp-striped-specs__header\">Caracter\u00edsticas principales<\/h3>\n<table class=\"andes-table\">\n<tbody class=\"andes-table__body\">\n<tr class=\"andes-table__row ui-vpp-striped-specs__row\">\n<th class=\"andes-table__header andes-table__header--left ui-vpp-striped-specs__row__column ui-vpp-striped-specs__row__column--id\" scope=\"row\">\n<div class=\"andes-table__header__container\">Marca<\/div>\n<\/th>\n<td id=\":Ra9tat6l9im:\" class=\"andes-table__column andes-table__column--left andes-table__column--vertical-align-center ui-vpp-striped-specs__row__column\"><span id=\":Ra9tat6l9im:-value\" class=\"andes-table__column--value\">Daluobo<\/span><\/td>\n<\/tr>\n<tr class=\"andes-table__row ui-vpp-striped-specs__row\">\n<th class=\"andes-table__header andes-table__header--left ui-vpp-striped-specs__row__column ui-vpp-striped-specs__row__column--id\" scope=\"row\">\n<div class=\"andes-table__header__container\">L\u00ednea<\/div>\n<\/th>\n<td id=\":Raatat6l9im:\" class=\"andes-table__column andes-table__column--left andes-table__column--vertical-align-center ui-vpp-striped-specs__row__column\"><span id=\":Raatat6l9im:-value\" class=\"andes-table__column--value\">L\u00ednea<\/span><\/td>\n<\/tr>\n<tr class=\"andes-table__row ui-vpp-striped-specs__row\">\n<th class=\"andes-table__header andes-table__header--left ui-vpp-striped-specs__row__column ui-vpp-striped-specs__row__column--id\" scope=\"row\">\n<div class=\"andes-table__header__container\">Modelo<\/div>\n<\/th>\n<td id=\":Rabtat6l9im:\" class=\"andes-table__column andes-table__column--left andes-table__column--vertical-align-center ui-vpp-striped-specs__row__column\"><span id=\":Rabtat6l9im:-value\" class=\"andes-table__column--value\">B09G5RGGQM<\/span><\/td>\n<\/tr>\n<tr class=\"andes-table__row ui-vpp-striped-specs__row\">\n<th class=\"andes-table__header andes-table__header--left ui-vpp-striped-specs__row__column ui-vpp-striped-specs__row__column--id\" scope=\"row\">\n<div class=\"andes-table__header__container\">Color<\/div>\n<\/th>\n<td id=\":Ractat6l9im:\" class=\"andes-table__column andes-table__column--left andes-table__column--vertical-align-center ui-vpp-striped-specs__row__column\"><span id=\":Ractat6l9im:-value\" class=\"andes-table__column--value\">None<\/span><\/td>\n<\/tr>\n<tr class=\"andes-table__row ui-vpp-striped-specs__row\">\n<th class=\"andes-table__header andes-table__header--left ui-vpp-striped-specs__row__column ui-vpp-striped-specs__row__column--id\" scope=\"row\">\n<div class=\"andes-table__header__container\">Nombre del dise\u00f1o<\/div>\n<\/th>\n<td id=\":Radtat6l9im:\" class=\"andes-table__column andes-table__column--left andes-table__column--vertical-align-center ui-vpp-striped-specs__row__column\"><span id=\":Radtat6l9im:-value\" class=\"andes-table__column--value\">N\/A<\/span><\/td>\n<\/tr>\n<tr class=\"andes-table__row ui-vpp-striped-specs__row\">\n<th class=\"andes-table__header andes-table__header--left ui-vpp-striped-specs__row__column ui-vpp-striped-specs__row__column--id\" scope=\"row\">\n<div class=\"andes-table__header__container\">Ancho<\/div>\n<\/th>\n<td id=\":Raetat6l9im:\" class=\"andes-table__column andes-table__column--left andes-table__column--vertical-align-center ui-vpp-striped-specs__row__column\"><span id=\":Raetat6l9im:-value\" class=\"andes-table__column--value\">25 cm<\/span><\/td>\n<\/tr>\n<tr class=\"andes-table__row ui-vpp-striped-specs__row\">\n<th class=\"andes-table__header andes-table__header--left ui-vpp-striped-specs__row__column ui-vpp-striped-specs__row__column--id\" scope=\"row\">\n<div class=\"andes-table__header__container\">Formato de venta<\/div>\n<\/th>\n<td id=\":Raftat6l9im:\" class=\"andes-table__column andes-table__column--left andes-table__column--vertical-align-center ui-vpp-striped-specs__row__column\"><span id=\":Raftat6l9im:-value\" class=\"andes-table__column--value\">Unidad<\/span><\/td>\n<\/tr>\n<\/tbody>\n<\/table>\n<\/div>\n<\/div>\n<div class=\"ui-vpp-striped-specs\">\n<div class=\"ui-vpp-striped-specs__table\">\n<h3 class=\"ui-vpp-striped-specs__header\">Otros<\/h3>\n<table class=\"andes-table\">\n<tbody class=\"andes-table__body\">\n<tr class=\"andes-table__row ui-vpp-striped-specs__row\">\n<th class=\"andes-table__header andes-table__header--left ui-vpp-striped-specs__row__column ui-vpp-striped-specs__row__column--id\" scope=\"row\">\n<div class=\"andes-table__header__container\">Es plegable<\/div>\n<\/th>\n<td id=\":R2jtit6l9im:\" class=\"andes-table__column andes-table__column--left andes-table__column--vertical-align-center ui-vpp-striped-specs__row__column\"><span id=\":R2jtit6l9im:-value\" class=\"andes-table__column--value\">S\u00ed<\/span><\/td>\n<\/tr>\n<\/tbody>\n<\/table>\n<\/div>\n<\/div>\n<\/div>\n<\/div>\n<\/div>\n<\/div>\n<\/section>\n<\/div>\n<div id=\"description\" class=\"ui-pdp-container__row ui-pdp-container__row--description\">\n<div class=\"ui-pdp-collapsable ui-pdp-description-collapse\">\n<div class=\"ui-pdp-collapsable__container\">\n<div class=\"ui-pdp-description\">\n<h2 class=\"ui-pdp-description__title\">Descripci\u00f3n<\/h2>\n<p class=\"ui-pdp-description__content\">SKU: B09G5RGGQM<\/p>\n<p>Titulo : silla plegable montada en la pared silla de porche de bamb\u00fa s\u00f3lido gabinete de zapatos gabinete oculto reposapi\u00e9s plegable ba\u00f1o balc\u00f3n taburete<\/p>\n<p>Descripci\u00f3n : No hay Descripci\u00f3n Disponible<\/p>\n<p>Marca: Daluobo<br \/>\n======= CARACTERISTICAS DEL PRODUCTO ========<br \/>\nDimensiones del producto: 17&#8243;prof. x 15&#8243;an. x 3&#8243;al. pulgadas<br \/>\nCaracter\u00edsticas especiales: Plegable<br \/>\nRecuento de unidades: 1.0 Count<br \/>\nUsos recomendados para producto: Vivir<br \/>\nTama\u00f1o:<br \/>\nstyle\/size:<br \/>\n========== INFORMACI\u00d3N IMPORTANTE ==========<br \/>\n-CUALQUIER DUDA PUEDES HACERNOS PREGUNTAS EN LA SECCION DE PREGUNTAS<br \/>\n-TODOS NUESTROS PRODUCTOS SE ENVIAN DE M\u00c9XICO.<br \/>\n-SOMOS UNA EMPRESA RESPONSABLE COMPROMETIDOS CON NUESTROS CLIENTES PARA LLEVAR LA MEJOR CALIDAD Y VARIEDAD DE PRODUCTOS IMPORTADOS A NUESTRO CLIENTE FINAL.<br \/>\n-PODEMOS FACTURAR TU COMPRA.<\/p>\n<\/div>\n<\/div>\n<\/div>\n<\/div>\n","protected":false},"featured_media":1132,"comment_status":"open","ping_status":"closed","template":"","meta":[],"product_cat":[53],"product_tag":[55,56,54],"class_list":{"0":"post-598","1":"product","2":"type-product","3":"status-publish","4":"has-post-thumbnail","6":"product_cat-sillas-de-bambu","7":"product_tag-productos-de-bambu","8":"product_tag-productos-de-bambu-en-mexico","9":"product_tag-sillas-de-bambu","11":"first","12":"instock","13":"shipping-taxable","14":"product-type-external"},"yoast_head":"<!-- This site is optimized with the Yoast SEO plugin v25.6 - https:\/\/yoast.com\/wordpress\/plugins\/seo\/ -->\n<title>Silla Plegable Moderna Y Minimalista De Bamb\u00fa - Todo de Bamboo<\/title>\n<meta name=\"description\" content=\"Disfruta de la comodidad y estilo con nuestra silla de bamb\u00fa plegable, perfecta para espacios peque\u00f1os y f\u00e1ciles de guardar.\" \/>\n<meta name=\"robots\" content=\"noindex, follow\" \/>\n<meta property=\"og:locale\" content=\"es_ES\" \/>\n<meta property=\"og:type\" content=\"article\" \/>\n<meta property=\"og:title\" content=\"Silla Plegable Moderna Y Minimalista De Bamb\u00fa - Todo de Bamboo\" \/>\n<meta property=\"og:description\" content=\"Disfruta de la comodidad y estilo con nuestra silla de bamb\u00fa plegable, perfecta para espacios peque\u00f1os y f\u00e1ciles de guardar.\" \/>\n<meta property=\"og:url\" content=\"https:\/\/tododebamboo.com\/mx\/producto\/silla-plegable-moderna-y-minimalista-de-bambu\/\" \/>\n<meta property=\"og:site_name\" content=\"Todo de Bamboo\" \/>\n<meta property=\"article:modified_time\" content=\"2025-09-15T08:06:24+00:00\" \/>\n<meta property=\"og:image\" content=\"https:\/\/tododebamboo.com\/mx\/wp-content\/uploads\/2021\/08\/Captura-de-pantalla-2024-08-12-a-las-14.00.42.png\" \/>\n\t<meta property=\"og:image:width\" content=\"870\" \/>\n\t<meta property=\"og:image:height\" content=\"876\" \/>\n\t<meta property=\"og:image:type\" content=\"image\/png\" \/>\n<meta name=\"twitter:card\" content=\"summary_large_image\" \/>\n<meta name=\"twitter:label1\" content=\"Tiempo de lectura\" \/>\n\t<meta name=\"twitter:data1\" content=\"1 minuto\" \/>\n<script type=\"application\/ld+json\" class=\"yoast-schema-graph\">{\"@context\":\"https:\/\/schema.org\",\"@graph\":[{\"@type\":\"WebPage\",\"@id\":\"https:\/\/tododebamboo.com\/mx\/producto\/silla-plegable-moderna-y-minimalista-de-bambu\/\",\"url\":\"https:\/\/tododebamboo.com\/mx\/producto\/silla-plegable-moderna-y-minimalista-de-bambu\/\",\"name\":\"Silla Plegable Moderna Y Minimalista De Bamb\u00fa - Todo de Bamboo\",\"isPartOf\":{\"@id\":\"https:\/\/tododebamboo.com\/mx\/#website\"},\"primaryImageOfPage\":{\"@id\":\"https:\/\/tododebamboo.com\/mx\/producto\/silla-plegable-moderna-y-minimalista-de-bambu\/#primaryimage\"},\"image\":{\"@id\":\"https:\/\/tododebamboo.com\/mx\/producto\/silla-plegable-moderna-y-minimalista-de-bambu\/#primaryimage\"},\"thumbnailUrl\":\"https:\/\/tododebamboo.com\/mx\/wp-content\/uploads\/2021\/08\/Captura-de-pantalla-2024-08-12-a-las-14.00.42.png\",\"datePublished\":\"2021-08-18T23:54:41+00:00\",\"dateModified\":\"2025-09-15T08:06:24+00:00\",\"description\":\"Disfruta de la comodidad y estilo con nuestra silla de bamb\u00fa plegable, perfecta para espacios peque\u00f1os y f\u00e1ciles de guardar.\",\"breadcrumb\":{\"@id\":\"https:\/\/tododebamboo.com\/mx\/producto\/silla-plegable-moderna-y-minimalista-de-bambu\/#breadcrumb\"},\"inLanguage\":\"es\",\"potentialAction\":[{\"@type\":\"ReadAction\",\"target\":[\"https:\/\/tododebamboo.com\/mx\/producto\/silla-plegable-moderna-y-minimalista-de-bambu\/\"]}]},{\"@type\":\"ImageObject\",\"inLanguage\":\"es\",\"@id\":\"https:\/\/tododebamboo.com\/mx\/producto\/silla-plegable-moderna-y-minimalista-de-bambu\/#primaryimage\",\"url\":\"https:\/\/tododebamboo.com\/mx\/wp-content\/uploads\/2021\/08\/Captura-de-pantalla-2024-08-12-a-las-14.00.42.png\",\"contentUrl\":\"https:\/\/tododebamboo.com\/mx\/wp-content\/uploads\/2021\/08\/Captura-de-pantalla-2024-08-12-a-las-14.00.42.png\",\"width\":870,\"height\":876,\"caption\":\"silla de bamb\u00fa\"},{\"@type\":\"BreadcrumbList\",\"@id\":\"https:\/\/tododebamboo.com\/mx\/producto\/silla-plegable-moderna-y-minimalista-de-bambu\/#breadcrumb\",\"itemListElement\":[{\"@type\":\"ListItem\",\"position\":1,\"name\":\"Portada\",\"item\":\"https:\/\/tododebamboo.com\/mx\/\"},{\"@type\":\"ListItem\",\"position\":2,\"name\":\"Tienda\",\"item\":\"https:\/\/tododebamboo.com\/mx\/tienda\/\"},{\"@type\":\"ListItem\",\"position\":3,\"name\":\"Silla Plegable Moderna Y Minimalista De Bamb\u00fa\"}]},{\"@type\":\"WebSite\",\"@id\":\"https:\/\/tododebamboo.com\/mx\/#website\",\"url\":\"https:\/\/tododebamboo.com\/mx\/\",\"name\":\"Todo de Bamboo\",\"description\":\"Tienda de Art\u00edculos de Bamboo\",\"publisher\":{\"@id\":\"https:\/\/tododebamboo.com\/mx\/#organization\"},\"potentialAction\":[{\"@type\":\"SearchAction\",\"target\":{\"@type\":\"EntryPoint\",\"urlTemplate\":\"https:\/\/tododebamboo.com\/mx\/?s={search_term_string}\"},\"query-input\":{\"@type\":\"PropertyValueSpecification\",\"valueRequired\":true,\"valueName\":\"search_term_string\"}}],\"inLanguage\":\"es\"},{\"@type\":\"Organization\",\"@id\":\"https:\/\/tododebamboo.com\/mx\/#organization\",\"name\":\"Todo de Bamboo\",\"url\":\"https:\/\/tododebamboo.com\/mx\/\",\"logo\":{\"@type\":\"ImageObject\",\"inLanguage\":\"es\",\"@id\":\"https:\/\/tododebamboo.com\/mx\/#\/schema\/logo\/image\/\",\"url\":\"https:\/\/tododebamboo.com\/mx\/wp-content\/uploads\/2021\/06\/logo-final.png\",\"contentUrl\":\"https:\/\/tododebamboo.com\/mx\/wp-content\/uploads\/2021\/06\/logo-final.png\",\"width\":3745,\"height\":2352,\"caption\":\"Todo de Bamboo\"},\"image\":{\"@id\":\"https:\/\/tododebamboo.com\/mx\/#\/schema\/logo\/image\/\"}}]}<\/script>\n<!-- \/ Yoast SEO plugin. -->","yoast_head_json":{"title":"Silla Plegable Moderna Y Minimalista De Bamb\u00fa - Todo de Bamboo","description":"Disfruta de la comodidad y estilo con nuestra silla de bamb\u00fa plegable, perfecta para espacios peque\u00f1os y f\u00e1ciles de guardar.","robots":{"index":"noindex","follow":"follow"},"og_locale":"es_ES","og_type":"article","og_title":"Silla Plegable Moderna Y Minimalista De Bamb\u00fa - Todo de Bamboo","og_description":"Disfruta de la comodidad y estilo con nuestra silla de bamb\u00fa plegable, perfecta para espacios peque\u00f1os y f\u00e1ciles de guardar.","og_url":"https:\/\/tododebamboo.com\/mx\/producto\/silla-plegable-moderna-y-minimalista-de-bambu\/","og_site_name":"Todo de Bamboo","article_modified_time":"2025-09-15T08:06:24+00:00","og_image":[{"width":870,"height":876,"url":"https:\/\/tododebamboo.com\/mx\/wp-content\/uploads\/2021\/08\/Captura-de-pantalla-2024-08-12-a-las-14.00.42.png","type":"image\/png"}],"twitter_card":"summary_large_image","twitter_misc":{"Tiempo de lectura":"1 minuto"},"schema":{"@context":"https:\/\/schema.org","@graph":[{"@type":"WebPage","@id":"https:\/\/tododebamboo.com\/mx\/producto\/silla-plegable-moderna-y-minimalista-de-bambu\/","url":"https:\/\/tododebamboo.com\/mx\/producto\/silla-plegable-moderna-y-minimalista-de-bambu\/","name":"Silla Plegable Moderna Y Minimalista De Bamb\u00fa - Todo de Bamboo","isPartOf":{"@id":"https:\/\/tododebamboo.com\/mx\/#website"},"primaryImageOfPage":{"@id":"https:\/\/tododebamboo.com\/mx\/producto\/silla-plegable-moderna-y-minimalista-de-bambu\/#primaryimage"},"image":{"@id":"https:\/\/tododebamboo.com\/mx\/producto\/silla-plegable-moderna-y-minimalista-de-bambu\/#primaryimage"},"thumbnailUrl":"https:\/\/tododebamboo.com\/mx\/wp-content\/uploads\/2021\/08\/Captura-de-pantalla-2024-08-12-a-las-14.00.42.png","datePublished":"2021-08-18T23:54:41+00:00","dateModified":"2025-09-15T08:06:24+00:00","description":"Disfruta de la comodidad y estilo con nuestra silla de bamb\u00fa plegable, perfecta para espacios peque\u00f1os y f\u00e1ciles de guardar.","breadcrumb":{"@id":"https:\/\/tododebamboo.com\/mx\/producto\/silla-plegable-moderna-y-minimalista-de-bambu\/#breadcrumb"},"inLanguage":"es","potentialAction":[{"@type":"ReadAction","target":["https:\/\/tododebamboo.com\/mx\/producto\/silla-plegable-moderna-y-minimalista-de-bambu\/"]}]},{"@type":"ImageObject","inLanguage":"es","@id":"https:\/\/tododebamboo.com\/mx\/producto\/silla-plegable-moderna-y-minimalista-de-bambu\/#primaryimage","url":"https:\/\/tododebamboo.com\/mx\/wp-content\/uploads\/2021\/08\/Captura-de-pantalla-2024-08-12-a-las-14.00.42.png","contentUrl":"https:\/\/tododebamboo.com\/mx\/wp-content\/uploads\/2021\/08\/Captura-de-pantalla-2024-08-12-a-las-14.00.42.png","width":870,"height":876,"caption":"silla de bamb\u00fa"},{"@type":"BreadcrumbList","@id":"https:\/\/tododebamboo.com\/mx\/producto\/silla-plegable-moderna-y-minimalista-de-bambu\/#breadcrumb","itemListElement":[{"@type":"ListItem","position":1,"name":"Portada","item":"https:\/\/tododebamboo.com\/mx\/"},{"@type":"ListItem","position":2,"name":"Tienda","item":"https:\/\/tododebamboo.com\/mx\/tienda\/"},{"@type":"ListItem","position":3,"name":"Silla Plegable Moderna Y Minimalista De Bamb\u00fa"}]},{"@type":"WebSite","@id":"https:\/\/tododebamboo.com\/mx\/#website","url":"https:\/\/tododebamboo.com\/mx\/","name":"Todo de Bamboo","description":"Tienda de Art\u00edculos de Bamboo","publisher":{"@id":"https:\/\/tododebamboo.com\/mx\/#organization"},"potentialAction":[{"@type":"SearchAction","target":{"@type":"EntryPoint","urlTemplate":"https:\/\/tododebamboo.com\/mx\/?s={search_term_string}"},"query-input":{"@type":"PropertyValueSpecification","valueRequired":true,"valueName":"search_term_string"}}],"inLanguage":"es"},{"@type":"Organization","@id":"https:\/\/tododebamboo.com\/mx\/#organization","name":"Todo de Bamboo","url":"https:\/\/tododebamboo.com\/mx\/","logo":{"@type":"ImageObject","inLanguage":"es","@id":"https:\/\/tododebamboo.com\/mx\/#\/schema\/logo\/image\/","url":"https:\/\/tododebamboo.com\/mx\/wp-content\/uploads\/2021\/06\/logo-final.png","contentUrl":"https:\/\/tododebamboo.com\/mx\/wp-content\/uploads\/2021\/06\/logo-final.png","width":3745,"height":2352,"caption":"Todo de Bamboo"},"image":{"@id":"https:\/\/tododebamboo.com\/mx\/#\/schema\/logo\/image\/"}}]}},"_links":{"self":[{"href":"https:\/\/tododebamboo.com\/mx\/wp-json\/wp\/v2\/product\/598"}],"collection":[{"href":"https:\/\/tododebamboo.com\/mx\/wp-json\/wp\/v2\/product"}],"about":[{"href":"https:\/\/tododebamboo.com\/mx\/wp-json\/wp\/v2\/types\/product"}],"replies":[{"embeddable":true,"href":"https:\/\/tododebamboo.com\/mx\/wp-json\/wp\/v2\/comments?post=598"}],"wp:featuredmedia":[{"embeddable":true,"href":"https:\/\/tododebamboo.com\/mx\/wp-json\/wp\/v2\/media\/1132"}],"wp:attachment":[{"href":"https:\/\/tododebamboo.com\/mx\/wp-json\/wp\/v2\/media?parent=598"}],"wp:term":[{"taxonomy":"product_cat","embeddable":true,"href":"https:\/\/tododebamboo.com\/mx\/wp-json\/wp\/v2\/product_cat?post=598"},{"taxonomy":"product_tag","embeddable":true,"href":"https:\/\/tododebamboo.com\/mx\/wp-json\/wp\/v2\/product_tag?post=598"}],"curies":[{"name":"wp","href":"https:\/\/api.w.org\/{rel}","templated":true}]}}