{"id":593,"date":"2021-08-18T18:46:54","date_gmt":"2021-08-18T23:46:54","guid":{"rendered":"https:\/\/tododebamboo.com\/mx\/?post_type=product&#038;p=593"},"modified":"2025-10-10T19:36:09","modified_gmt":"2025-10-11T00:36:09","slug":"banco-y-estera-de-ducha-de-bambu-morvat-silla-y-estera-de-s","status":"publish","type":"product","link":"https:\/\/tododebamboo.com\/mx\/producto\/banco-y-estera-de-ducha-de-bambu-morvat-silla-y-estera-de-s\/","title":{"rendered":"Banco Y Estera De Ducha De Bamb\u00fa Morvat, Silla Y Estera De S"},"content":{"rendered":"","protected":false},"excerpt":{"rendered":"<h1 class=\"a-size-base-plus a-text-bold\">Acerca de este art\u00edculo<\/h1>\n<h3 class=\"ui-vpp-striped-specs__header\">Caracter\u00edsticas principales<\/h3>\n<table class=\"andes-table\">\n<tbody class=\"andes-table__body\">\n<tr class=\"andes-table__row ui-vpp-striped-specs__row\">\n<th class=\"andes-table__header andes-table__header--left ui-vpp-striped-specs__row__column ui-vpp-striped-specs__row__column--id\" scope=\"row\">\n<div class=\"andes-table__header__container\">Marca<\/div>\n<\/th>\n<td id=\":Ra9tat6l9im:\" class=\"andes-table__column andes-table__column--left andes-table__column--vertical-align-center ui-vpp-striped-specs__row__column\"><span id=\":Ra9tat6l9im:-value\" class=\"andes-table__column--value\">Morvat<\/span><\/td>\n<\/tr>\n<tr class=\"andes-table__row ui-vpp-striped-specs__row\">\n<th class=\"andes-table__header andes-table__header--left ui-vpp-striped-specs__row__column ui-vpp-striped-specs__row__column--id\" scope=\"row\">\n<div class=\"andes-table__header__container\">Modelo<\/div>\n<\/th>\n<td id=\":Raatat6l9im:\" class=\"andes-table__column andes-table__column--left andes-table__column--vertical-align-center ui-vpp-striped-specs__row__column\"><span id=\":Raatat6l9im:-value\" class=\"andes-table__column--value\">MOR-BSB-A<\/span><\/td>\n<\/tr>\n<tr class=\"andes-table__row ui-vpp-striped-specs__row\">\n<th class=\"andes-table__header andes-table__header--left ui-vpp-striped-specs__row__column ui-vpp-striped-specs__row__column--id\" scope=\"row\">\n<div class=\"andes-table__header__container\">Cantidad de bancas y bancos<\/div>\n<\/th>\n<td id=\":Rabtat6l9im:\" class=\"andes-table__column andes-table__column--left andes-table__column--vertical-align-center ui-vpp-striped-specs__row__column\"><span id=\":Rabtat6l9im:-value\" class=\"andes-table__column--value\">1<\/span><\/td>\n<\/tr>\n<tr class=\"andes-table__row ui-vpp-striped-specs__row\">\n<th class=\"andes-table__header andes-table__header--left ui-vpp-striped-specs__row__column ui-vpp-striped-specs__row__column--id\" scope=\"row\">\n<div class=\"andes-table__header__container\">Acabado de la estructura<\/div>\n<\/th>\n<td id=\":Ractat6l9im:\" class=\"andes-table__column andes-table__column--left andes-table__column--vertical-align-center ui-vpp-striped-specs__row__column\"><span id=\":Ractat6l9im:-value\" class=\"andes-table__column--value\">Morvat<\/span><\/td>\n<\/tr>\n<tr class=\"andes-table__row ui-vpp-striped-specs__row\">\n<th class=\"andes-table__header andes-table__header--left ui-vpp-striped-specs__row__column ui-vpp-striped-specs__row__column--id\" scope=\"row\">\n<div class=\"andes-table__header__container\">Altura m\u00e1xima<\/div>\n<\/th>\n<td id=\":Radtat6l9im:\" class=\"andes-table__column andes-table__column--left andes-table__column--vertical-align-center ui-vpp-striped-specs__row__column\"><span id=\":Radtat6l9im:-value\" class=\"andes-table__column--value\">1 cm<\/span><\/td>\n<\/tr>\n<tr class=\"andes-table__row ui-vpp-striped-specs__row\">\n<th class=\"andes-table__header andes-table__header--left ui-vpp-striped-specs__row__column ui-vpp-striped-specs__row__column--id\" scope=\"row\">\n<div class=\"andes-table__header__container\">Color<\/div>\n<\/th>\n<td id=\":Raetat6l9im:\" class=\"andes-table__column andes-table__column--left andes-table__column--vertical-align-center ui-vpp-striped-specs__row__column\"><span id=\":Raetat6l9im:-value\" class=\"andes-table__column--value\">Bamboo<\/span><\/td>\n<\/tr>\n<\/tbody>\n<\/table>\n","protected":false},"featured_media":1139,"comment_status":"open","ping_status":"closed","template":"","meta":[],"product_cat":[53],"product_tag":[57,55,56,54],"class_list":{"0":"post-593","1":"product","2":"type-product","3":"status-publish","4":"has-post-thumbnail","6":"product_cat-sillas-de-bambu","7":"product_tag-banco-de-bambu","8":"product_tag-productos-de-bambu","9":"product_tag-productos-de-bambu-en-mexico","10":"product_tag-sillas-de-bambu","12":"first","13":"instock","14":"shipping-taxable","15":"product-type-external"},"yoast_head":"<!-- This site is optimized with the Yoast SEO plugin v25.6 - https:\/\/yoast.com\/wordpress\/plugins\/seo\/ -->\n<title>Banco Y Estera De Ducha De Bamb\u00fa Morvat, Silla Y Estera De S - Todo de Bamboo<\/title>\n<meta name=\"description\" content=\"A\u00f1ade elegancia natural a tu hogar con este banco de bamb\u00fa, ideal para cualquier espacio con un toque sostenible y sofisticado.\" \/>\n<meta name=\"robots\" content=\"noindex, follow\" \/>\n<meta property=\"og:locale\" content=\"es_ES\" \/>\n<meta property=\"og:type\" content=\"article\" \/>\n<meta property=\"og:title\" content=\"Banco Y Estera De Ducha De Bamb\u00fa Morvat, Silla Y Estera De S - Todo de Bamboo\" \/>\n<meta property=\"og:description\" content=\"A\u00f1ade elegancia natural a tu hogar con este banco de bamb\u00fa, ideal para cualquier espacio con un toque sostenible y sofisticado.\" \/>\n<meta property=\"og:url\" content=\"https:\/\/tododebamboo.com\/mx\/producto\/banco-y-estera-de-ducha-de-bambu-morvat-silla-y-estera-de-s\/\" \/>\n<meta property=\"og:site_name\" content=\"Todo de Bamboo\" \/>\n<meta property=\"article:modified_time\" content=\"2025-10-11T00:36:09+00:00\" \/>\n<meta property=\"og:image\" content=\"https:\/\/tododebamboo.com\/mx\/wp-content\/uploads\/2021\/08\/Captura-de-pantalla-2024-08-12-a-las-14.46.40.png\" \/>\n\t<meta property=\"og:image:width\" content=\"1108\" \/>\n\t<meta property=\"og:image:height\" content=\"858\" \/>\n\t<meta property=\"og:image:type\" content=\"image\/png\" \/>\n<meta name=\"twitter:card\" content=\"summary_large_image\" \/>\n<meta name=\"twitter:label1\" content=\"Tiempo de lectura\" \/>\n\t<meta name=\"twitter:data1\" content=\"1 minuto\" \/>\n<script type=\"application\/ld+json\" class=\"yoast-schema-graph\">{\"@context\":\"https:\/\/schema.org\",\"@graph\":[{\"@type\":\"WebPage\",\"@id\":\"https:\/\/tododebamboo.com\/mx\/producto\/banco-y-estera-de-ducha-de-bambu-morvat-silla-y-estera-de-s\/\",\"url\":\"https:\/\/tododebamboo.com\/mx\/producto\/banco-y-estera-de-ducha-de-bambu-morvat-silla-y-estera-de-s\/\",\"name\":\"Banco Y Estera De Ducha De Bamb\u00fa Morvat, Silla Y Estera De S - Todo de Bamboo\",\"isPartOf\":{\"@id\":\"https:\/\/tododebamboo.com\/mx\/#website\"},\"primaryImageOfPage\":{\"@id\":\"https:\/\/tododebamboo.com\/mx\/producto\/banco-y-estera-de-ducha-de-bambu-morvat-silla-y-estera-de-s\/#primaryimage\"},\"image\":{\"@id\":\"https:\/\/tododebamboo.com\/mx\/producto\/banco-y-estera-de-ducha-de-bambu-morvat-silla-y-estera-de-s\/#primaryimage\"},\"thumbnailUrl\":\"https:\/\/tododebamboo.com\/mx\/wp-content\/uploads\/2021\/08\/Captura-de-pantalla-2024-08-12-a-las-14.46.40.png\",\"datePublished\":\"2021-08-18T23:46:54+00:00\",\"dateModified\":\"2025-10-11T00:36:09+00:00\",\"description\":\"A\u00f1ade elegancia natural a tu hogar con este banco de bamb\u00fa, ideal para cualquier espacio con un toque sostenible y sofisticado.\",\"breadcrumb\":{\"@id\":\"https:\/\/tododebamboo.com\/mx\/producto\/banco-y-estera-de-ducha-de-bambu-morvat-silla-y-estera-de-s\/#breadcrumb\"},\"inLanguage\":\"es\",\"potentialAction\":[{\"@type\":\"ReadAction\",\"target\":[\"https:\/\/tododebamboo.com\/mx\/producto\/banco-y-estera-de-ducha-de-bambu-morvat-silla-y-estera-de-s\/\"]}]},{\"@type\":\"ImageObject\",\"inLanguage\":\"es\",\"@id\":\"https:\/\/tododebamboo.com\/mx\/producto\/banco-y-estera-de-ducha-de-bambu-morvat-silla-y-estera-de-s\/#primaryimage\",\"url\":\"https:\/\/tododebamboo.com\/mx\/wp-content\/uploads\/2021\/08\/Captura-de-pantalla-2024-08-12-a-las-14.46.40.png\",\"contentUrl\":\"https:\/\/tododebamboo.com\/mx\/wp-content\/uploads\/2021\/08\/Captura-de-pantalla-2024-08-12-a-las-14.46.40.png\",\"width\":1108,\"height\":858,\"caption\":\"banco de bamb\u00fa\"},{\"@type\":\"BreadcrumbList\",\"@id\":\"https:\/\/tododebamboo.com\/mx\/producto\/banco-y-estera-de-ducha-de-bambu-morvat-silla-y-estera-de-s\/#breadcrumb\",\"itemListElement\":[{\"@type\":\"ListItem\",\"position\":1,\"name\":\"Portada\",\"item\":\"https:\/\/tododebamboo.com\/mx\/\"},{\"@type\":\"ListItem\",\"position\":2,\"name\":\"Tienda\",\"item\":\"https:\/\/tododebamboo.com\/mx\/tienda\/\"},{\"@type\":\"ListItem\",\"position\":3,\"name\":\"Banco Y Estera De Ducha De Bamb\u00fa Morvat, Silla Y Estera De S\"}]},{\"@type\":\"WebSite\",\"@id\":\"https:\/\/tododebamboo.com\/mx\/#website\",\"url\":\"https:\/\/tododebamboo.com\/mx\/\",\"name\":\"Todo de Bamboo\",\"description\":\"Tienda de Art\u00edculos de Bamboo\",\"publisher\":{\"@id\":\"https:\/\/tododebamboo.com\/mx\/#organization\"},\"potentialAction\":[{\"@type\":\"SearchAction\",\"target\":{\"@type\":\"EntryPoint\",\"urlTemplate\":\"https:\/\/tododebamboo.com\/mx\/?s={search_term_string}\"},\"query-input\":{\"@type\":\"PropertyValueSpecification\",\"valueRequired\":true,\"valueName\":\"search_term_string\"}}],\"inLanguage\":\"es\"},{\"@type\":\"Organization\",\"@id\":\"https:\/\/tododebamboo.com\/mx\/#organization\",\"name\":\"Todo de Bamboo\",\"url\":\"https:\/\/tododebamboo.com\/mx\/\",\"logo\":{\"@type\":\"ImageObject\",\"inLanguage\":\"es\",\"@id\":\"https:\/\/tododebamboo.com\/mx\/#\/schema\/logo\/image\/\",\"url\":\"https:\/\/tododebamboo.com\/mx\/wp-content\/uploads\/2021\/06\/logo-final.png\",\"contentUrl\":\"https:\/\/tododebamboo.com\/mx\/wp-content\/uploads\/2021\/06\/logo-final.png\",\"width\":3745,\"height\":2352,\"caption\":\"Todo de Bamboo\"},\"image\":{\"@id\":\"https:\/\/tododebamboo.com\/mx\/#\/schema\/logo\/image\/\"}}]}<\/script>\n<!-- \/ Yoast SEO plugin. -->","yoast_head_json":{"title":"Banco Y Estera De Ducha De Bamb\u00fa Morvat, Silla Y Estera De S - Todo de Bamboo","description":"A\u00f1ade elegancia natural a tu hogar con este banco de bamb\u00fa, ideal para cualquier espacio con un toque sostenible y sofisticado.","robots":{"index":"noindex","follow":"follow"},"og_locale":"es_ES","og_type":"article","og_title":"Banco Y Estera De Ducha De Bamb\u00fa Morvat, Silla Y Estera De S - Todo de Bamboo","og_description":"A\u00f1ade elegancia natural a tu hogar con este banco de bamb\u00fa, ideal para cualquier espacio con un toque sostenible y sofisticado.","og_url":"https:\/\/tododebamboo.com\/mx\/producto\/banco-y-estera-de-ducha-de-bambu-morvat-silla-y-estera-de-s\/","og_site_name":"Todo de Bamboo","article_modified_time":"2025-10-11T00:36:09+00:00","og_image":[{"width":1108,"height":858,"url":"https:\/\/tododebamboo.com\/mx\/wp-content\/uploads\/2021\/08\/Captura-de-pantalla-2024-08-12-a-las-14.46.40.png","type":"image\/png"}],"twitter_card":"summary_large_image","twitter_misc":{"Tiempo de lectura":"1 minuto"},"schema":{"@context":"https:\/\/schema.org","@graph":[{"@type":"WebPage","@id":"https:\/\/tododebamboo.com\/mx\/producto\/banco-y-estera-de-ducha-de-bambu-morvat-silla-y-estera-de-s\/","url":"https:\/\/tododebamboo.com\/mx\/producto\/banco-y-estera-de-ducha-de-bambu-morvat-silla-y-estera-de-s\/","name":"Banco Y Estera De Ducha De Bamb\u00fa Morvat, Silla Y Estera De S - Todo de Bamboo","isPartOf":{"@id":"https:\/\/tododebamboo.com\/mx\/#website"},"primaryImageOfPage":{"@id":"https:\/\/tododebamboo.com\/mx\/producto\/banco-y-estera-de-ducha-de-bambu-morvat-silla-y-estera-de-s\/#primaryimage"},"image":{"@id":"https:\/\/tododebamboo.com\/mx\/producto\/banco-y-estera-de-ducha-de-bambu-morvat-silla-y-estera-de-s\/#primaryimage"},"thumbnailUrl":"https:\/\/tododebamboo.com\/mx\/wp-content\/uploads\/2021\/08\/Captura-de-pantalla-2024-08-12-a-las-14.46.40.png","datePublished":"2021-08-18T23:46:54+00:00","dateModified":"2025-10-11T00:36:09+00:00","description":"A\u00f1ade elegancia natural a tu hogar con este banco de bamb\u00fa, ideal para cualquier espacio con un toque sostenible y sofisticado.","breadcrumb":{"@id":"https:\/\/tododebamboo.com\/mx\/producto\/banco-y-estera-de-ducha-de-bambu-morvat-silla-y-estera-de-s\/#breadcrumb"},"inLanguage":"es","potentialAction":[{"@type":"ReadAction","target":["https:\/\/tododebamboo.com\/mx\/producto\/banco-y-estera-de-ducha-de-bambu-morvat-silla-y-estera-de-s\/"]}]},{"@type":"ImageObject","inLanguage":"es","@id":"https:\/\/tododebamboo.com\/mx\/producto\/banco-y-estera-de-ducha-de-bambu-morvat-silla-y-estera-de-s\/#primaryimage","url":"https:\/\/tododebamboo.com\/mx\/wp-content\/uploads\/2021\/08\/Captura-de-pantalla-2024-08-12-a-las-14.46.40.png","contentUrl":"https:\/\/tododebamboo.com\/mx\/wp-content\/uploads\/2021\/08\/Captura-de-pantalla-2024-08-12-a-las-14.46.40.png","width":1108,"height":858,"caption":"banco de bamb\u00fa"},{"@type":"BreadcrumbList","@id":"https:\/\/tododebamboo.com\/mx\/producto\/banco-y-estera-de-ducha-de-bambu-morvat-silla-y-estera-de-s\/#breadcrumb","itemListElement":[{"@type":"ListItem","position":1,"name":"Portada","item":"https:\/\/tododebamboo.com\/mx\/"},{"@type":"ListItem","position":2,"name":"Tienda","item":"https:\/\/tododebamboo.com\/mx\/tienda\/"},{"@type":"ListItem","position":3,"name":"Banco Y Estera De Ducha De Bamb\u00fa Morvat, Silla Y Estera De S"}]},{"@type":"WebSite","@id":"https:\/\/tododebamboo.com\/mx\/#website","url":"https:\/\/tododebamboo.com\/mx\/","name":"Todo de Bamboo","description":"Tienda de Art\u00edculos de Bamboo","publisher":{"@id":"https:\/\/tododebamboo.com\/mx\/#organization"},"potentialAction":[{"@type":"SearchAction","target":{"@type":"EntryPoint","urlTemplate":"https:\/\/tododebamboo.com\/mx\/?s={search_term_string}"},"query-input":{"@type":"PropertyValueSpecification","valueRequired":true,"valueName":"search_term_string"}}],"inLanguage":"es"},{"@type":"Organization","@id":"https:\/\/tododebamboo.com\/mx\/#organization","name":"Todo de Bamboo","url":"https:\/\/tododebamboo.com\/mx\/","logo":{"@type":"ImageObject","inLanguage":"es","@id":"https:\/\/tododebamboo.com\/mx\/#\/schema\/logo\/image\/","url":"https:\/\/tododebamboo.com\/mx\/wp-content\/uploads\/2021\/06\/logo-final.png","contentUrl":"https:\/\/tododebamboo.com\/mx\/wp-content\/uploads\/2021\/06\/logo-final.png","width":3745,"height":2352,"caption":"Todo de Bamboo"},"image":{"@id":"https:\/\/tododebamboo.com\/mx\/#\/schema\/logo\/image\/"}}]}},"_links":{"self":[{"href":"https:\/\/tododebamboo.com\/mx\/wp-json\/wp\/v2\/product\/593"}],"collection":[{"href":"https:\/\/tododebamboo.com\/mx\/wp-json\/wp\/v2\/product"}],"about":[{"href":"https:\/\/tododebamboo.com\/mx\/wp-json\/wp\/v2\/types\/product"}],"replies":[{"embeddable":true,"href":"https:\/\/tododebamboo.com\/mx\/wp-json\/wp\/v2\/comments?post=593"}],"wp:featuredmedia":[{"embeddable":true,"href":"https:\/\/tododebamboo.com\/mx\/wp-json\/wp\/v2\/media\/1139"}],"wp:attachment":[{"href":"https:\/\/tododebamboo.com\/mx\/wp-json\/wp\/v2\/media?parent=593"}],"wp:term":[{"taxonomy":"product_cat","embeddable":true,"href":"https:\/\/tododebamboo.com\/mx\/wp-json\/wp\/v2\/product_cat?post=593"},{"taxonomy":"product_tag","embeddable":true,"href":"https:\/\/tododebamboo.com\/mx\/wp-json\/wp\/v2\/product_tag?post=593"}],"curies":[{"name":"wp","href":"https:\/\/api.w.org\/{rel}","templated":true}]}}