{"id":581,"date":"2021-08-18T18:30:52","date_gmt":"2021-08-18T23:30:52","guid":{"rendered":"https:\/\/tododebamboo.com\/mx\/?post_type=product&#038;p=581"},"modified":"2024-08-13T12:53:24","modified_gmt":"2024-08-13T17:53:24","slug":"silla-plegable-de-bambu-silla-plegable-de-madera-contemporan","status":"publish","type":"product","link":"https:\/\/tododebamboo.com\/mx\/producto\/silla-plegable-de-bambu-silla-plegable-de-madera-contemporan\/","title":{"rendered":"Silla Plegable De Bambu Silla Plegable De Madera Contemporan"},"content":{"rendered":"","protected":false},"excerpt":{"rendered":"<h1 class=\"a-size-base-plus a-text-bold\">Acerca de este art\u00edculo<\/h1>\n<div id=\"highlighted_specs_attrs\" class=\"ui-pdp-container__row ui-pdp-container__row--highlighted-specs-attrs\">\n<section id=\"highlighted_specs_attrs\" class=\"ui-vpp-highlighted-specs pl-45 pr-45\">\n<div class=\"ui-pdp-container__row ui-pdp-container__row--technical-specifications\">\n<div class=\"ui-pdp-collapsable ui-vpp-highlighted-specs__striped-collapsed__action\">\n<div class=\"ui-pdp-collapsable__container\">\n<div class=\"ui-vpp-highlighted-specs__striped-specs\">\n<div class=\"ui-vpp-striped-specs\">\n<div class=\"ui-vpp-striped-specs__table\">\n<h3 class=\"ui-vpp-striped-specs__header\">Caracter\u00edsticas principales<\/h3>\n<table class=\"andes-table\">\n<tbody class=\"andes-table__body\">\n<tr class=\"andes-table__row ui-vpp-striped-specs__row\">\n<th class=\"andes-table__header andes-table__header--left ui-vpp-striped-specs__row__column ui-vpp-striped-specs__row__column--id\" scope=\"row\">\n<div class=\"andes-table__header__container\">Marca<\/div>\n<\/th>\n<td id=\":R55tat6l9im:\" class=\"andes-table__column andes-table__column--left andes-table__column--vertical-align-center ui-vpp-striped-specs__row__column\"><span id=\":R55tat6l9im:-value\" class=\"andes-table__column--value\">Flash Furniture<\/span><\/td>\n<\/tr>\n<tr class=\"andes-table__row ui-vpp-striped-specs__row\">\n<th class=\"andes-table__header andes-table__header--left ui-vpp-striped-specs__row__column ui-vpp-striped-specs__row__column--id\" scope=\"row\">\n<div class=\"andes-table__header__container\">Modelo<\/div>\n<\/th>\n<td id=\":R56tat6l9im:\" class=\"andes-table__column andes-table__column--left andes-table__column--vertical-align-center ui-vpp-striped-specs__row__column\"><span id=\":R56tat6l9im:-value\" class=\"andes-table__column--value\">X-62111-bam-gg<\/span><\/td>\n<\/tr>\n<tr class=\"andes-table__row ui-vpp-striped-specs__row\">\n<th class=\"andes-table__header andes-table__header--left ui-vpp-striped-specs__row__column ui-vpp-striped-specs__row__column--id\" scope=\"row\">\n<div class=\"andes-table__header__container\">Ancho<\/div>\n<\/th>\n<td id=\":R57tat6l9im:\" class=\"andes-table__column andes-table__column--left andes-table__column--vertical-align-center ui-vpp-striped-specs__row__column\"><span id=\":R57tat6l9im:-value\" class=\"andes-table__column--value\">47.63 cm<\/span><\/td>\n<\/tr>\n<\/tbody>\n<\/table>\n<\/div>\n<\/div>\n<div class=\"ui-vpp-striped-specs\">\n<div class=\"ui-vpp-striped-specs__table\">\n<h3 class=\"ui-vpp-striped-specs__header\">Otros<\/h3>\n<table class=\"andes-table\">\n<tbody class=\"andes-table__body\">\n<tr class=\"andes-table__row ui-vpp-striped-specs__row\">\n<th class=\"andes-table__header andes-table__header--left ui-vpp-striped-specs__row__column ui-vpp-striped-specs__row__column--id\" scope=\"row\">\n<div class=\"andes-table__header__container\">Material de la estructura<\/div>\n<\/th>\n<td id=\":R55tit6l9im:\" class=\"andes-table__column andes-table__column--left andes-table__column--vertical-align-center ui-vpp-striped-specs__row__column\"><span id=\":R55tit6l9im:-value\" class=\"andes-table__column--value\">Madera<\/span><\/td>\n<\/tr>\n<tr class=\"andes-table__row ui-vpp-striped-specs__row\">\n<th class=\"andes-table__header andes-table__header--left ui-vpp-striped-specs__row__column ui-vpp-striped-specs__row__column--id\" scope=\"row\">\n<div class=\"andes-table__header__container\">Es plegable<\/div>\n<\/th>\n<td id=\":R56tit6l9im:\" class=\"andes-table__column andes-table__column--left andes-table__column--vertical-align-center ui-vpp-striped-specs__row__column\"><span id=\":R56tit6l9im:-value\" class=\"andes-table__column--value\">S\u00ed<\/span><\/td>\n<\/tr>\n<\/tbody>\n<\/table>\n<\/div>\n<\/div>\n<\/div>\n<\/div>\n<\/div>\n<\/div>\n<\/section>\n<\/div>\n<div id=\"description\" class=\"ui-pdp-container__row ui-pdp-container__row--description\">\n<div class=\"ui-pdp-collapsable ui-pdp-description-collapse\">\n<div class=\"ui-pdp-collapsable__container\">\n<div class=\"ui-pdp-description\">\n<h2 class=\"ui-pdp-description__title\">Descripci\u00f3n<\/h2>\n<p class=\"ui-pdp-description__content\">Entregamos antes del tiempo marcado, no pagues m\u00e1s por importaci\u00f3n con nosotros es GRATIS!!!<\/p>\n<p>Dependiendo del producto pueden variar un poco los d\u00edas de entrega, por favor preg\u00fantanos sin compromiso con tu c\u00f3digo postal y te daremos la fecha de entrega lo mas exacta posible.<\/p>\n<p>silla plegable de madera respaldo confortablemente curvado construcci\u00f3n de alta calidad las abrazaderas de apoyo brindan soporte extra para el asiento acabado brillante con recubrimiento transparente dise\u00f1ado para uso en interiores y exteriores dise\u00f1ado para uso comercial tama\u00f1o plegado 1875 w x 5 x 39 h<\/p>\n<p>cree un elegante arreglo de asientos con la bamboo folding chair esta hermosa silla resaltar\u00e1 su evento interior o exterior sin la necesidad de fundas o arcos para sillas esta silla vers\u00e1til tambi\u00e9n se puede usar en su comedor, patio o junto a la piscina las sillas se configuran r\u00e1pidamente y se almacenan hasta su pr\u00f3ximo evento<\/p>\n<p>Garant\u00eda del vendedor: 30 d\u00edas<\/p>\n<\/div>\n<\/div>\n<\/div>\n<\/div>\n","protected":false},"featured_media":1145,"comment_status":"open","ping_status":"closed","template":"","meta":[],"product_cat":[53],"product_tag":[55,56,54],"class_list":{"0":"post-581","1":"product","2":"type-product","3":"status-publish","4":"has-post-thumbnail","6":"product_cat-sillas-de-bambu","7":"product_tag-productos-de-bambu","8":"product_tag-productos-de-bambu-en-mexico","9":"product_tag-sillas-de-bambu","11":"first","12":"instock","13":"shipping-taxable","14":"product-type-external"},"yoast_head":"<!-- This site is optimized with the Yoast SEO plugin v25.6 - https:\/\/yoast.com\/wordpress\/plugins\/seo\/ -->\n<title>Silla Plegable De Bambu Silla Plegable De Madera Contemporan - Todo de Bamboo<\/title>\n<meta name=\"description\" content=\"Combina estilo y funcionalidad con nuestra silla de bamb\u00fa plegable contempor\u00e1nea, ideal para espacios modernos y vers\u00e1tiles.\" \/>\n<meta name=\"robots\" content=\"noindex, follow\" \/>\n<meta property=\"og:locale\" content=\"es_ES\" \/>\n<meta property=\"og:type\" content=\"article\" \/>\n<meta property=\"og:title\" content=\"Silla Plegable De Bambu Silla Plegable De Madera Contemporan - Todo de Bamboo\" \/>\n<meta property=\"og:description\" content=\"Combina estilo y funcionalidad con nuestra silla de bamb\u00fa plegable contempor\u00e1nea, ideal para espacios modernos y vers\u00e1tiles.\" \/>\n<meta property=\"og:url\" content=\"https:\/\/tododebamboo.com\/mx\/producto\/silla-plegable-de-bambu-silla-plegable-de-madera-contemporan\/\" \/>\n<meta property=\"og:site_name\" content=\"Todo de Bamboo\" \/>\n<meta property=\"article:modified_time\" content=\"2024-08-13T17:53:24+00:00\" \/>\n<meta property=\"og:image\" content=\"https:\/\/tododebamboo.com\/mx\/wp-content\/uploads\/2021\/08\/Captura-de-pantalla-2024-08-12-a-las-14.53.04.png\" \/>\n\t<meta property=\"og:image:width\" content=\"908\" \/>\n\t<meta property=\"og:image:height\" content=\"846\" \/>\n\t<meta property=\"og:image:type\" content=\"image\/png\" \/>\n<meta name=\"twitter:card\" content=\"summary_large_image\" \/>\n<meta name=\"twitter:label1\" content=\"Tiempo de lectura\" \/>\n\t<meta name=\"twitter:data1\" content=\"1 minuto\" \/>\n<script type=\"application\/ld+json\" class=\"yoast-schema-graph\">{\"@context\":\"https:\/\/schema.org\",\"@graph\":[{\"@type\":\"WebPage\",\"@id\":\"https:\/\/tododebamboo.com\/mx\/producto\/silla-plegable-de-bambu-silla-plegable-de-madera-contemporan\/\",\"url\":\"https:\/\/tododebamboo.com\/mx\/producto\/silla-plegable-de-bambu-silla-plegable-de-madera-contemporan\/\",\"name\":\"Silla Plegable De Bambu Silla Plegable De Madera Contemporan - Todo de Bamboo\",\"isPartOf\":{\"@id\":\"https:\/\/tododebamboo.com\/mx\/#website\"},\"primaryImageOfPage\":{\"@id\":\"https:\/\/tododebamboo.com\/mx\/producto\/silla-plegable-de-bambu-silla-plegable-de-madera-contemporan\/#primaryimage\"},\"image\":{\"@id\":\"https:\/\/tododebamboo.com\/mx\/producto\/silla-plegable-de-bambu-silla-plegable-de-madera-contemporan\/#primaryimage\"},\"thumbnailUrl\":\"https:\/\/tododebamboo.com\/mx\/wp-content\/uploads\/2021\/08\/Captura-de-pantalla-2024-08-12-a-las-14.53.04.png\",\"datePublished\":\"2021-08-18T23:30:52+00:00\",\"dateModified\":\"2024-08-13T17:53:24+00:00\",\"description\":\"Combina estilo y funcionalidad con nuestra silla de bamb\u00fa plegable contempor\u00e1nea, ideal para espacios modernos y vers\u00e1tiles.\",\"breadcrumb\":{\"@id\":\"https:\/\/tododebamboo.com\/mx\/producto\/silla-plegable-de-bambu-silla-plegable-de-madera-contemporan\/#breadcrumb\"},\"inLanguage\":\"es\",\"potentialAction\":[{\"@type\":\"ReadAction\",\"target\":[\"https:\/\/tododebamboo.com\/mx\/producto\/silla-plegable-de-bambu-silla-plegable-de-madera-contemporan\/\"]}]},{\"@type\":\"ImageObject\",\"inLanguage\":\"es\",\"@id\":\"https:\/\/tododebamboo.com\/mx\/producto\/silla-plegable-de-bambu-silla-plegable-de-madera-contemporan\/#primaryimage\",\"url\":\"https:\/\/tododebamboo.com\/mx\/wp-content\/uploads\/2021\/08\/Captura-de-pantalla-2024-08-12-a-las-14.53.04.png\",\"contentUrl\":\"https:\/\/tododebamboo.com\/mx\/wp-content\/uploads\/2021\/08\/Captura-de-pantalla-2024-08-12-a-las-14.53.04.png\",\"width\":908,\"height\":846,\"caption\":\"silla de bamb\u00fa\"},{\"@type\":\"BreadcrumbList\",\"@id\":\"https:\/\/tododebamboo.com\/mx\/producto\/silla-plegable-de-bambu-silla-plegable-de-madera-contemporan\/#breadcrumb\",\"itemListElement\":[{\"@type\":\"ListItem\",\"position\":1,\"name\":\"Portada\",\"item\":\"https:\/\/tododebamboo.com\/mx\/\"},{\"@type\":\"ListItem\",\"position\":2,\"name\":\"Tienda\",\"item\":\"https:\/\/tododebamboo.com\/mx\/tienda\/\"},{\"@type\":\"ListItem\",\"position\":3,\"name\":\"Silla Plegable De Bambu Silla Plegable De Madera Contemporan\"}]},{\"@type\":\"WebSite\",\"@id\":\"https:\/\/tododebamboo.com\/mx\/#website\",\"url\":\"https:\/\/tododebamboo.com\/mx\/\",\"name\":\"Todo de Bamboo\",\"description\":\"Tienda de Art\u00edculos de Bamboo\",\"publisher\":{\"@id\":\"https:\/\/tododebamboo.com\/mx\/#organization\"},\"potentialAction\":[{\"@type\":\"SearchAction\",\"target\":{\"@type\":\"EntryPoint\",\"urlTemplate\":\"https:\/\/tododebamboo.com\/mx\/?s={search_term_string}\"},\"query-input\":{\"@type\":\"PropertyValueSpecification\",\"valueRequired\":true,\"valueName\":\"search_term_string\"}}],\"inLanguage\":\"es\"},{\"@type\":\"Organization\",\"@id\":\"https:\/\/tododebamboo.com\/mx\/#organization\",\"name\":\"Todo de Bamboo\",\"url\":\"https:\/\/tododebamboo.com\/mx\/\",\"logo\":{\"@type\":\"ImageObject\",\"inLanguage\":\"es\",\"@id\":\"https:\/\/tododebamboo.com\/mx\/#\/schema\/logo\/image\/\",\"url\":\"https:\/\/tododebamboo.com\/mx\/wp-content\/uploads\/2021\/06\/logo-final.png\",\"contentUrl\":\"https:\/\/tododebamboo.com\/mx\/wp-content\/uploads\/2021\/06\/logo-final.png\",\"width\":3745,\"height\":2352,\"caption\":\"Todo de Bamboo\"},\"image\":{\"@id\":\"https:\/\/tododebamboo.com\/mx\/#\/schema\/logo\/image\/\"}}]}<\/script>\n<!-- \/ Yoast SEO plugin. -->","yoast_head_json":{"title":"Silla Plegable De Bambu Silla Plegable De Madera Contemporan - Todo de Bamboo","description":"Combina estilo y funcionalidad con nuestra silla de bamb\u00fa plegable contempor\u00e1nea, ideal para espacios modernos y vers\u00e1tiles.","robots":{"index":"noindex","follow":"follow"},"og_locale":"es_ES","og_type":"article","og_title":"Silla Plegable De Bambu Silla Plegable De Madera Contemporan - Todo de Bamboo","og_description":"Combina estilo y funcionalidad con nuestra silla de bamb\u00fa plegable contempor\u00e1nea, ideal para espacios modernos y vers\u00e1tiles.","og_url":"https:\/\/tododebamboo.com\/mx\/producto\/silla-plegable-de-bambu-silla-plegable-de-madera-contemporan\/","og_site_name":"Todo de Bamboo","article_modified_time":"2024-08-13T17:53:24+00:00","og_image":[{"width":908,"height":846,"url":"https:\/\/tododebamboo.com\/mx\/wp-content\/uploads\/2021\/08\/Captura-de-pantalla-2024-08-12-a-las-14.53.04.png","type":"image\/png"}],"twitter_card":"summary_large_image","twitter_misc":{"Tiempo de lectura":"1 minuto"},"schema":{"@context":"https:\/\/schema.org","@graph":[{"@type":"WebPage","@id":"https:\/\/tododebamboo.com\/mx\/producto\/silla-plegable-de-bambu-silla-plegable-de-madera-contemporan\/","url":"https:\/\/tododebamboo.com\/mx\/producto\/silla-plegable-de-bambu-silla-plegable-de-madera-contemporan\/","name":"Silla Plegable De Bambu Silla Plegable De Madera Contemporan - Todo de Bamboo","isPartOf":{"@id":"https:\/\/tododebamboo.com\/mx\/#website"},"primaryImageOfPage":{"@id":"https:\/\/tododebamboo.com\/mx\/producto\/silla-plegable-de-bambu-silla-plegable-de-madera-contemporan\/#primaryimage"},"image":{"@id":"https:\/\/tododebamboo.com\/mx\/producto\/silla-plegable-de-bambu-silla-plegable-de-madera-contemporan\/#primaryimage"},"thumbnailUrl":"https:\/\/tododebamboo.com\/mx\/wp-content\/uploads\/2021\/08\/Captura-de-pantalla-2024-08-12-a-las-14.53.04.png","datePublished":"2021-08-18T23:30:52+00:00","dateModified":"2024-08-13T17:53:24+00:00","description":"Combina estilo y funcionalidad con nuestra silla de bamb\u00fa plegable contempor\u00e1nea, ideal para espacios modernos y vers\u00e1tiles.","breadcrumb":{"@id":"https:\/\/tododebamboo.com\/mx\/producto\/silla-plegable-de-bambu-silla-plegable-de-madera-contemporan\/#breadcrumb"},"inLanguage":"es","potentialAction":[{"@type":"ReadAction","target":["https:\/\/tododebamboo.com\/mx\/producto\/silla-plegable-de-bambu-silla-plegable-de-madera-contemporan\/"]}]},{"@type":"ImageObject","inLanguage":"es","@id":"https:\/\/tododebamboo.com\/mx\/producto\/silla-plegable-de-bambu-silla-plegable-de-madera-contemporan\/#primaryimage","url":"https:\/\/tododebamboo.com\/mx\/wp-content\/uploads\/2021\/08\/Captura-de-pantalla-2024-08-12-a-las-14.53.04.png","contentUrl":"https:\/\/tododebamboo.com\/mx\/wp-content\/uploads\/2021\/08\/Captura-de-pantalla-2024-08-12-a-las-14.53.04.png","width":908,"height":846,"caption":"silla de bamb\u00fa"},{"@type":"BreadcrumbList","@id":"https:\/\/tododebamboo.com\/mx\/producto\/silla-plegable-de-bambu-silla-plegable-de-madera-contemporan\/#breadcrumb","itemListElement":[{"@type":"ListItem","position":1,"name":"Portada","item":"https:\/\/tododebamboo.com\/mx\/"},{"@type":"ListItem","position":2,"name":"Tienda","item":"https:\/\/tododebamboo.com\/mx\/tienda\/"},{"@type":"ListItem","position":3,"name":"Silla Plegable De Bambu Silla Plegable De Madera Contemporan"}]},{"@type":"WebSite","@id":"https:\/\/tododebamboo.com\/mx\/#website","url":"https:\/\/tododebamboo.com\/mx\/","name":"Todo de Bamboo","description":"Tienda de Art\u00edculos de Bamboo","publisher":{"@id":"https:\/\/tododebamboo.com\/mx\/#organization"},"potentialAction":[{"@type":"SearchAction","target":{"@type":"EntryPoint","urlTemplate":"https:\/\/tododebamboo.com\/mx\/?s={search_term_string}"},"query-input":{"@type":"PropertyValueSpecification","valueRequired":true,"valueName":"search_term_string"}}],"inLanguage":"es"},{"@type":"Organization","@id":"https:\/\/tododebamboo.com\/mx\/#organization","name":"Todo de Bamboo","url":"https:\/\/tododebamboo.com\/mx\/","logo":{"@type":"ImageObject","inLanguage":"es","@id":"https:\/\/tododebamboo.com\/mx\/#\/schema\/logo\/image\/","url":"https:\/\/tododebamboo.com\/mx\/wp-content\/uploads\/2021\/06\/logo-final.png","contentUrl":"https:\/\/tododebamboo.com\/mx\/wp-content\/uploads\/2021\/06\/logo-final.png","width":3745,"height":2352,"caption":"Todo de Bamboo"},"image":{"@id":"https:\/\/tododebamboo.com\/mx\/#\/schema\/logo\/image\/"}}]}},"_links":{"self":[{"href":"https:\/\/tododebamboo.com\/mx\/wp-json\/wp\/v2\/product\/581"}],"collection":[{"href":"https:\/\/tododebamboo.com\/mx\/wp-json\/wp\/v2\/product"}],"about":[{"href":"https:\/\/tododebamboo.com\/mx\/wp-json\/wp\/v2\/types\/product"}],"replies":[{"embeddable":true,"href":"https:\/\/tododebamboo.com\/mx\/wp-json\/wp\/v2\/comments?post=581"}],"wp:featuredmedia":[{"embeddable":true,"href":"https:\/\/tododebamboo.com\/mx\/wp-json\/wp\/v2\/media\/1145"}],"wp:attachment":[{"href":"https:\/\/tododebamboo.com\/mx\/wp-json\/wp\/v2\/media?parent=581"}],"wp:term":[{"taxonomy":"product_cat","embeddable":true,"href":"https:\/\/tododebamboo.com\/mx\/wp-json\/wp\/v2\/product_cat?post=581"},{"taxonomy":"product_tag","embeddable":true,"href":"https:\/\/tododebamboo.com\/mx\/wp-json\/wp\/v2\/product_tag?post=581"}],"curies":[{"name":"wp","href":"https:\/\/api.w.org\/{rel}","templated":true}]}}