{"id":577,"date":"2021-08-17T12:01:58","date_gmt":"2021-08-17T17:01:58","guid":{"rendered":"https:\/\/tododebamboo.com\/mx\/?post_type=product&#038;p=577"},"modified":"2024-08-13T12:54:35","modified_gmt":"2024-08-13T17:54:35","slug":"silla-de-bambu-rojo-oscuro-para-interiores-y-exteriores","status":"publish","type":"product","link":"https:\/\/tododebamboo.com\/mx\/producto\/silla-de-bambu-rojo-oscuro-para-interiores-y-exteriores\/","title":{"rendered":"Silla De Bamb\u00fa Rojo Oscuro Para Interiores Y Exteriores"},"content":{"rendered":"","protected":false},"excerpt":{"rendered":"<h1 class=\"a-size-base-plus a-text-bold\">Acerca de este art\u00edculo<\/h1>\n<div class=\"ui-vpp-striped-specs\">\n<div class=\"ui-vpp-striped-specs__table\">\n<h3 class=\"ui-vpp-striped-specs__header\">Caracter\u00edsticas principales<\/h3>\n<table class=\"andes-table\">\n<tbody class=\"andes-table__body\">\n<tr class=\"andes-table__row ui-vpp-striped-specs__row\">\n<th class=\"andes-table__header andes-table__header--left ui-vpp-striped-specs__row__column ui-vpp-striped-specs__row__column--id\" scope=\"row\">\n<div class=\"andes-table__header__container\">Marca<\/div>\n<\/th>\n<td id=\":Ra9tat6l9im:\" class=\"andes-table__column andes-table__column--left andes-table__column--vertical-align-center ui-vpp-striped-specs__row__column\"><span id=\":Ra9tat6l9im:-value\" class=\"andes-table__column--value\">Flash Furniture<\/span><\/td>\n<\/tr>\n<tr class=\"andes-table__row ui-vpp-striped-specs__row\">\n<th class=\"andes-table__header andes-table__header--left ui-vpp-striped-specs__row__column ui-vpp-striped-specs__row__column--id\" scope=\"row\">\n<div class=\"andes-table__header__container\">Modelo<\/div>\n<\/th>\n<td id=\":Raatat6l9im:\" class=\"andes-table__column andes-table__column--left andes-table__column--vertical-align-center ui-vpp-striped-specs__row__column\"><span id=\":Raatat6l9im:-value\" class=\"andes-table__column--value\">Flash Furniture<\/span><\/td>\n<\/tr>\n<tr class=\"andes-table__row ui-vpp-striped-specs__row\">\n<th class=\"andes-table__header andes-table__header--left ui-vpp-striped-specs__row__column ui-vpp-striped-specs__row__column--id\" scope=\"row\">\n<div class=\"andes-table__header__container\">Tipo de silla<\/div>\n<\/th>\n<td id=\":Rabtat6l9im:\" class=\"andes-table__column andes-table__column--left andes-table__column--vertical-align-center ui-vpp-striped-specs__row__column\"><span id=\":Rabtat6l9im:-value\" class=\"andes-table__column--value\">Ver Descripci\u00f3n<\/span><\/td>\n<\/tr>\n<tr class=\"andes-table__row ui-vpp-striped-specs__row\">\n<th class=\"andes-table__header andes-table__header--left ui-vpp-striped-specs__row__column ui-vpp-striped-specs__row__column--id\" scope=\"row\">\n<div class=\"andes-table__header__container\">Color<\/div>\n<\/th>\n<td id=\":Ractat6l9im:\" class=\"andes-table__column andes-table__column--left andes-table__column--vertical-align-center ui-vpp-striped-specs__row__column\"><span id=\":Ractat6l9im:-value\" class=\"andes-table__column--value\">Rata marr\u00f3n ardiente\/marco de bamb\u00fa rojo oscuro y aluminio<\/span><\/td>\n<\/tr>\n<\/tbody>\n<\/table>\n<\/div>\n<\/div>\n<div class=\"ui-vpp-striped-specs\">\n<div class=\"ui-vpp-striped-specs__table\">\n<h3 class=\"ui-vpp-striped-specs__header\">Otras caracter\u00edsticas<\/h3>\n<table class=\"andes-table\">\n<tbody class=\"andes-table__body\">\n<tr class=\"andes-table__row ui-vpp-striped-specs__row\">\n<th class=\"andes-table__header andes-table__header--left ui-vpp-striped-specs__row__column ui-vpp-striped-specs__row__column--id\" scope=\"row\">\n<div class=\"andes-table__header__container\">Materiales de la estructura<\/div>\n<\/th>\n<td id=\":Ra9tit6l9im:\" class=\"andes-table__column andes-table__column--left andes-table__column--vertical-align-center ui-vpp-striped-specs__row__column\"><span id=\":Ra9tit6l9im:-value\" class=\"andes-table__column--value\">Materiales de la estructura<\/span><\/td>\n<\/tr>\n<tr class=\"andes-table__row ui-vpp-striped-specs__row\">\n<th class=\"andes-table__header andes-table__header--left ui-vpp-striped-specs__row__column ui-vpp-striped-specs__row__column--id\" scope=\"row\">\n<div class=\"andes-table__header__container\">Material del asiento<\/div>\n<\/th>\n<td id=\":Raatit6l9im:\" class=\"andes-table__column andes-table__column--left andes-table__column--vertical-align-center ui-vpp-striped-specs__row__column\"><span id=\":Raatit6l9im:-value\" class=\"andes-table__column--value\">Material del asiento<\/span><\/td>\n<\/tr>\n<tr class=\"andes-table__row ui-vpp-striped-specs__row\">\n<th class=\"andes-table__header andes-table__header--left ui-vpp-striped-specs__row__column ui-vpp-striped-specs__row__column--id\" scope=\"row\">\n<div class=\"andes-table__header__container\">Material del apoyabrazos<\/div>\n<\/th>\n<td id=\":Rabtit6l9im:\" class=\"andes-table__column andes-table__column--left andes-table__column--vertical-align-center ui-vpp-striped-specs__row__column\"><span id=\":Rabtit6l9im:-value\" class=\"andes-table__column--value\">Material del apoyabrazos<\/span><\/td>\n<\/tr>\n<tr class=\"andes-table__row ui-vpp-striped-specs__row\">\n<th class=\"andes-table__header andes-table__header--left ui-vpp-striped-specs__row__column ui-vpp-striped-specs__row__column--id\" scope=\"row\">\n<div class=\"andes-table__header__container\">Largo x Ancho x Altura<\/div>\n<\/th>\n<td id=\":Ractit6l9im:\" class=\"andes-table__column andes-table__column--left andes-table__column--vertical-align-center ui-vpp-striped-specs__row__column\"><span id=\":Ractit6l9im:-value\" class=\"andes-table__column--value\">0 cm x 0 cm x 0 cm<\/span><\/td>\n<\/tr>\n<tr class=\"andes-table__row ui-vpp-striped-specs__row\">\n<th class=\"andes-table__header andes-table__header--left ui-vpp-striped-specs__row__column ui-vpp-striped-specs__row__column--id\" scope=\"row\">\n<div class=\"andes-table__header__container\">Peso<\/div>\n<\/th>\n<td id=\":Radtit6l9im:\" class=\"andes-table__column andes-table__column--left andes-table__column--vertical-align-center ui-vpp-striped-specs__row__column\"><span id=\":Radtit6l9im:-value\" class=\"andes-table__column--value\">4 kg<\/span><\/td>\n<\/tr>\n<tr class=\"andes-table__row ui-vpp-striped-specs__row\">\n<th class=\"andes-table__header andes-table__header--left ui-vpp-striped-specs__row__column ui-vpp-striped-specs__row__column--id\" scope=\"row\">\n<div class=\"andes-table__header__container\">Peso m\u00e1ximo soportado<\/div>\n<\/th>\n<td id=\":Raetit6l9im:\" class=\"andes-table__column andes-table__column--left andes-table__column--vertical-align-center ui-vpp-striped-specs__row__column\"><span id=\":Raetit6l9im:-value\" class=\"andes-table__column--value\">0 kg<\/span><\/td>\n<\/tr>\n<tr class=\"andes-table__row ui-vpp-striped-specs__row\">\n<th class=\"andes-table__header andes-table__header--left ui-vpp-striped-specs__row__column ui-vpp-striped-specs__row__column--id\" scope=\"row\">\n<div class=\"andes-table__header__container\">Cantidad de posiciones<\/div>\n<\/th>\n<td id=\":Raftit6l9im:\" class=\"andes-table__column andes-table__column--left andes-table__column--vertical-align-center ui-vpp-striped-specs__row__column\"><span id=\":Raftit6l9im:-value\" class=\"andes-table__column--value\">0<\/span><\/td>\n<\/tr>\n<\/tbody>\n<\/table>\n<\/div>\n<\/div>\n<p>DETALLES:<br \/>\nRat\u00e1n\/Pl\u00e1stico\/Aluminio<\/p>\n<p>Cuando quieras que tu espacio de vida al aire libre sea m\u00e1s que solo donde se sienta la parrilla, esta hermosa silla de patio har\u00e1 que tu patio o terraza cobre vida. Esta silla excepcional muestra que tienes un gusto excepcional que nunca pasa de moda.<\/p>\n<p>Respaldo y asiento curvados de rat\u00e1n marr\u00f3n con brazos integrados<\/p>\n<p>Marco de aluminio de bamb\u00fa rojo oscuro con tirantes cruzados para mayor estabilidad<\/p>\n<p>Silla de caf\u00e9 apilable contempor\u00e1nea dise\u00f1ada para uso comercial o residencial<\/p>\n<p>Medidas del producto: Tama\u00f1o total: 22 pulgadas de ancho x 25.5 pulgadas de profundidad x 30.25 pulgadas de alto tama\u00f1o del asiento: 16.75 pulgadas de ancho x 17.5 pulgadas de profundidad x 18 pulgadas de alto tama\u00f1o del respaldo: 14 pulgadas de ancho x 13 pulgadas de alto tama\u00f1o del brazo: 26.5 pulgadas de alto desde el suelo 9 pulgadas de alto desde el asiento no requiere montaje<\/p>\n<p>TABLA DE CARACTER\u00cdSTICAS:<br \/>\nColor: Rata marr\u00f3n ardiente\/marco de bamb\u00fa rojo oscuro y aluminio<br \/>\nDimensiones del producto: 25,5&#8243;D x 22&#8243;Ancho x 30,25&#8243;Altura pulgadas<br \/>\nTalla: Paquete de 1<br \/>\nEstilo trasero: Curvo<br \/>\nCaracter\u00edsticas especiales: Resistente a la intemperie<br \/>\nInstrucciones de cuidado del producto: Limpiador a base de agua<br \/>\nRecuento de unidades: 1 Count<br \/>\nUsos Recomendados Para Producto: Vivir, al aire libre<br \/>\nM\u00e1ximo peso recomendado: 250 Libras<br \/>\nEstilo: Curvo<br \/>\nPattern: S\u00f3lido<br \/>\nTipo de sala: Patio; Porche<br \/>\nRango de edad (descripci\u00f3n): Adulto<br \/>\nComponentes incluidos: Sillas de patio de bamb\u00fa<br \/>\nForma: Cuadrada<br \/>\nNombre del modelo: Flash Furniture<br \/>\nEstilo de brazo: Fijo<br \/>\nRecomendaci\u00f3n de superficie: Piso Duro<br \/>\nMovimiento de base del mueble: Pata Deslizante<br \/>\nUso en interiores y exteriores: Interior<br \/>\nAcabado del mueble: Plastic<br \/>\nMaterial de relleno: Espuma<br \/>\nRecuento de posiciones de reclinaci\u00f3n: 1<br \/>\nEs personalizable: No<br \/>\nEs el\u00e9ctrico: No<br \/>\nN\u00famero de portavasos: 1<br \/>\nPa\u00eds de origen: China<br \/>\nN\u00famero de modelo del producto: SDA-AD632009D-1-GG<br \/>\nTipo Tejido: Rat\u00e1n\/Pl\u00e1stico\/Aluminio<br \/>\nRelleno: Espuma<br \/>\nFactor de forma: Mimbre\/rat\u00e1n<br \/>\nSe requiere ensamblaje: No<br \/>\nN\u00famero de piezas: 1<br \/>\nRequiere bater\u00edas: No<\/p>\n","protected":false},"featured_media":1149,"comment_status":"open","ping_status":"closed","template":"","meta":[],"product_cat":[53],"product_tag":[55,56,54],"class_list":{"0":"post-577","1":"product","2":"type-product","3":"status-publish","4":"has-post-thumbnail","6":"product_cat-sillas-de-bambu","7":"product_tag-productos-de-bambu","8":"product_tag-productos-de-bambu-en-mexico","9":"product_tag-sillas-de-bambu","11":"first","12":"instock","13":"shipping-taxable","14":"product-type-external"},"yoast_head":"<!-- This site is optimized with the Yoast SEO plugin v25.6 - https:\/\/yoast.com\/wordpress\/plugins\/seo\/ -->\n<title>Silla De Bamb\u00fa Rojo Oscuro Para Interiores Y Exteriores - Todo de Bamboo<\/title>\n<meta name=\"description\" content=\"A\u00f1ade un toque sofisticado a tus espacios con nuestra silla de bamb\u00fa rojo oscuro, perfecta para decorar en interiores y exteriores.\" \/>\n<meta name=\"robots\" content=\"noindex, follow\" \/>\n<meta property=\"og:locale\" content=\"es_ES\" \/>\n<meta property=\"og:type\" content=\"article\" \/>\n<meta property=\"og:title\" content=\"Silla De Bamb\u00fa Rojo Oscuro Para Interiores Y Exteriores - Todo de Bamboo\" \/>\n<meta property=\"og:description\" content=\"A\u00f1ade un toque sofisticado a tus espacios con nuestra silla de bamb\u00fa rojo oscuro, perfecta para decorar en interiores y exteriores.\" \/>\n<meta property=\"og:url\" content=\"https:\/\/tododebamboo.com\/mx\/producto\/silla-de-bambu-rojo-oscuro-para-interiores-y-exteriores\/\" \/>\n<meta property=\"og:site_name\" content=\"Todo de Bamboo\" \/>\n<meta property=\"article:modified_time\" content=\"2024-08-13T17:54:35+00:00\" \/>\n<meta property=\"og:image\" content=\"https:\/\/tododebamboo.com\/mx\/wp-content\/uploads\/2021\/08\/Captura-de-pantalla-2024-08-12-a-las-14.58.03.png\" \/>\n\t<meta property=\"og:image:width\" content=\"1170\" \/>\n\t<meta property=\"og:image:height\" content=\"948\" \/>\n\t<meta property=\"og:image:type\" content=\"image\/png\" \/>\n<meta name=\"twitter:card\" content=\"summary_large_image\" \/>\n<meta name=\"twitter:label1\" content=\"Tiempo de lectura\" \/>\n\t<meta name=\"twitter:data1\" content=\"1 minuto\" \/>\n<script type=\"application\/ld+json\" class=\"yoast-schema-graph\">{\"@context\":\"https:\/\/schema.org\",\"@graph\":[{\"@type\":\"WebPage\",\"@id\":\"https:\/\/tododebamboo.com\/mx\/producto\/silla-de-bambu-rojo-oscuro-para-interiores-y-exteriores\/\",\"url\":\"https:\/\/tododebamboo.com\/mx\/producto\/silla-de-bambu-rojo-oscuro-para-interiores-y-exteriores\/\",\"name\":\"Silla De Bamb\u00fa Rojo Oscuro Para Interiores Y Exteriores - Todo de Bamboo\",\"isPartOf\":{\"@id\":\"https:\/\/tododebamboo.com\/mx\/#website\"},\"primaryImageOfPage\":{\"@id\":\"https:\/\/tododebamboo.com\/mx\/producto\/silla-de-bambu-rojo-oscuro-para-interiores-y-exteriores\/#primaryimage\"},\"image\":{\"@id\":\"https:\/\/tododebamboo.com\/mx\/producto\/silla-de-bambu-rojo-oscuro-para-interiores-y-exteriores\/#primaryimage\"},\"thumbnailUrl\":\"https:\/\/tododebamboo.com\/mx\/wp-content\/uploads\/2021\/08\/Captura-de-pantalla-2024-08-12-a-las-14.58.03.png\",\"datePublished\":\"2021-08-17T17:01:58+00:00\",\"dateModified\":\"2024-08-13T17:54:35+00:00\",\"description\":\"A\u00f1ade un toque sofisticado a tus espacios con nuestra silla de bamb\u00fa rojo oscuro, perfecta para decorar en interiores y exteriores.\",\"breadcrumb\":{\"@id\":\"https:\/\/tododebamboo.com\/mx\/producto\/silla-de-bambu-rojo-oscuro-para-interiores-y-exteriores\/#breadcrumb\"},\"inLanguage\":\"es\",\"potentialAction\":[{\"@type\":\"ReadAction\",\"target\":[\"https:\/\/tododebamboo.com\/mx\/producto\/silla-de-bambu-rojo-oscuro-para-interiores-y-exteriores\/\"]}]},{\"@type\":\"ImageObject\",\"inLanguage\":\"es\",\"@id\":\"https:\/\/tododebamboo.com\/mx\/producto\/silla-de-bambu-rojo-oscuro-para-interiores-y-exteriores\/#primaryimage\",\"url\":\"https:\/\/tododebamboo.com\/mx\/wp-content\/uploads\/2021\/08\/Captura-de-pantalla-2024-08-12-a-las-14.58.03.png\",\"contentUrl\":\"https:\/\/tododebamboo.com\/mx\/wp-content\/uploads\/2021\/08\/Captura-de-pantalla-2024-08-12-a-las-14.58.03.png\",\"width\":1170,\"height\":948,\"caption\":\"silla de bamb\u00fa\"},{\"@type\":\"BreadcrumbList\",\"@id\":\"https:\/\/tododebamboo.com\/mx\/producto\/silla-de-bambu-rojo-oscuro-para-interiores-y-exteriores\/#breadcrumb\",\"itemListElement\":[{\"@type\":\"ListItem\",\"position\":1,\"name\":\"Portada\",\"item\":\"https:\/\/tododebamboo.com\/mx\/\"},{\"@type\":\"ListItem\",\"position\":2,\"name\":\"Tienda\",\"item\":\"https:\/\/tododebamboo.com\/mx\/tienda\/\"},{\"@type\":\"ListItem\",\"position\":3,\"name\":\"Silla De Bamb\u00fa Rojo Oscuro Para Interiores Y Exteriores\"}]},{\"@type\":\"WebSite\",\"@id\":\"https:\/\/tododebamboo.com\/mx\/#website\",\"url\":\"https:\/\/tododebamboo.com\/mx\/\",\"name\":\"Todo de Bamboo\",\"description\":\"Tienda de Art\u00edculos de Bamboo\",\"publisher\":{\"@id\":\"https:\/\/tododebamboo.com\/mx\/#organization\"},\"potentialAction\":[{\"@type\":\"SearchAction\",\"target\":{\"@type\":\"EntryPoint\",\"urlTemplate\":\"https:\/\/tododebamboo.com\/mx\/?s={search_term_string}\"},\"query-input\":{\"@type\":\"PropertyValueSpecification\",\"valueRequired\":true,\"valueName\":\"search_term_string\"}}],\"inLanguage\":\"es\"},{\"@type\":\"Organization\",\"@id\":\"https:\/\/tododebamboo.com\/mx\/#organization\",\"name\":\"Todo de Bamboo\",\"url\":\"https:\/\/tododebamboo.com\/mx\/\",\"logo\":{\"@type\":\"ImageObject\",\"inLanguage\":\"es\",\"@id\":\"https:\/\/tododebamboo.com\/mx\/#\/schema\/logo\/image\/\",\"url\":\"https:\/\/tododebamboo.com\/mx\/wp-content\/uploads\/2021\/06\/logo-final.png\",\"contentUrl\":\"https:\/\/tododebamboo.com\/mx\/wp-content\/uploads\/2021\/06\/logo-final.png\",\"width\":3745,\"height\":2352,\"caption\":\"Todo de Bamboo\"},\"image\":{\"@id\":\"https:\/\/tododebamboo.com\/mx\/#\/schema\/logo\/image\/\"}}]}<\/script>\n<!-- \/ Yoast SEO plugin. -->","yoast_head_json":{"title":"Silla De Bamb\u00fa Rojo Oscuro Para Interiores Y Exteriores - Todo de Bamboo","description":"A\u00f1ade un toque sofisticado a tus espacios con nuestra silla de bamb\u00fa rojo oscuro, perfecta para decorar en interiores y exteriores.","robots":{"index":"noindex","follow":"follow"},"og_locale":"es_ES","og_type":"article","og_title":"Silla De Bamb\u00fa Rojo Oscuro Para Interiores Y Exteriores - Todo de Bamboo","og_description":"A\u00f1ade un toque sofisticado a tus espacios con nuestra silla de bamb\u00fa rojo oscuro, perfecta para decorar en interiores y exteriores.","og_url":"https:\/\/tododebamboo.com\/mx\/producto\/silla-de-bambu-rojo-oscuro-para-interiores-y-exteriores\/","og_site_name":"Todo de Bamboo","article_modified_time":"2024-08-13T17:54:35+00:00","og_image":[{"width":1170,"height":948,"url":"https:\/\/tododebamboo.com\/mx\/wp-content\/uploads\/2021\/08\/Captura-de-pantalla-2024-08-12-a-las-14.58.03.png","type":"image\/png"}],"twitter_card":"summary_large_image","twitter_misc":{"Tiempo de lectura":"1 minuto"},"schema":{"@context":"https:\/\/schema.org","@graph":[{"@type":"WebPage","@id":"https:\/\/tododebamboo.com\/mx\/producto\/silla-de-bambu-rojo-oscuro-para-interiores-y-exteriores\/","url":"https:\/\/tododebamboo.com\/mx\/producto\/silla-de-bambu-rojo-oscuro-para-interiores-y-exteriores\/","name":"Silla De Bamb\u00fa Rojo Oscuro Para Interiores Y Exteriores - Todo de Bamboo","isPartOf":{"@id":"https:\/\/tododebamboo.com\/mx\/#website"},"primaryImageOfPage":{"@id":"https:\/\/tododebamboo.com\/mx\/producto\/silla-de-bambu-rojo-oscuro-para-interiores-y-exteriores\/#primaryimage"},"image":{"@id":"https:\/\/tododebamboo.com\/mx\/producto\/silla-de-bambu-rojo-oscuro-para-interiores-y-exteriores\/#primaryimage"},"thumbnailUrl":"https:\/\/tododebamboo.com\/mx\/wp-content\/uploads\/2021\/08\/Captura-de-pantalla-2024-08-12-a-las-14.58.03.png","datePublished":"2021-08-17T17:01:58+00:00","dateModified":"2024-08-13T17:54:35+00:00","description":"A\u00f1ade un toque sofisticado a tus espacios con nuestra silla de bamb\u00fa rojo oscuro, perfecta para decorar en interiores y exteriores.","breadcrumb":{"@id":"https:\/\/tododebamboo.com\/mx\/producto\/silla-de-bambu-rojo-oscuro-para-interiores-y-exteriores\/#breadcrumb"},"inLanguage":"es","potentialAction":[{"@type":"ReadAction","target":["https:\/\/tododebamboo.com\/mx\/producto\/silla-de-bambu-rojo-oscuro-para-interiores-y-exteriores\/"]}]},{"@type":"ImageObject","inLanguage":"es","@id":"https:\/\/tododebamboo.com\/mx\/producto\/silla-de-bambu-rojo-oscuro-para-interiores-y-exteriores\/#primaryimage","url":"https:\/\/tododebamboo.com\/mx\/wp-content\/uploads\/2021\/08\/Captura-de-pantalla-2024-08-12-a-las-14.58.03.png","contentUrl":"https:\/\/tododebamboo.com\/mx\/wp-content\/uploads\/2021\/08\/Captura-de-pantalla-2024-08-12-a-las-14.58.03.png","width":1170,"height":948,"caption":"silla de bamb\u00fa"},{"@type":"BreadcrumbList","@id":"https:\/\/tododebamboo.com\/mx\/producto\/silla-de-bambu-rojo-oscuro-para-interiores-y-exteriores\/#breadcrumb","itemListElement":[{"@type":"ListItem","position":1,"name":"Portada","item":"https:\/\/tododebamboo.com\/mx\/"},{"@type":"ListItem","position":2,"name":"Tienda","item":"https:\/\/tododebamboo.com\/mx\/tienda\/"},{"@type":"ListItem","position":3,"name":"Silla De Bamb\u00fa Rojo Oscuro Para Interiores Y Exteriores"}]},{"@type":"WebSite","@id":"https:\/\/tododebamboo.com\/mx\/#website","url":"https:\/\/tododebamboo.com\/mx\/","name":"Todo de Bamboo","description":"Tienda de Art\u00edculos de Bamboo","publisher":{"@id":"https:\/\/tododebamboo.com\/mx\/#organization"},"potentialAction":[{"@type":"SearchAction","target":{"@type":"EntryPoint","urlTemplate":"https:\/\/tododebamboo.com\/mx\/?s={search_term_string}"},"query-input":{"@type":"PropertyValueSpecification","valueRequired":true,"valueName":"search_term_string"}}],"inLanguage":"es"},{"@type":"Organization","@id":"https:\/\/tododebamboo.com\/mx\/#organization","name":"Todo de Bamboo","url":"https:\/\/tododebamboo.com\/mx\/","logo":{"@type":"ImageObject","inLanguage":"es","@id":"https:\/\/tododebamboo.com\/mx\/#\/schema\/logo\/image\/","url":"https:\/\/tododebamboo.com\/mx\/wp-content\/uploads\/2021\/06\/logo-final.png","contentUrl":"https:\/\/tododebamboo.com\/mx\/wp-content\/uploads\/2021\/06\/logo-final.png","width":3745,"height":2352,"caption":"Todo de Bamboo"},"image":{"@id":"https:\/\/tododebamboo.com\/mx\/#\/schema\/logo\/image\/"}}]}},"_links":{"self":[{"href":"https:\/\/tododebamboo.com\/mx\/wp-json\/wp\/v2\/product\/577"}],"collection":[{"href":"https:\/\/tododebamboo.com\/mx\/wp-json\/wp\/v2\/product"}],"about":[{"href":"https:\/\/tododebamboo.com\/mx\/wp-json\/wp\/v2\/types\/product"}],"replies":[{"embeddable":true,"href":"https:\/\/tododebamboo.com\/mx\/wp-json\/wp\/v2\/comments?post=577"}],"wp:featuredmedia":[{"embeddable":true,"href":"https:\/\/tododebamboo.com\/mx\/wp-json\/wp\/v2\/media\/1149"}],"wp:attachment":[{"href":"https:\/\/tododebamboo.com\/mx\/wp-json\/wp\/v2\/media?parent=577"}],"wp:term":[{"taxonomy":"product_cat","embeddable":true,"href":"https:\/\/tododebamboo.com\/mx\/wp-json\/wp\/v2\/product_cat?post=577"},{"taxonomy":"product_tag","embeddable":true,"href":"https:\/\/tododebamboo.com\/mx\/wp-json\/wp\/v2\/product_tag?post=577"}],"curies":[{"name":"wp","href":"https:\/\/api.w.org\/{rel}","templated":true}]}}