{"id":1174,"date":"2024-08-12T20:03:02","date_gmt":"2024-08-13T01:03:02","guid":{"rendered":"https:\/\/tododebamboo.com\/mx\/?post_type=product&#038;p=1174"},"modified":"2025-04-13T09:05:06","modified_gmt":"2025-04-13T14:05:06","slug":"frasco-de-vidrio-con-tapa-de-bambu-y-popote-4-uds","status":"publish","type":"product","link":"https:\/\/tododebamboo.com\/mx\/producto\/frasco-de-vidrio-con-tapa-de-bambu-y-popote-4-uds\/","title":{"rendered":"Frasco De Vidrio Con Tapa De Bamb\u00fa Y Popote, 4 Uds."},"content":{"rendered":"","protected":false},"excerpt":{"rendered":"<div id=\"highlighted_specs_attrs\" class=\"ui-pdp-container__row ui-pdp-container__row--highlighted-specs-attrs\">\n<section id=\"highlighted_specs_attrs\" class=\"ui-vpp-highlighted-specs pl-45 pr-45\">\n<div class=\"ui-pdp-container__row ui-pdp-container__row--technical-specifications\">\n<div class=\"ui-pdp-collapsable ui-vpp-highlighted-specs__striped-collapsed__action\">\n<div class=\"ui-pdp-collapsable__container\">\n<div class=\"ui-vpp-highlighted-specs__striped-specs\">\n<div class=\"ui-vpp-striped-specs\">\n<div class=\"ui-vpp-striped-specs__table\">\n<h3 class=\"ui-vpp-striped-specs__header\">Caracter\u00edsticas principales<\/h3>\n<table class=\"andes-table\">\n<tbody class=\"andes-table__body\">\n<tr class=\"andes-table__row ui-vpp-striped-specs__row\">\n<th class=\"andes-table__header andes-table__header--left ui-vpp-striped-specs__row__column ui-vpp-striped-specs__row__column--id\" scope=\"row\">\n<div class=\"andes-table__header__container\">Marca<\/div>\n<\/th>\n<td id=\":Rkhtat6l9im:\" class=\"andes-table__column andes-table__column--left andes-table__column--vertical-align-center ui-vpp-striped-specs__row__column\"><span id=\":Rkhtat6l9im:-value\" class=\"andes-table__column--value\">Gen\u00e9rica<\/span><\/td>\n<\/tr>\n<tr class=\"andes-table__row ui-vpp-striped-specs__row\">\n<th class=\"andes-table__header andes-table__header--left ui-vpp-striped-specs__row__column ui-vpp-striped-specs__row__column--id\" scope=\"row\">\n<div class=\"andes-table__header__container\">L\u00ednea<\/div>\n<\/th>\n<td id=\":Rkitat6l9im:\" class=\"andes-table__column andes-table__column--left andes-table__column--vertical-align-center ui-vpp-striped-specs__row__column\"><span id=\":Rkitat6l9im:-value\" class=\"andes-table__column--value\">4<\/span><\/td>\n<\/tr>\n<tr class=\"andes-table__row ui-vpp-striped-specs__row\">\n<th class=\"andes-table__header andes-table__header--left ui-vpp-striped-specs__row__column ui-vpp-striped-specs__row__column--id\" scope=\"row\">\n<div class=\"andes-table__header__container\">Modelo<\/div>\n<\/th>\n<td id=\":Rkjtat6l9im:\" class=\"andes-table__column andes-table__column--left andes-table__column--vertical-align-center ui-vpp-striped-specs__row__column\"><span id=\":Rkjtat6l9im:-value\" class=\"andes-table__column--value\">659<\/span><\/td>\n<\/tr>\n<tr class=\"andes-table__row ui-vpp-striped-specs__row\">\n<th class=\"andes-table__header andes-table__header--left ui-vpp-striped-specs__row__column ui-vpp-striped-specs__row__column--id\" scope=\"row\">\n<div class=\"andes-table__header__container\">Tipo de producto<\/div>\n<\/th>\n<td id=\":Rkktat6l9im:\" class=\"andes-table__column andes-table__column--left andes-table__column--vertical-align-center ui-vpp-striped-specs__row__column\"><span id=\":Rkktat6l9im:-value\" class=\"andes-table__column--value\">Vaso<\/span><\/td>\n<\/tr>\n<tr class=\"andes-table__row ui-vpp-striped-specs__row\">\n<th class=\"andes-table__header andes-table__header--left ui-vpp-striped-specs__row__column ui-vpp-striped-specs__row__column--id\" scope=\"row\">\n<div class=\"andes-table__header__container\">Nombre del dise\u00f1o<\/div>\n<\/th>\n<td id=\":Rkltat6l9im:\" class=\"andes-table__column andes-table__column--left andes-table__column--vertical-align-center ui-vpp-striped-specs__row__column\"><span id=\":Rkltat6l9im:-value\" class=\"andes-table__column--value\">Cola Coffee Cup<\/span><\/td>\n<\/tr>\n<tr class=\"andes-table__row ui-vpp-striped-specs__row\">\n<th class=\"andes-table__header andes-table__header--left ui-vpp-striped-specs__row__column ui-vpp-striped-specs__row__column--id\" scope=\"row\">\n<div class=\"andes-table__header__container\">Formato de venta<\/div>\n<\/th>\n<td id=\":Rkmtat6l9im:\" class=\"andes-table__column andes-table__column--left andes-table__column--vertical-align-center ui-vpp-striped-specs__row__column\"><span id=\":Rkmtat6l9im:-value\" class=\"andes-table__column--value\">Pack<\/span><\/td>\n<\/tr>\n<tr class=\"andes-table__row ui-vpp-striped-specs__row\">\n<th class=\"andes-table__header andes-table__header--left ui-vpp-striped-specs__row__column ui-vpp-striped-specs__row__column--id\" scope=\"row\">\n<div class=\"andes-table__header__container\">Unidades por pack<\/div>\n<\/th>\n<td id=\":Rkntat6l9im:\" class=\"andes-table__column andes-table__column--left andes-table__column--vertical-align-center ui-vpp-striped-specs__row__column\"><span id=\":Rkntat6l9im:-value\" class=\"andes-table__column--value\">4<\/span><\/td>\n<\/tr>\n<tr class=\"andes-table__row ui-vpp-striped-specs__row\">\n<th class=\"andes-table__header andes-table__header--left ui-vpp-striped-specs__row__column ui-vpp-striped-specs__row__column--id\" scope=\"row\">\n<div class=\"andes-table__header__container\">Capacidad en volumen<\/div>\n<\/th>\n<td id=\":Rkotat6l9im:\" class=\"andes-table__column andes-table__column--left andes-table__column--vertical-align-center ui-vpp-striped-specs__row__column\"><span id=\":Rkotat6l9im:-value\" class=\"andes-table__column--value\">500 mL<\/span><\/td>\n<\/tr>\n<\/tbody>\n<\/table>\n<\/div>\n<\/div>\n<div class=\"ui-vpp-striped-specs\">\n<div class=\"ui-vpp-striped-specs__table\">\n<h3 class=\"ui-vpp-striped-specs__header\">Otros<\/h3>\n<table class=\"andes-table\">\n<tbody class=\"andes-table__body\">\n<tr class=\"andes-table__row ui-vpp-striped-specs__row\">\n<th class=\"andes-table__header andes-table__header--left ui-vpp-striped-specs__row__column ui-vpp-striped-specs__row__column--id\" scope=\"row\">\n<div class=\"andes-table__header__container\">Altura<\/div>\n<\/th>\n<td id=\":Rkhtit6l9im:\" class=\"andes-table__column andes-table__column--left andes-table__column--vertical-align-center ui-vpp-striped-specs__row__column\"><span id=\":Rkhtit6l9im:-value\" class=\"andes-table__column--value\">15 cm<\/span><\/td>\n<\/tr>\n<tr class=\"andes-table__row ui-vpp-striped-specs__row\">\n<th class=\"andes-table__header andes-table__header--left ui-vpp-striped-specs__row__column ui-vpp-striped-specs__row__column--id\" scope=\"row\">\n<div class=\"andes-table__header__container\">Di\u00e1metro de la boca<\/div>\n<\/th>\n<td id=\":Rkitit6l9im:\" class=\"andes-table__column andes-table__column--left andes-table__column--vertical-align-center ui-vpp-striped-specs__row__column\"><span id=\":Rkitit6l9im:-value\" class=\"andes-table__column--value\">7 cm<\/span><\/td>\n<\/tr>\n<tr class=\"andes-table__row ui-vpp-striped-specs__row\">\n<th class=\"andes-table__header andes-table__header--left ui-vpp-striped-specs__row__column ui-vpp-striped-specs__row__column--id\" scope=\"row\">\n<div class=\"andes-table__header__container\">Material<\/div>\n<\/th>\n<td id=\":Rkjtit6l9im:\" class=\"andes-table__column andes-table__column--left andes-table__column--vertical-align-center ui-vpp-striped-specs__row__column\"><span id=\":Rkjtit6l9im:-value\" class=\"andes-table__column--value\">Vidrio<\/span><\/td>\n<\/tr>\n<tr class=\"andes-table__row ui-vpp-striped-specs__row\">\n<th class=\"andes-table__header andes-table__header--left ui-vpp-striped-specs__row__column ui-vpp-striped-specs__row__column--id\" scope=\"row\">\n<div class=\"andes-table__header__container\">Es producto personalizado<\/div>\n<\/th>\n<td id=\":Rkktit6l9im:\" class=\"andes-table__column andes-table__column--left andes-table__column--vertical-align-center ui-vpp-striped-specs__row__column\"><span id=\":Rkktit6l9im:-value\" class=\"andes-table__column--value\">S\u00ed<\/span><\/td>\n<\/tr>\n<tr class=\"andes-table__row ui-vpp-striped-specs__row\">\n<th class=\"andes-table__header andes-table__header--left ui-vpp-striped-specs__row__column ui-vpp-striped-specs__row__column--id\" scope=\"row\">\n<div class=\"andes-table__header__container\">Incluye tapa<\/div>\n<\/th>\n<td id=\":Rkltit6l9im:\" class=\"andes-table__column andes-table__column--left andes-table__column--vertical-align-center ui-vpp-striped-specs__row__column\"><span id=\":Rkltit6l9im:-value\" class=\"andes-table__column--value\">S\u00ed<\/span><\/td>\n<\/tr>\n<tr class=\"andes-table__row ui-vpp-striped-specs__row\">\n<th class=\"andes-table__header andes-table__header--left ui-vpp-striped-specs__row__column ui-vpp-striped-specs__row__column--id\" scope=\"row\">\n<div class=\"andes-table__header__container\">Bebidas recomendadas<\/div>\n<\/th>\n<td id=\":Rkmtit6l9im:\" class=\"andes-table__column andes-table__column--left andes-table__column--vertical-align-center ui-vpp-striped-specs__row__column\"><span id=\":Rkmtit6l9im:-value\" class=\"andes-table__column--value\">Coffee, mineral waters<\/span><\/td>\n<\/tr>\n<tr class=\"andes-table__row ui-vpp-striped-specs__row\">\n<th class=\"andes-table__header andes-table__header--left ui-vpp-striped-specs__row__column ui-vpp-striped-specs__row__column--id\" scope=\"row\">\n<div class=\"andes-table__header__container\">Es apto para lavavajillas<\/div>\n<\/th>\n<td id=\":Rkntit6l9im:\" class=\"andes-table__column andes-table__column--left andes-table__column--vertical-align-center ui-vpp-striped-specs__row__column\"><span id=\":Rkntit6l9im:-value\" class=\"andes-table__column--value\">S\u00ed<\/span><\/td>\n<\/tr>\n<tr class=\"andes-table__row ui-vpp-striped-specs__row\">\n<th class=\"andes-table__header andes-table__header--left ui-vpp-striped-specs__row__column ui-vpp-striped-specs__row__column--id\" scope=\"row\">\n<div class=\"andes-table__header__container\">Es descartable<\/div>\n<\/th>\n<td id=\":Rkotit6l9im:\" class=\"andes-table__column andes-table__column--left andes-table__column--vertical-align-center ui-vpp-striped-specs__row__column\"><span id=\":Rkotit6l9im:-value\" class=\"andes-table__column--value\">No<\/span><\/td>\n<\/tr>\n<tr class=\"andes-table__row ui-vpp-striped-specs__row\">\n<th class=\"andes-table__header andes-table__header--left ui-vpp-striped-specs__row__column ui-vpp-striped-specs__row__column--id\" scope=\"row\">\n<div class=\"andes-table__header__container\">Con sorbete<\/div>\n<\/th>\n<td id=\":Rkptit6l9im:\" class=\"andes-table__column andes-table__column--left andes-table__column--vertical-align-center ui-vpp-striped-specs__row__column\"><span id=\":Rkptit6l9im:-value\" class=\"andes-table__column--value\">S\u00ed<\/span><\/td>\n<\/tr>\n<\/tbody>\n<\/table>\n<\/div>\n<\/div>\n<\/div>\n<\/div>\n<\/div>\n<\/div>\n<\/section>\n<\/div>\n<div class=\"ui-pdp-description\">\n<p>Duradero y seguro: los juegos de vasos de vidrio en forma de lata est\u00e1n hechos de vidrio transparente duradero de alta calidad, tapas de bamb\u00fa y pajitas de vidrio. Se puede utilizar de forma segura durante mucho tiempo. La taza de vidrio reutilizable en forma de lata con tapas de bamb\u00fa est\u00e1 disponible para cualquier bebida fr\u00eda y caliente. Si quieres decorar este vaso, puedes hacer bricolaje f\u00e1cilmente sin romperse.<\/p>\n<p>Ampliamente utilizado: es perfecto para jugo, cerveza, caf\u00e9 helado, t\u00e9, t\u00e9 de leche de perlas de burbujas Boba, refrescos, agua, caf\u00e9 helado. La cristaler\u00eda con forma de lata es ideal para cualquier ocasi\u00f3n. Es ampliamente amado por familias, cocinas, cervecer\u00edas, cafeter\u00edas, bares y restaurantes.<\/p>\n<p>F\u00e1cil de limpiar: tazas de burbujas con dise\u00f1o de boca ancha, las pajitas anchas son perfectas para beber perlas f\u00e1cilmente en t\u00e9 de burbujas y tambi\u00e9n un gran tama\u00f1o para batidos, ampliamente utilizadas. Dado que el interior del tarro es suave, los alimentos o bebidas unidos a la taza tambi\u00e9n son f\u00e1ciles de lavar. Agitar y limpiar sin ninguna dificultad.<\/p>\n<p>El paquete incluye: Este juego de vasos viene con 4 tazas de t\u00e9 Boba de boca ancha de 16 onzas, 4 tapas de tarro de bamb\u00fa, 4 pajitas de vidrio, 2 cepillos de limpieza. Puedes usarlo f\u00e1cilmente con diferentes combinaciones de accesorios para adaptarse a tus diferentes necesidades.<\/p>\n<p>Gran servicio: este juego de vidrio est\u00e1 empaquetado en el soporte de burbujas pesado y caja de cart\u00f3n gruesa para evitar da\u00f1os mientras est\u00e1 en el transporte. Si el juego de vidrio en forma de lata que recibiste fue da\u00f1ado o imperfecto. Simplemente ponte en contacto con nosotros, te ofreceremos una soluci\u00f3n satisfactoria.<\/p>\n<p>Garant\u00eda del vendedor: 1 meses<\/p>\n<\/div>\n","protected":false},"featured_media":1175,"comment_status":"open","ping_status":"closed","template":"","meta":[],"product_cat":[58],"product_tag":[60,55,56,54,59],"class_list":{"0":"post-1174","1":"product","2":"type-product","3":"status-publish","4":"has-post-thumbnail","6":"product_cat-frascos-de-vidrio-con-tapa-de-bambu","7":"product_tag-frascos-de-vidrio-con-tapa-de-bambu","8":"product_tag-productos-de-bambu","9":"product_tag-productos-de-bambu-en-mexico","10":"product_tag-sillas-de-bambu","11":"product_tag-tapas-de-bambu-para-frascos","13":"first","14":"instock","15":"shipping-taxable","16":"product-type-external"},"yoast_head":"<!-- This site is optimized with the Yoast SEO plugin v25.6 - https:\/\/yoast.com\/wordpress\/plugins\/seo\/ -->\n<title>Frasco De Vidrio Con Tapa De Bamb\u00fa Y Popote, 4 Uds. - Todo de Bamboo<\/title>\n<meta name=\"description\" content=\"Encuentra frascos de vidrio con tapa de bamb\u00fa, perfectos para organizar tu cocina con estilo, elegancia y sostenibilidad.\" \/>\n<meta name=\"robots\" content=\"index, follow, max-snippet:-1, max-image-preview:large, max-video-preview:-1\" \/>\n<link rel=\"canonical\" href=\"https:\/\/tododebamboo.com\/mx\/producto\/frasco-de-vidrio-con-tapa-de-bambu-y-popote-4-uds\/\" \/>\n<meta property=\"og:locale\" content=\"es_ES\" \/>\n<meta property=\"og:type\" content=\"article\" \/>\n<meta property=\"og:title\" content=\"Frasco De Vidrio Con Tapa De Bamb\u00fa Y Popote, 4 Uds. - Todo de Bamboo\" \/>\n<meta property=\"og:description\" content=\"Encuentra frascos de vidrio con tapa de bamb\u00fa, perfectos para organizar tu cocina con estilo, elegancia y sostenibilidad.\" \/>\n<meta property=\"og:url\" content=\"https:\/\/tododebamboo.com\/mx\/producto\/frasco-de-vidrio-con-tapa-de-bambu-y-popote-4-uds\/\" \/>\n<meta property=\"og:site_name\" content=\"Todo de Bamboo\" \/>\n<meta property=\"article:modified_time\" content=\"2025-04-13T14:05:06+00:00\" \/>\n<meta property=\"og:image\" content=\"https:\/\/tododebamboo.com\/mx\/wp-content\/uploads\/2024\/08\/Captura-de-pantalla-2024-08-12-a-las-18.58.00.png\" \/>\n\t<meta property=\"og:image:width\" content=\"1064\" \/>\n\t<meta property=\"og:image:height\" content=\"912\" \/>\n\t<meta property=\"og:image:type\" content=\"image\/png\" \/>\n<meta name=\"twitter:card\" content=\"summary_large_image\" \/>\n<meta name=\"twitter:label1\" content=\"Tiempo de lectura\" \/>\n\t<meta name=\"twitter:data1\" content=\"1 minuto\" \/>\n<script type=\"application\/ld+json\" class=\"yoast-schema-graph\">{\"@context\":\"https:\/\/schema.org\",\"@graph\":[{\"@type\":\"WebPage\",\"@id\":\"https:\/\/tododebamboo.com\/mx\/producto\/frasco-de-vidrio-con-tapa-de-bambu-y-popote-4-uds\/\",\"url\":\"https:\/\/tododebamboo.com\/mx\/producto\/frasco-de-vidrio-con-tapa-de-bambu-y-popote-4-uds\/\",\"name\":\"Frasco De Vidrio Con Tapa De Bamb\u00fa Y Popote, 4 Uds. - Todo de Bamboo\",\"isPartOf\":{\"@id\":\"https:\/\/tododebamboo.com\/mx\/#website\"},\"primaryImageOfPage\":{\"@id\":\"https:\/\/tododebamboo.com\/mx\/producto\/frasco-de-vidrio-con-tapa-de-bambu-y-popote-4-uds\/#primaryimage\"},\"image\":{\"@id\":\"https:\/\/tododebamboo.com\/mx\/producto\/frasco-de-vidrio-con-tapa-de-bambu-y-popote-4-uds\/#primaryimage\"},\"thumbnailUrl\":\"https:\/\/tododebamboo.com\/mx\/wp-content\/uploads\/2024\/08\/Captura-de-pantalla-2024-08-12-a-las-18.58.00.png\",\"datePublished\":\"2024-08-13T01:03:02+00:00\",\"dateModified\":\"2025-04-13T14:05:06+00:00\",\"description\":\"Encuentra frascos de vidrio con tapa de bamb\u00fa, perfectos para organizar tu cocina con estilo, elegancia y sostenibilidad.\",\"breadcrumb\":{\"@id\":\"https:\/\/tododebamboo.com\/mx\/producto\/frasco-de-vidrio-con-tapa-de-bambu-y-popote-4-uds\/#breadcrumb\"},\"inLanguage\":\"es\",\"potentialAction\":[{\"@type\":\"ReadAction\",\"target\":[\"https:\/\/tododebamboo.com\/mx\/producto\/frasco-de-vidrio-con-tapa-de-bambu-y-popote-4-uds\/\"]}]},{\"@type\":\"ImageObject\",\"inLanguage\":\"es\",\"@id\":\"https:\/\/tododebamboo.com\/mx\/producto\/frasco-de-vidrio-con-tapa-de-bambu-y-popote-4-uds\/#primaryimage\",\"url\":\"https:\/\/tododebamboo.com\/mx\/wp-content\/uploads\/2024\/08\/Captura-de-pantalla-2024-08-12-a-las-18.58.00.png\",\"contentUrl\":\"https:\/\/tododebamboo.com\/mx\/wp-content\/uploads\/2024\/08\/Captura-de-pantalla-2024-08-12-a-las-18.58.00.png\",\"width\":1064,\"height\":912,\"caption\":\"frascos de vidrio con tapa de bamb\u00fa\"},{\"@type\":\"BreadcrumbList\",\"@id\":\"https:\/\/tododebamboo.com\/mx\/producto\/frasco-de-vidrio-con-tapa-de-bambu-y-popote-4-uds\/#breadcrumb\",\"itemListElement\":[{\"@type\":\"ListItem\",\"position\":1,\"name\":\"Portada\",\"item\":\"https:\/\/tododebamboo.com\/mx\/\"},{\"@type\":\"ListItem\",\"position\":2,\"name\":\"Tienda\",\"item\":\"https:\/\/tododebamboo.com\/mx\/tienda\/\"},{\"@type\":\"ListItem\",\"position\":3,\"name\":\"Frasco De Vidrio Con Tapa De Bamb\u00fa Y Popote, 4 Uds.\"}]},{\"@type\":\"WebSite\",\"@id\":\"https:\/\/tododebamboo.com\/mx\/#website\",\"url\":\"https:\/\/tododebamboo.com\/mx\/\",\"name\":\"Todo de Bamboo\",\"description\":\"Tienda de Art\u00edculos de Bamboo\",\"publisher\":{\"@id\":\"https:\/\/tododebamboo.com\/mx\/#organization\"},\"potentialAction\":[{\"@type\":\"SearchAction\",\"target\":{\"@type\":\"EntryPoint\",\"urlTemplate\":\"https:\/\/tododebamboo.com\/mx\/?s={search_term_string}\"},\"query-input\":{\"@type\":\"PropertyValueSpecification\",\"valueRequired\":true,\"valueName\":\"search_term_string\"}}],\"inLanguage\":\"es\"},{\"@type\":\"Organization\",\"@id\":\"https:\/\/tododebamboo.com\/mx\/#organization\",\"name\":\"Todo de Bamboo\",\"url\":\"https:\/\/tododebamboo.com\/mx\/\",\"logo\":{\"@type\":\"ImageObject\",\"inLanguage\":\"es\",\"@id\":\"https:\/\/tododebamboo.com\/mx\/#\/schema\/logo\/image\/\",\"url\":\"https:\/\/tododebamboo.com\/mx\/wp-content\/uploads\/2021\/06\/logo-final.png\",\"contentUrl\":\"https:\/\/tododebamboo.com\/mx\/wp-content\/uploads\/2021\/06\/logo-final.png\",\"width\":3745,\"height\":2352,\"caption\":\"Todo de Bamboo\"},\"image\":{\"@id\":\"https:\/\/tododebamboo.com\/mx\/#\/schema\/logo\/image\/\"}}]}<\/script>\n<!-- \/ Yoast SEO plugin. -->","yoast_head_json":{"title":"Frasco De Vidrio Con Tapa De Bamb\u00fa Y Popote, 4 Uds. - Todo de Bamboo","description":"Encuentra frascos de vidrio con tapa de bamb\u00fa, perfectos para organizar tu cocina con estilo, elegancia y sostenibilidad.","robots":{"index":"index","follow":"follow","max-snippet":"max-snippet:-1","max-image-preview":"max-image-preview:large","max-video-preview":"max-video-preview:-1"},"canonical":"https:\/\/tododebamboo.com\/mx\/producto\/frasco-de-vidrio-con-tapa-de-bambu-y-popote-4-uds\/","og_locale":"es_ES","og_type":"article","og_title":"Frasco De Vidrio Con Tapa De Bamb\u00fa Y Popote, 4 Uds. - Todo de Bamboo","og_description":"Encuentra frascos de vidrio con tapa de bamb\u00fa, perfectos para organizar tu cocina con estilo, elegancia y sostenibilidad.","og_url":"https:\/\/tododebamboo.com\/mx\/producto\/frasco-de-vidrio-con-tapa-de-bambu-y-popote-4-uds\/","og_site_name":"Todo de Bamboo","article_modified_time":"2025-04-13T14:05:06+00:00","og_image":[{"width":1064,"height":912,"url":"https:\/\/tododebamboo.com\/mx\/wp-content\/uploads\/2024\/08\/Captura-de-pantalla-2024-08-12-a-las-18.58.00.png","type":"image\/png"}],"twitter_card":"summary_large_image","twitter_misc":{"Tiempo de lectura":"1 minuto"},"schema":{"@context":"https:\/\/schema.org","@graph":[{"@type":"WebPage","@id":"https:\/\/tododebamboo.com\/mx\/producto\/frasco-de-vidrio-con-tapa-de-bambu-y-popote-4-uds\/","url":"https:\/\/tododebamboo.com\/mx\/producto\/frasco-de-vidrio-con-tapa-de-bambu-y-popote-4-uds\/","name":"Frasco De Vidrio Con Tapa De Bamb\u00fa Y Popote, 4 Uds. - Todo de Bamboo","isPartOf":{"@id":"https:\/\/tododebamboo.com\/mx\/#website"},"primaryImageOfPage":{"@id":"https:\/\/tododebamboo.com\/mx\/producto\/frasco-de-vidrio-con-tapa-de-bambu-y-popote-4-uds\/#primaryimage"},"image":{"@id":"https:\/\/tododebamboo.com\/mx\/producto\/frasco-de-vidrio-con-tapa-de-bambu-y-popote-4-uds\/#primaryimage"},"thumbnailUrl":"https:\/\/tododebamboo.com\/mx\/wp-content\/uploads\/2024\/08\/Captura-de-pantalla-2024-08-12-a-las-18.58.00.png","datePublished":"2024-08-13T01:03:02+00:00","dateModified":"2025-04-13T14:05:06+00:00","description":"Encuentra frascos de vidrio con tapa de bamb\u00fa, perfectos para organizar tu cocina con estilo, elegancia y sostenibilidad.","breadcrumb":{"@id":"https:\/\/tododebamboo.com\/mx\/producto\/frasco-de-vidrio-con-tapa-de-bambu-y-popote-4-uds\/#breadcrumb"},"inLanguage":"es","potentialAction":[{"@type":"ReadAction","target":["https:\/\/tododebamboo.com\/mx\/producto\/frasco-de-vidrio-con-tapa-de-bambu-y-popote-4-uds\/"]}]},{"@type":"ImageObject","inLanguage":"es","@id":"https:\/\/tododebamboo.com\/mx\/producto\/frasco-de-vidrio-con-tapa-de-bambu-y-popote-4-uds\/#primaryimage","url":"https:\/\/tododebamboo.com\/mx\/wp-content\/uploads\/2024\/08\/Captura-de-pantalla-2024-08-12-a-las-18.58.00.png","contentUrl":"https:\/\/tododebamboo.com\/mx\/wp-content\/uploads\/2024\/08\/Captura-de-pantalla-2024-08-12-a-las-18.58.00.png","width":1064,"height":912,"caption":"frascos de vidrio con tapa de bamb\u00fa"},{"@type":"BreadcrumbList","@id":"https:\/\/tododebamboo.com\/mx\/producto\/frasco-de-vidrio-con-tapa-de-bambu-y-popote-4-uds\/#breadcrumb","itemListElement":[{"@type":"ListItem","position":1,"name":"Portada","item":"https:\/\/tododebamboo.com\/mx\/"},{"@type":"ListItem","position":2,"name":"Tienda","item":"https:\/\/tododebamboo.com\/mx\/tienda\/"},{"@type":"ListItem","position":3,"name":"Frasco De Vidrio Con Tapa De Bamb\u00fa Y Popote, 4 Uds."}]},{"@type":"WebSite","@id":"https:\/\/tododebamboo.com\/mx\/#website","url":"https:\/\/tododebamboo.com\/mx\/","name":"Todo de Bamboo","description":"Tienda de Art\u00edculos de Bamboo","publisher":{"@id":"https:\/\/tododebamboo.com\/mx\/#organization"},"potentialAction":[{"@type":"SearchAction","target":{"@type":"EntryPoint","urlTemplate":"https:\/\/tododebamboo.com\/mx\/?s={search_term_string}"},"query-input":{"@type":"PropertyValueSpecification","valueRequired":true,"valueName":"search_term_string"}}],"inLanguage":"es"},{"@type":"Organization","@id":"https:\/\/tododebamboo.com\/mx\/#organization","name":"Todo de Bamboo","url":"https:\/\/tododebamboo.com\/mx\/","logo":{"@type":"ImageObject","inLanguage":"es","@id":"https:\/\/tododebamboo.com\/mx\/#\/schema\/logo\/image\/","url":"https:\/\/tododebamboo.com\/mx\/wp-content\/uploads\/2021\/06\/logo-final.png","contentUrl":"https:\/\/tododebamboo.com\/mx\/wp-content\/uploads\/2021\/06\/logo-final.png","width":3745,"height":2352,"caption":"Todo de Bamboo"},"image":{"@id":"https:\/\/tododebamboo.com\/mx\/#\/schema\/logo\/image\/"}}]}},"_links":{"self":[{"href":"https:\/\/tododebamboo.com\/mx\/wp-json\/wp\/v2\/product\/1174"}],"collection":[{"href":"https:\/\/tododebamboo.com\/mx\/wp-json\/wp\/v2\/product"}],"about":[{"href":"https:\/\/tododebamboo.com\/mx\/wp-json\/wp\/v2\/types\/product"}],"replies":[{"embeddable":true,"href":"https:\/\/tododebamboo.com\/mx\/wp-json\/wp\/v2\/comments?post=1174"}],"wp:featuredmedia":[{"embeddable":true,"href":"https:\/\/tododebamboo.com\/mx\/wp-json\/wp\/v2\/media\/1175"}],"wp:attachment":[{"href":"https:\/\/tododebamboo.com\/mx\/wp-json\/wp\/v2\/media?parent=1174"}],"wp:term":[{"taxonomy":"product_cat","embeddable":true,"href":"https:\/\/tododebamboo.com\/mx\/wp-json\/wp\/v2\/product_cat?post=1174"},{"taxonomy":"product_tag","embeddable":true,"href":"https:\/\/tododebamboo.com\/mx\/wp-json\/wp\/v2\/product_tag?post=1174"}],"curies":[{"name":"wp","href":"https:\/\/api.w.org\/{rel}","templated":true}]}}