{"id":1167,"date":"2024-08-12T19:55:53","date_gmt":"2024-08-13T00:55:53","guid":{"rendered":"https:\/\/tododebamboo.com\/mx\/?post_type=product&#038;p=1167"},"modified":"2024-08-13T12:38:45","modified_gmt":"2024-08-13T17:38:45","slug":"luvan-frascos-organizadores-de-cocina-tapa-bambu-12-piezas","status":"publish","type":"product","link":"https:\/\/tododebamboo.com\/mx\/producto\/luvan-frascos-organizadores-de-cocina-tapa-bambu-12-piezas\/","title":{"rendered":"Luvan Frascos Organizadores De Cocina Tapa Bamb\u00fa 12 Piezas"},"content":{"rendered":"","protected":false},"excerpt":{"rendered":"<div class=\"ui-vpp-striped-specs\">\n<div class=\"ui-vpp-striped-specs__table\">\n<h3 class=\"ui-vpp-striped-specs__header\">Caracter\u00edsticas principales<\/h3>\n<table class=\"andes-table\">\n<tbody class=\"andes-table__body\">\n<tr class=\"andes-table__row ui-vpp-striped-specs__row\">\n<th class=\"andes-table__header andes-table__header--left ui-vpp-striped-specs__row__column ui-vpp-striped-specs__row__column--id\" scope=\"row\">\n<div class=\"andes-table__header__container\">Marca<\/div>\n<\/th>\n<td id=\":Ra9tat6l9im:\" class=\"andes-table__column andes-table__column--left andes-table__column--vertical-align-center ui-vpp-striped-specs__row__column\"><span id=\":Ra9tat6l9im:-value\" class=\"andes-table__column--value\">Luvan<\/span><\/td>\n<\/tr>\n<tr class=\"andes-table__row ui-vpp-striped-specs__row\">\n<th class=\"andes-table__header andes-table__header--left ui-vpp-striped-specs__row__column ui-vpp-striped-specs__row__column--id\" scope=\"row\">\n<div class=\"andes-table__header__container\">Modelo<\/div>\n<\/th>\n<td id=\":Raatat6l9im:\" class=\"andes-table__column andes-table__column--left andes-table__column--vertical-align-center ui-vpp-striped-specs__row__column\"><span id=\":Raatat6l9im:-value\" class=\"andes-table__column--value\">Glass Seasoning Storage Containers<\/span><\/td>\n<\/tr>\n<tr class=\"andes-table__row ui-vpp-striped-specs__row\">\n<th class=\"andes-table__header andes-table__header--left ui-vpp-striped-specs__row__column ui-vpp-striped-specs__row__column--id\" scope=\"row\">\n<div class=\"andes-table__header__container\">Unidades por pack<\/div>\n<\/th>\n<td id=\":Rabtat6l9im:\" class=\"andes-table__column andes-table__column--left andes-table__column--vertical-align-center ui-vpp-striped-specs__row__column\"><span id=\":Rabtat6l9im:-value\" class=\"andes-table__column--value\">12<\/span><\/td>\n<\/tr>\n<tr class=\"andes-table__row ui-vpp-striped-specs__row\">\n<th class=\"andes-table__header andes-table__header--left ui-vpp-striped-specs__row__column ui-vpp-striped-specs__row__column--id\" scope=\"row\">\n<div class=\"andes-table__header__container\">Largo x Ancho x Profundidad<\/div>\n<\/th>\n<td id=\":Ractat6l9im:\" class=\"andes-table__column andes-table__column--left andes-table__column--vertical-align-center ui-vpp-striped-specs__row__column\"><span id=\":Ractat6l9im:-value\" class=\"andes-table__column--value\">6.5 cm x 6.5 cm x 12 cm<\/span><\/td>\n<\/tr>\n<tr class=\"andes-table__row ui-vpp-striped-specs__row\">\n<th class=\"andes-table__header andes-table__header--left ui-vpp-striped-specs__row__column ui-vpp-striped-specs__row__column--id\" scope=\"row\">\n<div class=\"andes-table__header__container\">Peso m\u00e1ximo soportado<\/div>\n<\/th>\n<td id=\":Radtat6l9im:\" class=\"andes-table__column andes-table__column--left andes-table__column--vertical-align-center ui-vpp-striped-specs__row__column\"><span id=\":Radtat6l9im:-value\" class=\"andes-table__column--value\">350 g<\/span><\/td>\n<\/tr>\n<tr class=\"andes-table__row ui-vpp-striped-specs__row\">\n<th class=\"andes-table__header andes-table__header--left ui-vpp-striped-specs__row__column ui-vpp-striped-specs__row__column--id\" scope=\"row\">\n<div class=\"andes-table__header__container\">Formato de venta<\/div>\n<\/th>\n<td id=\":Raetat6l9im:\" class=\"andes-table__column andes-table__column--left andes-table__column--vertical-align-center ui-vpp-striped-specs__row__column\"><span id=\":Raetat6l9im:-value\" class=\"andes-table__column--value\">Pack<\/span><\/td>\n<\/tr>\n<\/tbody>\n<\/table>\n<\/div>\n<\/div>\n<div class=\"ui-vpp-striped-specs\">\n<div class=\"ui-vpp-striped-specs__table\">\n<h3 class=\"ui-vpp-striped-specs__header\">Otras caracter\u00edsticas<\/h3>\n<table class=\"andes-table\">\n<tbody class=\"andes-table__body\">\n<tr class=\"andes-table__row ui-vpp-striped-specs__row\">\n<th class=\"andes-table__header andes-table__header--left ui-vpp-striped-specs__row__column ui-vpp-striped-specs__row__column--id\" scope=\"row\">\n<div class=\"andes-table__header__container\">Material<\/div>\n<\/th>\n<td id=\":R2jtit6l9im:\" class=\"andes-table__column andes-table__column--left andes-table__column--vertical-align-center ui-vpp-striped-specs__row__column\"><span id=\":R2jtit6l9im:-value\" class=\"andes-table__column--value\">Vidrio<\/span><\/td>\n<\/tr>\n<\/tbody>\n<\/table>\n<\/div>\n<\/div>\n<p>Especificaciones del producto:<br \/>\nTama\u00f1o del producto \u00fanico: 6,5*6,5*12 cm<br \/>\nCapacidad de un solo producto: 350ml (11.84oz)<br \/>\nTama\u00f1o del paquete de 12 piezas: 33*25,5*15,5 cm (13*10*6,1 pulgadas)<br \/>\nPeso total: 2,18 kg<br \/>\nMaterial: vidrio de borosilicato<\/p>\n<p>Consejo: estimado cliente, los productos de vidrio son f\u00e1ciles de da\u00f1ar durante el transporte. Hemos actualizado el embalaje. Si encuentra alg\u00fan da\u00f1o en el producto despu\u00e9s de recibirlo, tome una foto y P\u00f3ngase en contacto con nosotros a trav\u00e9s del Messages. \u00a1\u00a1 le enviaremos otro conjunto del mismo producto de forma gratuita! (tenga en cuenta: no presente quejas para que podamos resolver el problema para usted m\u00e1s r\u00e1pido)<\/p>\n<p>Lista de productos:<br \/>\n12 tarros redondos de cristal para especias<br \/>\n12 cubiertas de bamb\u00fa con sellos de silicona de grado alimenticio<br \/>\n85 etiquetas de especias<br \/>\n23 etiquetas en blanco<br \/>\n40 etiquetas de fecha<br \/>\n1 marcador negro<\/p>\n<p>12 tarros de especias + 148 etiquetas:<br \/>\n12 tarros redondos de vidrio para especias (tama\u00f1o: 6,5 cm \u00d7 10 cm\/3,94 pulgadas \u00d7 2,56 pulgadas, capacidad real: 11 oz), 12 tapas de bamb\u00fa con anillos de sellado de silicona de grado alimenticio, 148 etiquetas (85 etiquetas preimpresas + 23 etiquetas en blanco + 40 etiquetas de fecha + Rotulador negro).<\/p>\n<p>Etiquetas de lujo:<br \/>\nEn el set se presenta un juego perfecto de pegatinas. Las etiquetas est\u00e1n preimpresas en vinilo de alta calidad que es resistente al agua y al aceite, texto negro sobre un fondo blanco fr\u00edo para una f\u00e1cil identificaci\u00f3n, 85 etiquetas preimpresas que cubren las especias e ingredientes m\u00e1s utilizados en las cocinas americanas, rotulador negro para bricolaje 23 etiquetas en blanco y 40 etiquetas de fecha.<\/p>\n<p>Tapa de sellado:<br \/>\nLa tapa de bamb\u00fa natural de alta calidad con anillo de goma de sellado de calidad alimentaria puede prevenir eficazmente la entrada de aire e insectos, y puede sellar perfectamente su frasco. No solo es adecuado para almacenar condimentos, sino tambi\u00e9n para almacenar galletas, avena, t\u00e9, granos de caf\u00e9, nueces, vainilla, az\u00facar, harina, hisopos de algod\u00f3n, velas de bricolaje, etc.<\/p>\n<p>Seguridad y durabilidad del material: nuestros frascos de especias de vidrio son m\u00e1s gruesos que otros frascos despu\u00e9s de la actualizaci\u00f3n. Hecho de vidrio de borosilicato alto y sin plomo. Es m\u00e1s liviano y m\u00e1s resistente al calor que los frascos de vidrio ordinarios. Es la mejor opci\u00f3n para el almacenamiento.<\/p>\n<p>Despu\u00e9s de la venta sin preocupaciones:<br \/>\nSi compra nuestro juego de tarros de especias de vidrio, disfrutar\u00e1 de un servicio posventa sin preocupaciones. Si el paquete que recibi\u00f3 est\u00e1 da\u00f1ado de alguna manera. Por favor, no dude en ponerse en contacto con nosotros inmediatamente. Nos ocuparemos de ello a su entera satisfacci\u00f3n lo antes posible.<\/p>\n<p>Consejo: estimado cliente, los productos de vidrio son f\u00e1ciles de da\u00f1ar durante el transporte. Hemos actualizado el embalaje. Si encuentra alg\u00fan da\u00f1o en el producto despu\u00e9s de recibirlo, tome una foto y P\u00f3ngase en contacto con nosotros a trav\u00e9s del mensaje. \u00a1\u00a1 le enviaremos otro conjunto del mismo producto de forma gratuita! (tenga en cuenta: no presente quejas para que podamos resolver el problema para usted m\u00e1s r\u00e1pido)<\/p>\n<p>Garant\u00eda del vendedor: 1 a\u00f1os<\/p>\n","protected":false},"featured_media":1168,"comment_status":"open","ping_status":"closed","template":"","meta":[],"product_cat":[58],"product_tag":[60,55,56,59],"class_list":{"0":"post-1167","1":"product","2":"type-product","3":"status-publish","4":"has-post-thumbnail","6":"product_cat-frascos-de-vidrio-con-tapa-de-bambu","7":"product_tag-frascos-de-vidrio-con-tapa-de-bambu","8":"product_tag-productos-de-bambu","9":"product_tag-productos-de-bambu-en-mexico","10":"product_tag-tapas-de-bambu-para-frascos","12":"first","13":"instock","14":"shipping-taxable","15":"product-type-external"},"yoast_head":"<!-- This site is optimized with the Yoast SEO plugin v25.6 - https:\/\/yoast.com\/wordpress\/plugins\/seo\/ -->\n<title>Luvan Frascos Organizadores De Cocina Tapa Bamb\u00fa 12 Piezas - Todo de Bamboo<\/title>\n<meta name=\"description\" content=\"Organiza con estilo y sostenibilidad con nuestros frascos de vidrio con tapa de bamb\u00fa, perfectos para tu cocina o despensa.\" \/>\n<meta name=\"robots\" content=\"index, follow, max-snippet:-1, max-image-preview:large, max-video-preview:-1\" \/>\n<link rel=\"canonical\" href=\"https:\/\/tododebamboo.com\/mx\/producto\/luvan-frascos-organizadores-de-cocina-tapa-bambu-12-piezas\/\" \/>\n<meta property=\"og:locale\" content=\"es_ES\" \/>\n<meta property=\"og:type\" content=\"article\" \/>\n<meta property=\"og:title\" content=\"Luvan Frascos Organizadores De Cocina Tapa Bamb\u00fa 12 Piezas - Todo de Bamboo\" \/>\n<meta property=\"og:description\" content=\"Organiza con estilo y sostenibilidad con nuestros frascos de vidrio con tapa de bamb\u00fa, perfectos para tu cocina o despensa.\" \/>\n<meta property=\"og:url\" content=\"https:\/\/tododebamboo.com\/mx\/producto\/luvan-frascos-organizadores-de-cocina-tapa-bambu-12-piezas\/\" \/>\n<meta property=\"og:site_name\" content=\"Todo de Bamboo\" \/>\n<meta property=\"article:modified_time\" content=\"2024-08-13T17:38:45+00:00\" \/>\n<meta property=\"og:image\" content=\"https:\/\/tododebamboo.com\/mx\/wp-content\/uploads\/2024\/08\/Captura-de-pantalla-2024-08-12-a-las-18.52.37.png\" \/>\n\t<meta property=\"og:image:width\" content=\"1038\" \/>\n\t<meta property=\"og:image:height\" content=\"954\" \/>\n\t<meta property=\"og:image:type\" content=\"image\/png\" \/>\n<meta name=\"twitter:card\" content=\"summary_large_image\" \/>\n<meta name=\"twitter:label1\" content=\"Tiempo de lectura\" \/>\n\t<meta name=\"twitter:data1\" content=\"1 minuto\" \/>\n<script type=\"application\/ld+json\" class=\"yoast-schema-graph\">{\"@context\":\"https:\/\/schema.org\",\"@graph\":[{\"@type\":\"WebPage\",\"@id\":\"https:\/\/tododebamboo.com\/mx\/producto\/luvan-frascos-organizadores-de-cocina-tapa-bambu-12-piezas\/\",\"url\":\"https:\/\/tododebamboo.com\/mx\/producto\/luvan-frascos-organizadores-de-cocina-tapa-bambu-12-piezas\/\",\"name\":\"Luvan Frascos Organizadores De Cocina Tapa Bamb\u00fa 12 Piezas - Todo de Bamboo\",\"isPartOf\":{\"@id\":\"https:\/\/tododebamboo.com\/mx\/#website\"},\"primaryImageOfPage\":{\"@id\":\"https:\/\/tododebamboo.com\/mx\/producto\/luvan-frascos-organizadores-de-cocina-tapa-bambu-12-piezas\/#primaryimage\"},\"image\":{\"@id\":\"https:\/\/tododebamboo.com\/mx\/producto\/luvan-frascos-organizadores-de-cocina-tapa-bambu-12-piezas\/#primaryimage\"},\"thumbnailUrl\":\"https:\/\/tododebamboo.com\/mx\/wp-content\/uploads\/2024\/08\/Captura-de-pantalla-2024-08-12-a-las-18.52.37.png\",\"datePublished\":\"2024-08-13T00:55:53+00:00\",\"dateModified\":\"2024-08-13T17:38:45+00:00\",\"description\":\"Organiza con estilo y sostenibilidad con nuestros frascos de vidrio con tapa de bamb\u00fa, perfectos para tu cocina o despensa.\",\"breadcrumb\":{\"@id\":\"https:\/\/tododebamboo.com\/mx\/producto\/luvan-frascos-organizadores-de-cocina-tapa-bambu-12-piezas\/#breadcrumb\"},\"inLanguage\":\"es\",\"potentialAction\":[{\"@type\":\"ReadAction\",\"target\":[\"https:\/\/tododebamboo.com\/mx\/producto\/luvan-frascos-organizadores-de-cocina-tapa-bambu-12-piezas\/\"]}]},{\"@type\":\"ImageObject\",\"inLanguage\":\"es\",\"@id\":\"https:\/\/tododebamboo.com\/mx\/producto\/luvan-frascos-organizadores-de-cocina-tapa-bambu-12-piezas\/#primaryimage\",\"url\":\"https:\/\/tododebamboo.com\/mx\/wp-content\/uploads\/2024\/08\/Captura-de-pantalla-2024-08-12-a-las-18.52.37.png\",\"contentUrl\":\"https:\/\/tododebamboo.com\/mx\/wp-content\/uploads\/2024\/08\/Captura-de-pantalla-2024-08-12-a-las-18.52.37.png\",\"width\":1038,\"height\":954,\"caption\":\"frascos de vidrio con tapa de bamb\u00fa\"},{\"@type\":\"BreadcrumbList\",\"@id\":\"https:\/\/tododebamboo.com\/mx\/producto\/luvan-frascos-organizadores-de-cocina-tapa-bambu-12-piezas\/#breadcrumb\",\"itemListElement\":[{\"@type\":\"ListItem\",\"position\":1,\"name\":\"Portada\",\"item\":\"https:\/\/tododebamboo.com\/mx\/\"},{\"@type\":\"ListItem\",\"position\":2,\"name\":\"Tienda\",\"item\":\"https:\/\/tododebamboo.com\/mx\/tienda\/\"},{\"@type\":\"ListItem\",\"position\":3,\"name\":\"Luvan Frascos Organizadores De Cocina Tapa Bamb\u00fa 12 Piezas\"}]},{\"@type\":\"WebSite\",\"@id\":\"https:\/\/tododebamboo.com\/mx\/#website\",\"url\":\"https:\/\/tododebamboo.com\/mx\/\",\"name\":\"Todo de Bamboo\",\"description\":\"Tienda de Art\u00edculos de Bamboo\",\"publisher\":{\"@id\":\"https:\/\/tododebamboo.com\/mx\/#organization\"},\"potentialAction\":[{\"@type\":\"SearchAction\",\"target\":{\"@type\":\"EntryPoint\",\"urlTemplate\":\"https:\/\/tododebamboo.com\/mx\/?s={search_term_string}\"},\"query-input\":{\"@type\":\"PropertyValueSpecification\",\"valueRequired\":true,\"valueName\":\"search_term_string\"}}],\"inLanguage\":\"es\"},{\"@type\":\"Organization\",\"@id\":\"https:\/\/tododebamboo.com\/mx\/#organization\",\"name\":\"Todo de Bamboo\",\"url\":\"https:\/\/tododebamboo.com\/mx\/\",\"logo\":{\"@type\":\"ImageObject\",\"inLanguage\":\"es\",\"@id\":\"https:\/\/tododebamboo.com\/mx\/#\/schema\/logo\/image\/\",\"url\":\"https:\/\/tododebamboo.com\/mx\/wp-content\/uploads\/2021\/06\/logo-final.png\",\"contentUrl\":\"https:\/\/tododebamboo.com\/mx\/wp-content\/uploads\/2021\/06\/logo-final.png\",\"width\":3745,\"height\":2352,\"caption\":\"Todo de Bamboo\"},\"image\":{\"@id\":\"https:\/\/tododebamboo.com\/mx\/#\/schema\/logo\/image\/\"}}]}<\/script>\n<!-- \/ Yoast SEO plugin. -->","yoast_head_json":{"title":"Luvan Frascos Organizadores De Cocina Tapa Bamb\u00fa 12 Piezas - Todo de Bamboo","description":"Organiza con estilo y sostenibilidad con nuestros frascos de vidrio con tapa de bamb\u00fa, perfectos para tu cocina o despensa.","robots":{"index":"index","follow":"follow","max-snippet":"max-snippet:-1","max-image-preview":"max-image-preview:large","max-video-preview":"max-video-preview:-1"},"canonical":"https:\/\/tododebamboo.com\/mx\/producto\/luvan-frascos-organizadores-de-cocina-tapa-bambu-12-piezas\/","og_locale":"es_ES","og_type":"article","og_title":"Luvan Frascos Organizadores De Cocina Tapa Bamb\u00fa 12 Piezas - Todo de Bamboo","og_description":"Organiza con estilo y sostenibilidad con nuestros frascos de vidrio con tapa de bamb\u00fa, perfectos para tu cocina o despensa.","og_url":"https:\/\/tododebamboo.com\/mx\/producto\/luvan-frascos-organizadores-de-cocina-tapa-bambu-12-piezas\/","og_site_name":"Todo de Bamboo","article_modified_time":"2024-08-13T17:38:45+00:00","og_image":[{"width":1038,"height":954,"url":"https:\/\/tododebamboo.com\/mx\/wp-content\/uploads\/2024\/08\/Captura-de-pantalla-2024-08-12-a-las-18.52.37.png","type":"image\/png"}],"twitter_card":"summary_large_image","twitter_misc":{"Tiempo de lectura":"1 minuto"},"schema":{"@context":"https:\/\/schema.org","@graph":[{"@type":"WebPage","@id":"https:\/\/tododebamboo.com\/mx\/producto\/luvan-frascos-organizadores-de-cocina-tapa-bambu-12-piezas\/","url":"https:\/\/tododebamboo.com\/mx\/producto\/luvan-frascos-organizadores-de-cocina-tapa-bambu-12-piezas\/","name":"Luvan Frascos Organizadores De Cocina Tapa Bamb\u00fa 12 Piezas - Todo de Bamboo","isPartOf":{"@id":"https:\/\/tododebamboo.com\/mx\/#website"},"primaryImageOfPage":{"@id":"https:\/\/tododebamboo.com\/mx\/producto\/luvan-frascos-organizadores-de-cocina-tapa-bambu-12-piezas\/#primaryimage"},"image":{"@id":"https:\/\/tododebamboo.com\/mx\/producto\/luvan-frascos-organizadores-de-cocina-tapa-bambu-12-piezas\/#primaryimage"},"thumbnailUrl":"https:\/\/tododebamboo.com\/mx\/wp-content\/uploads\/2024\/08\/Captura-de-pantalla-2024-08-12-a-las-18.52.37.png","datePublished":"2024-08-13T00:55:53+00:00","dateModified":"2024-08-13T17:38:45+00:00","description":"Organiza con estilo y sostenibilidad con nuestros frascos de vidrio con tapa de bamb\u00fa, perfectos para tu cocina o despensa.","breadcrumb":{"@id":"https:\/\/tododebamboo.com\/mx\/producto\/luvan-frascos-organizadores-de-cocina-tapa-bambu-12-piezas\/#breadcrumb"},"inLanguage":"es","potentialAction":[{"@type":"ReadAction","target":["https:\/\/tododebamboo.com\/mx\/producto\/luvan-frascos-organizadores-de-cocina-tapa-bambu-12-piezas\/"]}]},{"@type":"ImageObject","inLanguage":"es","@id":"https:\/\/tododebamboo.com\/mx\/producto\/luvan-frascos-organizadores-de-cocina-tapa-bambu-12-piezas\/#primaryimage","url":"https:\/\/tododebamboo.com\/mx\/wp-content\/uploads\/2024\/08\/Captura-de-pantalla-2024-08-12-a-las-18.52.37.png","contentUrl":"https:\/\/tododebamboo.com\/mx\/wp-content\/uploads\/2024\/08\/Captura-de-pantalla-2024-08-12-a-las-18.52.37.png","width":1038,"height":954,"caption":"frascos de vidrio con tapa de bamb\u00fa"},{"@type":"BreadcrumbList","@id":"https:\/\/tododebamboo.com\/mx\/producto\/luvan-frascos-organizadores-de-cocina-tapa-bambu-12-piezas\/#breadcrumb","itemListElement":[{"@type":"ListItem","position":1,"name":"Portada","item":"https:\/\/tododebamboo.com\/mx\/"},{"@type":"ListItem","position":2,"name":"Tienda","item":"https:\/\/tododebamboo.com\/mx\/tienda\/"},{"@type":"ListItem","position":3,"name":"Luvan Frascos Organizadores De Cocina Tapa Bamb\u00fa 12 Piezas"}]},{"@type":"WebSite","@id":"https:\/\/tododebamboo.com\/mx\/#website","url":"https:\/\/tododebamboo.com\/mx\/","name":"Todo de Bamboo","description":"Tienda de Art\u00edculos de Bamboo","publisher":{"@id":"https:\/\/tododebamboo.com\/mx\/#organization"},"potentialAction":[{"@type":"SearchAction","target":{"@type":"EntryPoint","urlTemplate":"https:\/\/tododebamboo.com\/mx\/?s={search_term_string}"},"query-input":{"@type":"PropertyValueSpecification","valueRequired":true,"valueName":"search_term_string"}}],"inLanguage":"es"},{"@type":"Organization","@id":"https:\/\/tododebamboo.com\/mx\/#organization","name":"Todo de Bamboo","url":"https:\/\/tododebamboo.com\/mx\/","logo":{"@type":"ImageObject","inLanguage":"es","@id":"https:\/\/tododebamboo.com\/mx\/#\/schema\/logo\/image\/","url":"https:\/\/tododebamboo.com\/mx\/wp-content\/uploads\/2021\/06\/logo-final.png","contentUrl":"https:\/\/tododebamboo.com\/mx\/wp-content\/uploads\/2021\/06\/logo-final.png","width":3745,"height":2352,"caption":"Todo de Bamboo"},"image":{"@id":"https:\/\/tododebamboo.com\/mx\/#\/schema\/logo\/image\/"}}]}},"_links":{"self":[{"href":"https:\/\/tododebamboo.com\/mx\/wp-json\/wp\/v2\/product\/1167"}],"collection":[{"href":"https:\/\/tododebamboo.com\/mx\/wp-json\/wp\/v2\/product"}],"about":[{"href":"https:\/\/tododebamboo.com\/mx\/wp-json\/wp\/v2\/types\/product"}],"replies":[{"embeddable":true,"href":"https:\/\/tododebamboo.com\/mx\/wp-json\/wp\/v2\/comments?post=1167"}],"wp:featuredmedia":[{"embeddable":true,"href":"https:\/\/tododebamboo.com\/mx\/wp-json\/wp\/v2\/media\/1168"}],"wp:attachment":[{"href":"https:\/\/tododebamboo.com\/mx\/wp-json\/wp\/v2\/media?parent=1167"}],"wp:term":[{"taxonomy":"product_cat","embeddable":true,"href":"https:\/\/tododebamboo.com\/mx\/wp-json\/wp\/v2\/product_cat?post=1167"},{"taxonomy":"product_tag","embeddable":true,"href":"https:\/\/tododebamboo.com\/mx\/wp-json\/wp\/v2\/product_tag?post=1167"}],"curies":[{"name":"wp","href":"https:\/\/api.w.org\/{rel}","templated":true}]}}