{"id":1156,"date":"2024-08-12T19:46:41","date_gmt":"2024-08-13T00:46:41","guid":{"rendered":"https:\/\/tododebamboo.com\/mx\/?post_type=product&#038;p=1156"},"modified":"2025-12-30T10:13:07","modified_gmt":"2025-12-30T15:13:07","slug":"set-de-12-frascos-de-vidrio-para-especias-con-tapa-de-bambu","status":"publish","type":"product","link":"https:\/\/tododebamboo.com\/mx\/producto\/set-de-12-frascos-de-vidrio-para-especias-con-tapa-de-bambu\/","title":{"rendered":"Set De 12 Frascos De Vidrio Para Especias Con Tapa De Bamb\u00fa"},"content":{"rendered":"","protected":false},"excerpt":{"rendered":"<div class=\"ui-pdp-container__row ui-pdp-container__row--highlighted-specs-title\">\n<h2 class=\"ui-vpp-text-alignment--left ui-pdp-color--BLACK ui-pdp-size--XLARGE ui-pdp-family--REGULAR highlighted-specs-title\">Caracter\u00edsticas del producto<\/h2>\n<\/div>\n<div class=\"ui-pdp-container__row ui-pdp-container__row--technical-specifications\">\n<div class=\"ui-pdp-collapsable ui-vpp-highlighted-specs__striped-collapsed__action\">\n<div class=\"ui-pdp-collapsable__container\">\n<div class=\"ui-vpp-highlighted-specs__striped-specs\">\n<div class=\"ui-vpp-striped-specs\">\n<div class=\"ui-vpp-striped-specs__table\">\n<h3 class=\"ui-vpp-striped-specs__header\">Caracter\u00edsticas principales<\/h3>\n<table class=\"andes-table\">\n<tbody class=\"andes-table__body\">\n<tr class=\"andes-table__row ui-vpp-striped-specs__row\">\n<th class=\"andes-table__header andes-table__header--left ui-vpp-striped-specs__row__column ui-vpp-striped-specs__row__column--id\" scope=\"row\">\n<div class=\"andes-table__header__container\">Marca<\/div>\n<\/th>\n<td id=\":Ra9tat6l9im:\" class=\"andes-table__column andes-table__column--left andes-table__column--vertical-align-center ui-vpp-striped-specs__row__column\"><span id=\":Ra9tat6l9im:-value\" class=\"andes-table__column--value\">TUXORY<\/span><\/td>\n<\/tr>\n<tr class=\"andes-table__row ui-vpp-striped-specs__row\">\n<th class=\"andes-table__header andes-table__header--left ui-vpp-striped-specs__row__column ui-vpp-striped-specs__row__column--id\" scope=\"row\">\n<div class=\"andes-table__header__container\">Modelo<\/div>\n<\/th>\n<td id=\":Raatat6l9im:\" class=\"andes-table__column andes-table__column--left andes-table__column--vertical-align-center ui-vpp-striped-specs__row__column\"><span id=\":Raatat6l9im:-value\" class=\"andes-table__column--value\">1<\/span><\/td>\n<\/tr>\n<tr class=\"andes-table__row ui-vpp-striped-specs__row\">\n<th class=\"andes-table__header andes-table__header--left ui-vpp-striped-specs__row__column ui-vpp-striped-specs__row__column--id\" scope=\"row\">\n<div class=\"andes-table__header__container\">Capacidad del porta especiero<\/div>\n<\/th>\n<td id=\":Rabtat6l9im:\" class=\"andes-table__column andes-table__column--left andes-table__column--vertical-align-center ui-vpp-striped-specs__row__column\"><span id=\":Rabtat6l9im:-value\" class=\"andes-table__column--value\">130<\/span><\/td>\n<\/tr>\n<tr class=\"andes-table__row ui-vpp-striped-specs__row\">\n<th class=\"andes-table__header andes-table__header--left ui-vpp-striped-specs__row__column ui-vpp-striped-specs__row__column--id\" scope=\"row\">\n<div class=\"andes-table__header__container\">Cantidad de frascos para especias incluidos<\/div>\n<\/th>\n<td id=\":Ractat6l9im:\" class=\"andes-table__column andes-table__column--left andes-table__column--vertical-align-center ui-vpp-striped-specs__row__column\"><span id=\":Ractat6l9im:-value\" class=\"andes-table__column--value\">12<\/span><\/td>\n<\/tr>\n<\/tbody>\n<\/table>\n<\/div>\n<\/div>\n<div class=\"ui-vpp-striped-specs\">\n<div class=\"ui-vpp-striped-specs__table\">\n<h3 class=\"ui-vpp-striped-specs__header\">Otras caracter\u00edsticas<\/h3>\n<table class=\"andes-table\">\n<tbody class=\"andes-table__body\">\n<tr class=\"andes-table__row ui-vpp-striped-specs__row\">\n<th class=\"andes-table__header andes-table__header--left ui-vpp-striped-specs__row__column ui-vpp-striped-specs__row__column--id\" scope=\"row\">\n<div class=\"andes-table__header__container\">Capacidad de los frascos para especias<\/div>\n<\/th>\n<td id=\":Rkhtit6l9im:\" class=\"andes-table__column andes-table__column--left andes-table__column--vertical-align-center ui-vpp-striped-specs__row__column\"><span id=\":Rkhtit6l9im:-value\" class=\"andes-table__column--value\">130 mL<\/span><\/td>\n<\/tr>\n<tr class=\"andes-table__row ui-vpp-striped-specs__row\">\n<th class=\"andes-table__header andes-table__header--left ui-vpp-striped-specs__row__column ui-vpp-striped-specs__row__column--id\" scope=\"row\">\n<div class=\"andes-table__header__container\">Largo<\/div>\n<\/th>\n<td id=\":Rkitit6l9im:\" class=\"andes-table__column andes-table__column--left andes-table__column--vertical-align-center ui-vpp-striped-specs__row__column\"><span id=\":Rkitit6l9im:-value\" class=\"andes-table__column--value\">4.5 cm<\/span><\/td>\n<\/tr>\n<tr class=\"andes-table__row ui-vpp-striped-specs__row\">\n<th class=\"andes-table__header andes-table__header--left ui-vpp-striped-specs__row__column ui-vpp-striped-specs__row__column--id\" scope=\"row\">\n<div class=\"andes-table__header__container\">Ancho<\/div>\n<\/th>\n<td id=\":Rkjtit6l9im:\" class=\"andes-table__column andes-table__column--left andes-table__column--vertical-align-center ui-vpp-striped-specs__row__column\"><span id=\":Rkjtit6l9im:-value\" class=\"andes-table__column--value\">4.5 cm<\/span><\/td>\n<\/tr>\n<tr class=\"andes-table__row ui-vpp-striped-specs__row\">\n<th class=\"andes-table__header andes-table__header--left ui-vpp-striped-specs__row__column ui-vpp-striped-specs__row__column--id\" scope=\"row\">\n<div class=\"andes-table__header__container\">Altura<\/div>\n<\/th>\n<td id=\":Rkktit6l9im:\" class=\"andes-table__column andes-table__column--left andes-table__column--vertical-align-center ui-vpp-striped-specs__row__column\"><span id=\":Rkktit6l9im:-value\" class=\"andes-table__column--value\">10.5 cm<\/span><\/td>\n<\/tr>\n<tr class=\"andes-table__row ui-vpp-striped-specs__row\">\n<th class=\"andes-table__header andes-table__header--left ui-vpp-striped-specs__row__column ui-vpp-striped-specs__row__column--id\" scope=\"row\">\n<div class=\"andes-table__header__container\">Peso<\/div>\n<\/th>\n<td id=\":Rkltit6l9im:\" class=\"andes-table__column andes-table__column--left andes-table__column--vertical-align-center ui-vpp-striped-specs__row__column\"><span id=\":Rkltit6l9im:-value\" class=\"andes-table__column--value\">130 g<\/span><\/td>\n<\/tr>\n<tr class=\"andes-table__row ui-vpp-striped-specs__row\">\n<th class=\"andes-table__header andes-table__header--left ui-vpp-striped-specs__row__column ui-vpp-striped-specs__row__column--id\" scope=\"row\">\n<div class=\"andes-table__header__container\">Tipo de especiero<\/div>\n<\/th>\n<td id=\":Rkmtit6l9im:\" class=\"andes-table__column andes-table__column--left andes-table__column--vertical-align-center ui-vpp-striped-specs__row__column\"><span id=\":Rkmtit6l9im:-value\" class=\"andes-table__column--value\">Frascos<\/span><\/td>\n<\/tr>\n<tr class=\"andes-table__row ui-vpp-striped-specs__row\">\n<th class=\"andes-table__header andes-table__header--left ui-vpp-striped-specs__row__column ui-vpp-striped-specs__row__column--id\" scope=\"row\">\n<div class=\"andes-table__header__container\">Con frascos para especias<\/div>\n<\/th>\n<td id=\":Rkntit6l9im:\" class=\"andes-table__column andes-table__column--left andes-table__column--vertical-align-center ui-vpp-striped-specs__row__column\"><span id=\":Rkntit6l9im:-value\" class=\"andes-table__column--value\">S\u00ed<\/span><\/td>\n<\/tr>\n<tr class=\"andes-table__row ui-vpp-striped-specs__row\">\n<th class=\"andes-table__header andes-table__header--left ui-vpp-striped-specs__row__column ui-vpp-striped-specs__row__column--id\" scope=\"row\">\n<div class=\"andes-table__header__container\">Es extensible<\/div>\n<\/th>\n<td id=\":Rkotit6l9im:\" class=\"andes-table__column andes-table__column--left andes-table__column--vertical-align-center ui-vpp-striped-specs__row__column\"><span id=\":Rkotit6l9im:-value\" class=\"andes-table__column--value\">No<\/span><\/td>\n<\/tr>\n<tr class=\"andes-table__row ui-vpp-striped-specs__row\">\n<th class=\"andes-table__header andes-table__header--left ui-vpp-striped-specs__row__column ui-vpp-striped-specs__row__column--id\" scope=\"row\">\n<div class=\"andes-table__header__container\">Con soporte para toallas de papel<\/div>\n<\/th>\n<td id=\":Rkptit6l9im:\" class=\"andes-table__column andes-table__column--left andes-table__column--vertical-align-center ui-vpp-striped-specs__row__column\"><span id=\":Rkptit6l9im:-value\" class=\"andes-table__column--value\">No<\/span><\/td>\n<\/tr>\n<\/tbody>\n<\/table>\n<\/div>\n<p>&nbsp;<\/p>\n<p>TUXORY \u201cL\u00ednea Bamb\u00fa\u201d te trae este elegante set de frascos de vidrio para especias con tapa de Bamb\u00fa. Son perfectos para guardar tus especias y mantenerlas frescas por m\u00e1s tiempo. Su tapa herm\u00e9tica hecha de madera de Bamb\u00fa los hace modernos y eco-friendly a la vez y su tapa dosificadora 2 en 1 hace m\u00e1s practico su uso, ya sea utilizando el lado multi-agujero para especias en polvo o el lado Flip-up boca ancha para especias en grano o hierbas. Gracias a su dise\u00f1o en forma cuadrada permite colocarlos en cualquier especiero, caj\u00f3n, alacena o armario, y por ser hechos de vidrio grueso de alta calidad sin plomo, son resistentes y permite ver f\u00e1cilmente si ya es hora de rellenarlos.<\/p>\n<p>\u00a1A parte de darle un toque elegante y sofisticado a tu cocina, ayudan a tenerla m\u00e1s organizada! Incluye un set de 36 etiquetas y un plum\u00f3n de tinta blanca para personalizar tus ingredientes, as\u00ed como un peque\u00f1o embudo plegable de silic\u00f3n para llenarlos. De regalo, te damos un Mini sart\u00e9n con divisiones, genial para cocinar un peque\u00f1o desayuno de un par de huevos estrellados con tiritas de tocino o unos mini hotcakes para los ni\u00f1os.<\/p>\n<p>\u00bfQUE VOY A RECIBIR?<\/p>\n<p>12 x frascos de vidrio<br \/>\n12 x tapaderas de Bamb\u00fa<br \/>\n12 x tapaderas dosificadoras doble uso<br \/>\n1 x plum\u00f3n de tinta blanca<br \/>\n1 x embudo plegable<br \/>\n36 x etiquetas negras<br \/>\n1 x Mini sart\u00e9n con divisiones integradas y su mango.<\/p>\n<p>ATRIBUTOS<\/p>\n<p>&#8211; SET PARA ALMACENAR ESPECIAS: Un set super completo para guardar y organizar tus especias. Incluye 12 frascos de vidrio, 12 tapaderas de bamb\u00fa, 12 tapaderas dosificadoras, 1 embudo plegable, 1 plum\u00f3n, 36 etiquetas negras para personalizar y de regalo, un Mini Sart\u00e9n con divisiones, perfecto para un peque\u00f1o desayuno para 1 o 2 personas.<\/p>\n<p>&#8211; MATERIALES DE ALTA CALIDAD: \u00a1Dise\u00f1ados con tapa de bamb\u00fa, lo que les da un look sofisticado y lo mejor es que es eco-friendly y duradero! Hechos con vidrio grueso libre de plomo y BPA de grado alimenticio, resistente y f\u00e1cil de lavar. \u00a1Ayuda a mantener tus especias frescas por m\u00e1s tiempo!<\/p>\n<p>&#8211; TAPADERAS DOSIFICADORAS: Con tapaderas dosificadoras 2 en 1, lo que los hace super pr\u00e1cticos y f\u00e1cil de usar. Utiliza el lado con multi-agujeros para especias en polvo y el lado Flip-up boca ancha para especias en grano o hierbas.<\/p>\n<p>&#8211; ORGANIZACI\u00d3N Y CAPACIDAD: Organiza todas tus especias\/condimentos y encu\u00e9ntralos f\u00e1cilmente, sin necesidad de caos y desorden. Utiliza su embudo para rellenar f\u00e1cilmente cada frasco con capacidad de hasta 113 gr. y personaliza tus etiquetas con sus respectivos nombres.<\/p>\n<p>&#8211; FACIL DE GUARDAR: Gracias a su tama\u00f1o de 10.5 cm de alto y su dise\u00f1o cuadrado, son f\u00e1ciles de guardar en la mayor\u00eda de cajones, especieros, alacenas o armarios.<\/p>\n<p>&#8211; USOS PRACTICOS: Pueden utilizarse tambi\u00e9n para guardar materiales de manualidades como chaquiras, lentejuelas, etc. Y son perfetos como regalo de cumplea\u00f1os, navidad, mesa de regalos de tu boda o para el chef de la casa.<br \/>\n&#8211; FACIL DE LIMPIAR: Los tarros de vidrio son aptos para lavavajillas y las tapaderas de bamb\u00fa se pueden limpiar f\u00e1cilmente con un trapo h\u00famedo o a mano con agua y jab\u00f3n.<\/p>\n<p>ESPECIFICACIONES DEL PRODUCTO<br \/>\n&#8211; Marca: TUXORY \u201cL\u00ednea Bamb\u00fa\u201d<br \/>\n&#8211; Medidas del frasco: 10.5 cm x 4.5 cm<br \/>\n&#8211; Medidas del sart\u00e9n: 18 cm x 18 cm<br \/>\n&#8211; Medidas del empaque: 24 cm x 19 cm x 16 cm<br \/>\n&#8211; Peso por frasco: 130 gr.<br \/>\n&#8211; Peso con empaque: 2.310 gr.<br \/>\n&#8211; Materiales: Vidrio de grado alimenticio, madera de bamb\u00fa, pl\u00e1stico.<br \/>\n&#8211; Materiales del sart\u00e9n: Aluminio y baquelita<br \/>\n&#8211; Color: Vidrio transparente, tapaderas de bamb\u00fa.<\/p>\n<p>Garant\u00eda del vendedor: 1 meses<\/p>\n<\/div>\n<\/div>\n<\/div>\n<\/div>\n<\/div>\n","protected":false},"featured_media":1157,"comment_status":"open","ping_status":"closed","template":"","meta":[],"product_cat":[58],"product_tag":[60,55,56,59],"class_list":{"0":"post-1156","1":"product","2":"type-product","3":"status-publish","4":"has-post-thumbnail","6":"product_cat-frascos-de-vidrio-con-tapa-de-bambu","7":"product_tag-frascos-de-vidrio-con-tapa-de-bambu","8":"product_tag-productos-de-bambu","9":"product_tag-productos-de-bambu-en-mexico","10":"product_tag-tapas-de-bambu-para-frascos","12":"first","13":"instock","14":"shipping-taxable","15":"product-type-external"},"yoast_head":"<!-- This site is optimized with the Yoast SEO plugin v25.6 - https:\/\/yoast.com\/wordpress\/plugins\/seo\/ -->\n<title>Set De 12 Frascos De Vidrio Para Especias Con Tapa De Bamb\u00fa - Todo de Bamboo<\/title>\n<meta name=\"description\" content=\"Mant\u00e9n tus especias frescas y organizadas con nuestros frascos de vidrio con tapa de bamb\u00fa, combinando estilo y funcionalidad en tu cocina.\" \/>\n<meta name=\"robots\" content=\"index, follow, max-snippet:-1, max-image-preview:large, max-video-preview:-1\" \/>\n<link rel=\"canonical\" href=\"https:\/\/tododebamboo.com\/mx\/producto\/set-de-12-frascos-de-vidrio-para-especias-con-tapa-de-bambu\/\" \/>\n<meta property=\"og:locale\" content=\"es_ES\" \/>\n<meta property=\"og:type\" content=\"article\" \/>\n<meta property=\"og:title\" content=\"Set De 12 Frascos De Vidrio Para Especias Con Tapa De Bamb\u00fa - Todo de Bamboo\" \/>\n<meta property=\"og:description\" content=\"Mant\u00e9n tus especias frescas y organizadas con nuestros frascos de vidrio con tapa de bamb\u00fa, combinando estilo y funcionalidad en tu cocina.\" \/>\n<meta property=\"og:url\" content=\"https:\/\/tododebamboo.com\/mx\/producto\/set-de-12-frascos-de-vidrio-para-especias-con-tapa-de-bambu\/\" \/>\n<meta property=\"og:site_name\" content=\"Todo de Bamboo\" \/>\n<meta property=\"article:modified_time\" content=\"2025-12-30T15:13:07+00:00\" \/>\n<meta property=\"og:image\" content=\"https:\/\/tododebamboo.com\/mx\/wp-content\/uploads\/2024\/08\/Captura-de-pantalla-2024-08-12-a-las-18.41.54.png\" \/>\n\t<meta property=\"og:image:width\" content=\"954\" \/>\n\t<meta property=\"og:image:height\" content=\"958\" \/>\n\t<meta property=\"og:image:type\" content=\"image\/png\" \/>\n<meta name=\"twitter:card\" content=\"summary_large_image\" \/>\n<meta name=\"twitter:label1\" content=\"Tiempo de lectura\" \/>\n\t<meta name=\"twitter:data1\" content=\"1 minuto\" \/>\n<script type=\"application\/ld+json\" class=\"yoast-schema-graph\">{\"@context\":\"https:\/\/schema.org\",\"@graph\":[{\"@type\":\"WebPage\",\"@id\":\"https:\/\/tododebamboo.com\/mx\/producto\/set-de-12-frascos-de-vidrio-para-especias-con-tapa-de-bambu\/\",\"url\":\"https:\/\/tododebamboo.com\/mx\/producto\/set-de-12-frascos-de-vidrio-para-especias-con-tapa-de-bambu\/\",\"name\":\"Set De 12 Frascos De Vidrio Para Especias Con Tapa De Bamb\u00fa - Todo de Bamboo\",\"isPartOf\":{\"@id\":\"https:\/\/tododebamboo.com\/mx\/#website\"},\"primaryImageOfPage\":{\"@id\":\"https:\/\/tododebamboo.com\/mx\/producto\/set-de-12-frascos-de-vidrio-para-especias-con-tapa-de-bambu\/#primaryimage\"},\"image\":{\"@id\":\"https:\/\/tododebamboo.com\/mx\/producto\/set-de-12-frascos-de-vidrio-para-especias-con-tapa-de-bambu\/#primaryimage\"},\"thumbnailUrl\":\"https:\/\/tododebamboo.com\/mx\/wp-content\/uploads\/2024\/08\/Captura-de-pantalla-2024-08-12-a-las-18.41.54.png\",\"datePublished\":\"2024-08-13T00:46:41+00:00\",\"dateModified\":\"2025-12-30T15:13:07+00:00\",\"description\":\"Mant\u00e9n tus especias frescas y organizadas con nuestros frascos de vidrio con tapa de bamb\u00fa, combinando estilo y funcionalidad en tu cocina.\",\"breadcrumb\":{\"@id\":\"https:\/\/tododebamboo.com\/mx\/producto\/set-de-12-frascos-de-vidrio-para-especias-con-tapa-de-bambu\/#breadcrumb\"},\"inLanguage\":\"es\",\"potentialAction\":[{\"@type\":\"ReadAction\",\"target\":[\"https:\/\/tododebamboo.com\/mx\/producto\/set-de-12-frascos-de-vidrio-para-especias-con-tapa-de-bambu\/\"]}]},{\"@type\":\"ImageObject\",\"inLanguage\":\"es\",\"@id\":\"https:\/\/tododebamboo.com\/mx\/producto\/set-de-12-frascos-de-vidrio-para-especias-con-tapa-de-bambu\/#primaryimage\",\"url\":\"https:\/\/tododebamboo.com\/mx\/wp-content\/uploads\/2024\/08\/Captura-de-pantalla-2024-08-12-a-las-18.41.54.png\",\"contentUrl\":\"https:\/\/tododebamboo.com\/mx\/wp-content\/uploads\/2024\/08\/Captura-de-pantalla-2024-08-12-a-las-18.41.54.png\",\"width\":954,\"height\":958,\"caption\":\"frascos de vidrio con tapa de bamb\u00fa\"},{\"@type\":\"BreadcrumbList\",\"@id\":\"https:\/\/tododebamboo.com\/mx\/producto\/set-de-12-frascos-de-vidrio-para-especias-con-tapa-de-bambu\/#breadcrumb\",\"itemListElement\":[{\"@type\":\"ListItem\",\"position\":1,\"name\":\"Portada\",\"item\":\"https:\/\/tododebamboo.com\/mx\/\"},{\"@type\":\"ListItem\",\"position\":2,\"name\":\"Tienda\",\"item\":\"https:\/\/tododebamboo.com\/mx\/tienda\/\"},{\"@type\":\"ListItem\",\"position\":3,\"name\":\"Set De 12 Frascos De Vidrio Para Especias Con Tapa De Bamb\u00fa\"}]},{\"@type\":\"WebSite\",\"@id\":\"https:\/\/tododebamboo.com\/mx\/#website\",\"url\":\"https:\/\/tododebamboo.com\/mx\/\",\"name\":\"Todo de Bamboo\",\"description\":\"Tienda de Art\u00edculos de Bamboo\",\"publisher\":{\"@id\":\"https:\/\/tododebamboo.com\/mx\/#organization\"},\"potentialAction\":[{\"@type\":\"SearchAction\",\"target\":{\"@type\":\"EntryPoint\",\"urlTemplate\":\"https:\/\/tododebamboo.com\/mx\/?s={search_term_string}\"},\"query-input\":{\"@type\":\"PropertyValueSpecification\",\"valueRequired\":true,\"valueName\":\"search_term_string\"}}],\"inLanguage\":\"es\"},{\"@type\":\"Organization\",\"@id\":\"https:\/\/tododebamboo.com\/mx\/#organization\",\"name\":\"Todo de Bamboo\",\"url\":\"https:\/\/tododebamboo.com\/mx\/\",\"logo\":{\"@type\":\"ImageObject\",\"inLanguage\":\"es\",\"@id\":\"https:\/\/tododebamboo.com\/mx\/#\/schema\/logo\/image\/\",\"url\":\"https:\/\/tododebamboo.com\/mx\/wp-content\/uploads\/2021\/06\/logo-final.png\",\"contentUrl\":\"https:\/\/tododebamboo.com\/mx\/wp-content\/uploads\/2021\/06\/logo-final.png\",\"width\":3745,\"height\":2352,\"caption\":\"Todo de Bamboo\"},\"image\":{\"@id\":\"https:\/\/tododebamboo.com\/mx\/#\/schema\/logo\/image\/\"}}]}<\/script>\n<!-- \/ Yoast SEO plugin. -->","yoast_head_json":{"title":"Set De 12 Frascos De Vidrio Para Especias Con Tapa De Bamb\u00fa - Todo de Bamboo","description":"Mant\u00e9n tus especias frescas y organizadas con nuestros frascos de vidrio con tapa de bamb\u00fa, combinando estilo y funcionalidad en tu cocina.","robots":{"index":"index","follow":"follow","max-snippet":"max-snippet:-1","max-image-preview":"max-image-preview:large","max-video-preview":"max-video-preview:-1"},"canonical":"https:\/\/tododebamboo.com\/mx\/producto\/set-de-12-frascos-de-vidrio-para-especias-con-tapa-de-bambu\/","og_locale":"es_ES","og_type":"article","og_title":"Set De 12 Frascos De Vidrio Para Especias Con Tapa De Bamb\u00fa - Todo de Bamboo","og_description":"Mant\u00e9n tus especias frescas y organizadas con nuestros frascos de vidrio con tapa de bamb\u00fa, combinando estilo y funcionalidad en tu cocina.","og_url":"https:\/\/tododebamboo.com\/mx\/producto\/set-de-12-frascos-de-vidrio-para-especias-con-tapa-de-bambu\/","og_site_name":"Todo de Bamboo","article_modified_time":"2025-12-30T15:13:07+00:00","og_image":[{"width":954,"height":958,"url":"https:\/\/tododebamboo.com\/mx\/wp-content\/uploads\/2024\/08\/Captura-de-pantalla-2024-08-12-a-las-18.41.54.png","type":"image\/png"}],"twitter_card":"summary_large_image","twitter_misc":{"Tiempo de lectura":"1 minuto"},"schema":{"@context":"https:\/\/schema.org","@graph":[{"@type":"WebPage","@id":"https:\/\/tododebamboo.com\/mx\/producto\/set-de-12-frascos-de-vidrio-para-especias-con-tapa-de-bambu\/","url":"https:\/\/tododebamboo.com\/mx\/producto\/set-de-12-frascos-de-vidrio-para-especias-con-tapa-de-bambu\/","name":"Set De 12 Frascos De Vidrio Para Especias Con Tapa De Bamb\u00fa - Todo de Bamboo","isPartOf":{"@id":"https:\/\/tododebamboo.com\/mx\/#website"},"primaryImageOfPage":{"@id":"https:\/\/tododebamboo.com\/mx\/producto\/set-de-12-frascos-de-vidrio-para-especias-con-tapa-de-bambu\/#primaryimage"},"image":{"@id":"https:\/\/tododebamboo.com\/mx\/producto\/set-de-12-frascos-de-vidrio-para-especias-con-tapa-de-bambu\/#primaryimage"},"thumbnailUrl":"https:\/\/tododebamboo.com\/mx\/wp-content\/uploads\/2024\/08\/Captura-de-pantalla-2024-08-12-a-las-18.41.54.png","datePublished":"2024-08-13T00:46:41+00:00","dateModified":"2025-12-30T15:13:07+00:00","description":"Mant\u00e9n tus especias frescas y organizadas con nuestros frascos de vidrio con tapa de bamb\u00fa, combinando estilo y funcionalidad en tu cocina.","breadcrumb":{"@id":"https:\/\/tododebamboo.com\/mx\/producto\/set-de-12-frascos-de-vidrio-para-especias-con-tapa-de-bambu\/#breadcrumb"},"inLanguage":"es","potentialAction":[{"@type":"ReadAction","target":["https:\/\/tododebamboo.com\/mx\/producto\/set-de-12-frascos-de-vidrio-para-especias-con-tapa-de-bambu\/"]}]},{"@type":"ImageObject","inLanguage":"es","@id":"https:\/\/tododebamboo.com\/mx\/producto\/set-de-12-frascos-de-vidrio-para-especias-con-tapa-de-bambu\/#primaryimage","url":"https:\/\/tododebamboo.com\/mx\/wp-content\/uploads\/2024\/08\/Captura-de-pantalla-2024-08-12-a-las-18.41.54.png","contentUrl":"https:\/\/tododebamboo.com\/mx\/wp-content\/uploads\/2024\/08\/Captura-de-pantalla-2024-08-12-a-las-18.41.54.png","width":954,"height":958,"caption":"frascos de vidrio con tapa de bamb\u00fa"},{"@type":"BreadcrumbList","@id":"https:\/\/tododebamboo.com\/mx\/producto\/set-de-12-frascos-de-vidrio-para-especias-con-tapa-de-bambu\/#breadcrumb","itemListElement":[{"@type":"ListItem","position":1,"name":"Portada","item":"https:\/\/tododebamboo.com\/mx\/"},{"@type":"ListItem","position":2,"name":"Tienda","item":"https:\/\/tododebamboo.com\/mx\/tienda\/"},{"@type":"ListItem","position":3,"name":"Set De 12 Frascos De Vidrio Para Especias Con Tapa De Bamb\u00fa"}]},{"@type":"WebSite","@id":"https:\/\/tododebamboo.com\/mx\/#website","url":"https:\/\/tododebamboo.com\/mx\/","name":"Todo de Bamboo","description":"Tienda de Art\u00edculos de Bamboo","publisher":{"@id":"https:\/\/tododebamboo.com\/mx\/#organization"},"potentialAction":[{"@type":"SearchAction","target":{"@type":"EntryPoint","urlTemplate":"https:\/\/tododebamboo.com\/mx\/?s={search_term_string}"},"query-input":{"@type":"PropertyValueSpecification","valueRequired":true,"valueName":"search_term_string"}}],"inLanguage":"es"},{"@type":"Organization","@id":"https:\/\/tododebamboo.com\/mx\/#organization","name":"Todo de Bamboo","url":"https:\/\/tododebamboo.com\/mx\/","logo":{"@type":"ImageObject","inLanguage":"es","@id":"https:\/\/tododebamboo.com\/mx\/#\/schema\/logo\/image\/","url":"https:\/\/tododebamboo.com\/mx\/wp-content\/uploads\/2021\/06\/logo-final.png","contentUrl":"https:\/\/tododebamboo.com\/mx\/wp-content\/uploads\/2021\/06\/logo-final.png","width":3745,"height":2352,"caption":"Todo de Bamboo"},"image":{"@id":"https:\/\/tododebamboo.com\/mx\/#\/schema\/logo\/image\/"}}]}},"_links":{"self":[{"href":"https:\/\/tododebamboo.com\/mx\/wp-json\/wp\/v2\/product\/1156"}],"collection":[{"href":"https:\/\/tododebamboo.com\/mx\/wp-json\/wp\/v2\/product"}],"about":[{"href":"https:\/\/tododebamboo.com\/mx\/wp-json\/wp\/v2\/types\/product"}],"replies":[{"embeddable":true,"href":"https:\/\/tododebamboo.com\/mx\/wp-json\/wp\/v2\/comments?post=1156"}],"wp:featuredmedia":[{"embeddable":true,"href":"https:\/\/tododebamboo.com\/mx\/wp-json\/wp\/v2\/media\/1157"}],"wp:attachment":[{"href":"https:\/\/tododebamboo.com\/mx\/wp-json\/wp\/v2\/media?parent=1156"}],"wp:term":[{"taxonomy":"product_cat","embeddable":true,"href":"https:\/\/tododebamboo.com\/mx\/wp-json\/wp\/v2\/product_cat?post=1156"},{"taxonomy":"product_tag","embeddable":true,"href":"https:\/\/tododebamboo.com\/mx\/wp-json\/wp\/v2\/product_tag?post=1156"}],"curies":[{"name":"wp","href":"https:\/\/api.w.org\/{rel}","templated":true}]}}